{"id":9306,"date":"2016-08-27T19:58:26","date_gmt":"2016-08-27T16:58:26","guid":{"rendered":"https:\/\/saumaustarvike.fi\/verkkokauppa\/kauppa\/tyokalut\/panasonic-saumauspistooli-ey-3641-k-runko\/"},"modified":"2024-09-02T11:52:27","modified_gmt":"2024-09-02T08:52:27","slug":"panasonic-saumauspistooli-ey-3641-k-runko","status":"publish","type":"product","link":"https:\/\/saumaustarvike.fi\/verkkokauppa\/kauppa\/tuotemerkit\/panasonic-tuotemerkit\/panasonic-saumauspistoolit\/panasonic-saumauspistooli-ey-3641-k-runko\/","title":{"rendered":"Panasonic saumauspistooli EY3641K Runko"},"content":{"rendered":"<h1 style=\"text-align: left\">Panasonic EY3641K Runko<\/h1>\n<p>Soveltuu koville patruunoille ja max 600ml kalvopakkauksille.<\/p>\n<p>Markkinoiden jykevin ja kest\u00e4vin saumauspistooli 4410N (450 kgf). Yhdell\u00e4 latauksella 300-320 kpl silikoni\/akryyli patruunoita (320\/330ml) ja noin 150\u00a0kpl polyuretaani patruunoita (320ml).<\/p>\n<p>Suunniteltu erityisesti pitk\u00e4\u00e4 akkukestoa vaativiin ja suuria ainem\u00e4\u00e4ri\u00e4 k\u00e4sitt\u00e4viin saumaust\u00f6ihin. Massansy\u00f6tt\u00f6 on tehokasta ja nopeaa my\u00f6s tavallista j\u00e4ykemmill\u00e4 materiaaleilla. Alumiininen sy\u00f6tt\u00f6putki k\u00e4\u00e4ntyy 360 astetta tehden ty\u00f6skentelyst\u00e4 miellytt\u00e4v\u00e4\u00e4 ja tehokasta.<\/p>\n<table border=\"0\" width=\"522\" cellspacing=\"0\" cellpadding=\"0\">\n<tbody>\n<tr>\n<td height=\"17\">Akun tyyppi<\/td>\n<td>Li-ion<\/td>\n<\/tr>\n<tr>\n<td height=\"17\">Voltit<\/td>\n<td>14,4<\/td>\n<\/tr>\n<tr>\n<td height=\"17\">Akun\u00a0Ah IEC:n mukaan<\/td>\n<td>4,2<\/td>\n<\/tr>\n<tr>\n<td height=\"17\">Latausaika k\u00e4ytett\u00e4viss\u00e4 \/ t\u00e4ysi<\/td>\n<td>50 \/ 60 min<\/td>\n<\/tr>\n<tr>\n<td height=\"17\">Paino, kg<\/td>\n<td>2,8<\/td>\n<\/tr>\n<tr>\n<td height=\"17\">Pursotusvoima<\/td>\n<td>4410N (450kgf,990lbs)<\/td>\n<\/tr>\n<tr>\n<td height=\"17\">Pursotusnopeuksia<\/td>\n<td>5<\/td>\n<\/tr>\n<tr>\n<td height=\"17\">T\u00e4rin\u00e4arvo m\/s<\/td>\n<td>2,5<\/td>\n<\/tr>\n<tr>\n<td height=\"17\">\u00c4\u00e4nenpaineen taso\u00a0dB (lPa)<\/td>\n<td>64,6<\/td>\n<\/tr>\n<tr>\n<td height=\"17\">\u00c4\u00e4nitehon taso dB (LWA)<\/td>\n<td>75,6<\/td>\n<\/tr>\n<tr>\n<td height=\"17\">IP-luokitus P\u00f6ly \/ Kosteus<\/td>\n<td>Ei<\/td>\n<\/tr>\n<tr>\n<td height=\"17\">Ylikuumenemissuoja<\/td>\n<td>Ei<\/td>\n<\/tr>\n<tr>\n<td height=\"17\">Mitat mm<\/td>\n<td>560x245x140<\/td>\n<\/tr>\n<tr>\n<td height=\"17\">Muuta<\/td>\n<td><\/td>\n<\/tr>\n<tr>\n<td height=\"17\"><\/td>\n<td><\/td>\n<\/tr>\n<tr>\n<td height=\"17\">Vakiovaruste<\/td>\n<td><\/td>\n<\/tr>\n<tr>\n<td height=\"17\">Laukku<\/td>\n<td><\/td>\n<\/tr>\n<tr>\n<td height=\"17\">Akku<\/td>\n<td><\/td>\n<\/tr>\n<tr>\n<td height=\"17\">Laturi<\/td>\n<td><\/td>\n<\/tr>\n<tr>\n<td height=\"17\">Muuta<\/td>\n<td><\/td>\n<\/tr>\n<tr>\n<td height=\"17\">Runko<\/td>\n<td>EY3641K<\/td>\n<\/tr>\n<tr>\n<td height=\"17\"><\/td>\n<td><\/td>\n<\/tr>\n<\/tbody>\n<\/table>\n","protected":false},"excerpt":{"rendered":"<p>Panasonic EY3641K saumauspistooli\u00a0(sis. runko). Soveltuu koville patruunoille ja max 600ml kalvopakkauksille.<\/p>\n","protected":false},"featured_media":9307,"comment_status":"open","ping_status":"closed","template":"","meta":{"_acf_changed":false},"product_cat":[1563,2195],"product_tag":[442,177,174,175,172,176,439],"class_list":{"0":"post-9306","1":"product","2":"type-product","3":"status-publish","4":"has-post-thumbnail","6":"product_brand-panasonic","7":"product_cat-massapuristimet","8":"product_cat-panasonic-saumauspistoolit","9":"product_tag-600ml","10":"product_tag-akkukayttoinen","11":"product_tag-akkupistooli","12":"product_tag-massapuristin","13":"product_tag-panasonic-2","14":"product_tag-patruunapuristin","15":"product_tag-sukkapuristin","17":"first","18":"instock","19":"taxable","20":"shipping-taxable","21":"purchasable","22":"product-type-simple"},"acf":[],"yoast_head":"<!-- This site is optimized with the Yoast SEO plugin v27.3 - https:\/\/yoast.com\/product\/yoast-seo-wordpress\/ -->\n<title>Panasonic saumauspistooli EY3641K Runko - Saumaustarvike.fi<\/title>\n<meta name=\"description\" content=\"14,4v saumauspistooli, joka on varustettu huippukapasiteetin 4,2Ah akulla. Soveltuu koville patruunoille ja max 600ml kalvopakkauksille.\" \/>\n<meta name=\"robots\" content=\"index, follow, max-snippet:-1, max-image-preview:large, max-video-preview:-1\" \/>\n<link rel=\"canonical\" href=\"https:\/\/saumaustarvike.fi\/verkkokauppa\/kauppa\/tuotemerkit\/panasonic-tuotemerkit\/panasonic-saumauspistoolit\/panasonic-saumauspistooli-ey-3641-k-runko\/\" \/>\n<meta property=\"og:locale\" content=\"fi_FI\" \/>\n<meta property=\"og:type\" content=\"article\" \/>\n<meta property=\"og:title\" content=\"Panasonic saumauspistooli EY3641K Runko - Saumaustarvike.fi\" \/>\n<meta property=\"og:description\" content=\"14,4v saumauspistooli, joka on varustettu huippukapasiteetin 4,2Ah akulla. Soveltuu koville patruunoille ja max 600ml kalvopakkauksille.\" \/>\n<meta property=\"og:url\" content=\"https:\/\/saumaustarvike.fi\/verkkokauppa\/kauppa\/tuotemerkit\/panasonic-tuotemerkit\/panasonic-saumauspistoolit\/panasonic-saumauspistooli-ey-3641-k-runko\/\" \/>\n<meta property=\"og:site_name\" content=\"Saumaustarvike.fi\" \/>\n<meta property=\"article:publisher\" content=\"https:\/\/www.facebook.com\/Saumalaakso\" \/>\n<meta property=\"article:modified_time\" content=\"2024-09-02T08:52:27+00:00\" \/>\n<meta property=\"og:image\" content=\"https:\/\/saumaustarvike.fi\/verkkokauppa\/content\/uploads\/2016\/08\/Panasonic-Saumauspistooli-EY3641-K-Runko.jpg\" \/>\n\t<meta property=\"og:image:width\" content=\"768\" \/>\n\t<meta property=\"og:image:height\" content=\"768\" \/>\n\t<meta property=\"og:image:type\" content=\"image\/jpeg\" \/>\n<meta name=\"twitter:label1\" content=\"Arvioitu lukuaika\" \/>\n\t<meta name=\"twitter:data1\" content=\"1 minuutti\" \/>\n<script type=\"application\/ld+json\" class=\"yoast-schema-graph\">{\"@context\":\"https:\\\/\\\/schema.org\",\"@graph\":[{\"@type\":\"WebPage\",\"@id\":\"https:\\\/\\\/saumaustarvike.fi\\\/verkkokauppa\\\/kauppa\\\/tuotemerkit\\\/panasonic-tuotemerkit\\\/panasonic-saumauspistoolit\\\/panasonic-saumauspistooli-ey-3641-k-runko\\\/\",\"url\":\"https:\\\/\\\/saumaustarvike.fi\\\/verkkokauppa\\\/kauppa\\\/tuotemerkit\\\/panasonic-tuotemerkit\\\/panasonic-saumauspistoolit\\\/panasonic-saumauspistooli-ey-3641-k-runko\\\/\",\"name\":\"Panasonic saumauspistooli EY3641K Runko - Saumaustarvike.fi\",\"isPartOf\":{\"@id\":\"https:\\\/\\\/saumaustarvike.fi\\\/verkkokauppa\\\/#website\"},\"primaryImageOfPage\":{\"@id\":\"https:\\\/\\\/saumaustarvike.fi\\\/verkkokauppa\\\/kauppa\\\/tuotemerkit\\\/panasonic-tuotemerkit\\\/panasonic-saumauspistoolit\\\/panasonic-saumauspistooli-ey-3641-k-runko\\\/#primaryimage\"},\"image\":{\"@id\":\"https:\\\/\\\/saumaustarvike.fi\\\/verkkokauppa\\\/kauppa\\\/tuotemerkit\\\/panasonic-tuotemerkit\\\/panasonic-saumauspistoolit\\\/panasonic-saumauspistooli-ey-3641-k-runko\\\/#primaryimage\"},\"thumbnailUrl\":\"https:\\\/\\\/saumaustarvike.fi\\\/verkkokauppa\\\/wp-content\\\/uploads\\\/2016\\\/08\\\/Panasonic-Saumauspistooli-EY3641-K-Runko.jpg\",\"datePublished\":\"2016-08-27T16:58:26+00:00\",\"dateModified\":\"2024-09-02T08:52:27+00:00\",\"description\":\"14,4v saumauspistooli, joka on varustettu huippukapasiteetin 4,2Ah akulla. Soveltuu koville patruunoille ja max 600ml kalvopakkauksille.\",\"breadcrumb\":{\"@id\":\"https:\\\/\\\/saumaustarvike.fi\\\/verkkokauppa\\\/kauppa\\\/tuotemerkit\\\/panasonic-tuotemerkit\\\/panasonic-saumauspistoolit\\\/panasonic-saumauspistooli-ey-3641-k-runko\\\/#breadcrumb\"},\"inLanguage\":\"fi\",\"potentialAction\":[{\"@type\":\"ReadAction\",\"target\":[\"https:\\\/\\\/saumaustarvike.fi\\\/verkkokauppa\\\/kauppa\\\/tuotemerkit\\\/panasonic-tuotemerkit\\\/panasonic-saumauspistoolit\\\/panasonic-saumauspistooli-ey-3641-k-runko\\\/\"]}]},{\"@type\":\"ImageObject\",\"inLanguage\":\"fi\",\"@id\":\"https:\\\/\\\/saumaustarvike.fi\\\/verkkokauppa\\\/kauppa\\\/tuotemerkit\\\/panasonic-tuotemerkit\\\/panasonic-saumauspistoolit\\\/panasonic-saumauspistooli-ey-3641-k-runko\\\/#primaryimage\",\"url\":\"https:\\\/\\\/saumaustarvike.fi\\\/verkkokauppa\\\/wp-content\\\/uploads\\\/2016\\\/08\\\/Panasonic-Saumauspistooli-EY3641-K-Runko.jpg\",\"contentUrl\":\"https:\\\/\\\/saumaustarvike.fi\\\/verkkokauppa\\\/wp-content\\\/uploads\\\/2016\\\/08\\\/Panasonic-Saumauspistooli-EY3641-K-Runko.jpg\",\"width\":768,\"height\":768},{\"@type\":\"BreadcrumbList\",\"@id\":\"https:\\\/\\\/saumaustarvike.fi\\\/verkkokauppa\\\/kauppa\\\/tuotemerkit\\\/panasonic-tuotemerkit\\\/panasonic-saumauspistoolit\\\/panasonic-saumauspistooli-ey-3641-k-runko\\\/#breadcrumb\",\"itemListElement\":[{\"@type\":\"ListItem\",\"position\":1,\"name\":\"Home\",\"item\":\"https:\\\/\\\/saumaustarvike.fi\\\/verkkokauppa\\\/\"},{\"@type\":\"ListItem\",\"position\":2,\"name\":\"Saumausmassat, tarvikkeet ja ty\u00f6kalut\",\"item\":\"https:\\\/\\\/saumaustarvike.fi\\\/verkkokauppa\\\/kauppa\\\/\"},{\"@type\":\"ListItem\",\"position\":3,\"name\":\"Panasonic saumauspistooli EY3641K Runko\"}]},{\"@type\":\"WebSite\",\"@id\":\"https:\\\/\\\/saumaustarvike.fi\\\/verkkokauppa\\\/#website\",\"url\":\"https:\\\/\\\/saumaustarvike.fi\\\/verkkokauppa\\\/\",\"name\":\"Saumaustarvike.fi\",\"description\":\"Saumausmassat, tarvikkeet ja ty&ouml;kalut\",\"publisher\":{\"@id\":\"https:\\\/\\\/saumaustarvike.fi\\\/verkkokauppa\\\/#organization\"},\"potentialAction\":[{\"@type\":\"SearchAction\",\"target\":{\"@type\":\"EntryPoint\",\"urlTemplate\":\"https:\\\/\\\/saumaustarvike.fi\\\/verkkokauppa\\\/?s={search_term_string}\"},\"query-input\":{\"@type\":\"PropertyValueSpecification\",\"valueRequired\":true,\"valueName\":\"search_term_string\"}}],\"inLanguage\":\"fi\"},{\"@type\":\"Organization\",\"@id\":\"https:\\\/\\\/saumaustarvike.fi\\\/verkkokauppa\\\/#organization\",\"name\":\"Saumaustarvike.fi\",\"url\":\"https:\\\/\\\/saumaustarvike.fi\\\/verkkokauppa\\\/\",\"logo\":{\"@type\":\"ImageObject\",\"inLanguage\":\"fi\",\"@id\":\"https:\\\/\\\/saumaustarvike.fi\\\/verkkokauppa\\\/#\\\/schema\\\/logo\\\/image\\\/\",\"url\":\"https:\\\/\\\/saumaustarvike.fi\\\/verkkokauppa\\\/wp-content\\\/uploads\\\/2019\\\/02\\\/logo.png\",\"contentUrl\":\"https:\\\/\\\/saumaustarvike.fi\\\/verkkokauppa\\\/wp-content\\\/uploads\\\/2019\\\/02\\\/logo.png\",\"width\":806,\"height\":150,\"caption\":\"Saumaustarvike.fi\"},\"image\":{\"@id\":\"https:\\\/\\\/saumaustarvike.fi\\\/verkkokauppa\\\/#\\\/schema\\\/logo\\\/image\\\/\"},\"sameAs\":[\"https:\\\/\\\/www.facebook.com\\\/Saumalaakso\"]}]}<\/script>\n<!-- \/ Yoast SEO plugin. -->","yoast_head_json":{"title":"Panasonic saumauspistooli EY3641K Runko - Saumaustarvike.fi","description":"14,4v saumauspistooli, joka on varustettu huippukapasiteetin 4,2Ah akulla. Soveltuu koville patruunoille ja max 600ml kalvopakkauksille.","robots":{"index":"index","follow":"follow","max-snippet":"max-snippet:-1","max-image-preview":"max-image-preview:large","max-video-preview":"max-video-preview:-1"},"canonical":"https:\/\/saumaustarvike.fi\/verkkokauppa\/kauppa\/tuotemerkit\/panasonic-tuotemerkit\/panasonic-saumauspistoolit\/panasonic-saumauspistooli-ey-3641-k-runko\/","og_locale":"fi_FI","og_type":"article","og_title":"Panasonic saumauspistooli EY3641K Runko - Saumaustarvike.fi","og_description":"14,4v saumauspistooli, joka on varustettu huippukapasiteetin 4,2Ah akulla. Soveltuu koville patruunoille ja max 600ml kalvopakkauksille.","og_url":"https:\/\/saumaustarvike.fi\/verkkokauppa\/kauppa\/tuotemerkit\/panasonic-tuotemerkit\/panasonic-saumauspistoolit\/panasonic-saumauspistooli-ey-3641-k-runko\/","og_site_name":"Saumaustarvike.fi","article_publisher":"https:\/\/www.facebook.com\/Saumalaakso","article_modified_time":"2024-09-02T08:52:27+00:00","og_image":[{"width":768,"height":768,"url":"https:\/\/saumaustarvike.fi\/verkkokauppa\/content\/uploads\/2016\/08\/Panasonic-Saumauspistooli-EY3641-K-Runko.jpg","type":"image\/jpeg"}],"twitter_misc":{"Arvioitu lukuaika":"1 minuutti"},"schema":{"@context":"https:\/\/schema.org","@graph":[{"@type":"WebPage","@id":"https:\/\/saumaustarvike.fi\/verkkokauppa\/kauppa\/tuotemerkit\/panasonic-tuotemerkit\/panasonic-saumauspistoolit\/panasonic-saumauspistooli-ey-3641-k-runko\/","url":"https:\/\/saumaustarvike.fi\/verkkokauppa\/kauppa\/tuotemerkit\/panasonic-tuotemerkit\/panasonic-saumauspistoolit\/panasonic-saumauspistooli-ey-3641-k-runko\/","name":"Panasonic saumauspistooli EY3641K Runko - Saumaustarvike.fi","isPartOf":{"@id":"https:\/\/saumaustarvike.fi\/verkkokauppa\/#website"},"primaryImageOfPage":{"@id":"https:\/\/saumaustarvike.fi\/verkkokauppa\/kauppa\/tuotemerkit\/panasonic-tuotemerkit\/panasonic-saumauspistoolit\/panasonic-saumauspistooli-ey-3641-k-runko\/#primaryimage"},"image":{"@id":"https:\/\/saumaustarvike.fi\/verkkokauppa\/kauppa\/tuotemerkit\/panasonic-tuotemerkit\/panasonic-saumauspistoolit\/panasonic-saumauspistooli-ey-3641-k-runko\/#primaryimage"},"thumbnailUrl":"https:\/\/saumaustarvike.fi\/verkkokauppa\/wp-content\/uploads\/2016\/08\/Panasonic-Saumauspistooli-EY3641-K-Runko.jpg","datePublished":"2016-08-27T16:58:26+00:00","dateModified":"2024-09-02T08:52:27+00:00","description":"14,4v saumauspistooli, joka on varustettu huippukapasiteetin 4,2Ah akulla. Soveltuu koville patruunoille ja max 600ml kalvopakkauksille.","breadcrumb":{"@id":"https:\/\/saumaustarvike.fi\/verkkokauppa\/kauppa\/tuotemerkit\/panasonic-tuotemerkit\/panasonic-saumauspistoolit\/panasonic-saumauspistooli-ey-3641-k-runko\/#breadcrumb"},"inLanguage":"fi","potentialAction":[{"@type":"ReadAction","target":["https:\/\/saumaustarvike.fi\/verkkokauppa\/kauppa\/tuotemerkit\/panasonic-tuotemerkit\/panasonic-saumauspistoolit\/panasonic-saumauspistooli-ey-3641-k-runko\/"]}]},{"@type":"ImageObject","inLanguage":"fi","@id":"https:\/\/saumaustarvike.fi\/verkkokauppa\/kauppa\/tuotemerkit\/panasonic-tuotemerkit\/panasonic-saumauspistoolit\/panasonic-saumauspistooli-ey-3641-k-runko\/#primaryimage","url":"https:\/\/saumaustarvike.fi\/verkkokauppa\/wp-content\/uploads\/2016\/08\/Panasonic-Saumauspistooli-EY3641-K-Runko.jpg","contentUrl":"https:\/\/saumaustarvike.fi\/verkkokauppa\/wp-content\/uploads\/2016\/08\/Panasonic-Saumauspistooli-EY3641-K-Runko.jpg","width":768,"height":768},{"@type":"BreadcrumbList","@id":"https:\/\/saumaustarvike.fi\/verkkokauppa\/kauppa\/tuotemerkit\/panasonic-tuotemerkit\/panasonic-saumauspistoolit\/panasonic-saumauspistooli-ey-3641-k-runko\/#breadcrumb","itemListElement":[{"@type":"ListItem","position":1,"name":"Home","item":"https:\/\/saumaustarvike.fi\/verkkokauppa\/"},{"@type":"ListItem","position":2,"name":"Saumausmassat, tarvikkeet ja ty\u00f6kalut","item":"https:\/\/saumaustarvike.fi\/verkkokauppa\/kauppa\/"},{"@type":"ListItem","position":3,"name":"Panasonic saumauspistooli EY3641K Runko"}]},{"@type":"WebSite","@id":"https:\/\/saumaustarvike.fi\/verkkokauppa\/#website","url":"https:\/\/saumaustarvike.fi\/verkkokauppa\/","name":"Saumaustarvike.fi","description":"Saumausmassat, tarvikkeet ja ty&ouml;kalut","publisher":{"@id":"https:\/\/saumaustarvike.fi\/verkkokauppa\/#organization"},"potentialAction":[{"@type":"SearchAction","target":{"@type":"EntryPoint","urlTemplate":"https:\/\/saumaustarvike.fi\/verkkokauppa\/?s={search_term_string}"},"query-input":{"@type":"PropertyValueSpecification","valueRequired":true,"valueName":"search_term_string"}}],"inLanguage":"fi"},{"@type":"Organization","@id":"https:\/\/saumaustarvike.fi\/verkkokauppa\/#organization","name":"Saumaustarvike.fi","url":"https:\/\/saumaustarvike.fi\/verkkokauppa\/","logo":{"@type":"ImageObject","inLanguage":"fi","@id":"https:\/\/saumaustarvike.fi\/verkkokauppa\/#\/schema\/logo\/image\/","url":"https:\/\/saumaustarvike.fi\/verkkokauppa\/wp-content\/uploads\/2019\/02\/logo.png","contentUrl":"https:\/\/saumaustarvike.fi\/verkkokauppa\/wp-content\/uploads\/2019\/02\/logo.png","width":806,"height":150,"caption":"Saumaustarvike.fi"},"image":{"@id":"https:\/\/saumaustarvike.fi\/verkkokauppa\/#\/schema\/logo\/image\/"},"sameAs":["https:\/\/www.facebook.com\/Saumalaakso"]}]}},"jetpack_sharing_enabled":true,"_links":{"self":[{"href":"https:\/\/saumaustarvike.fi\/verkkokauppa\/wp-json\/wp\/v2\/product\/9306","targetHints":{"allow":["GET"]}}],"collection":[{"href":"https:\/\/saumaustarvike.fi\/verkkokauppa\/wp-json\/wp\/v2\/product"}],"about":[{"href":"https:\/\/saumaustarvike.fi\/verkkokauppa\/wp-json\/wp\/v2\/types\/product"}],"replies":[{"embeddable":true,"href":"https:\/\/saumaustarvike.fi\/verkkokauppa\/wp-json\/wp\/v2\/comments?post=9306"}],"wp:featuredmedia":[{"embeddable":true,"href":"https:\/\/saumaustarvike.fi\/verkkokauppa\/wp-json\/wp\/v2\/media\/9307"}],"wp:attachment":[{"href":"https:\/\/saumaustarvike.fi\/verkkokauppa\/wp-json\/wp\/v2\/media?parent=9306"}],"wp:term":[{"taxonomy":"product_cat","embeddable":true,"href":"https:\/\/saumaustarvike.fi\/verkkokauppa\/wp-json\/wp\/v2\/product_cat?post=9306"},{"taxonomy":"product_tag","embeddable":true,"href":"https:\/\/saumaustarvike.fi\/verkkokauppa\/wp-json\/wp\/v2\/product_tag?post=9306"}],"curies":[{"name":"wp","href":"https:\/\/api.w.org\/{rel}","templated":true}]}}