{"id":9365,"date":"2016-08-31T19:05:48","date_gmt":"2016-08-31T16:05:48","guid":{"rendered":"https:\/\/saumaustarvike.fi\/verkkokauppa\/kauppa\/tyokalut\/sokeva-matalapaineruisku-5l-im202240\/"},"modified":"2024-09-12T20:19:20","modified_gmt":"2024-09-12T17:19:20","slug":"sokeva-matalapaineruisku-8l-sku202800","status":"publish","type":"product","link":"https:\/\/saumaustarvike.fi\/verkkokauppa\/kauppa\/tuotemerkit\/sokeva-tuotemerkit\/sokeva-ruiskut-ja-pumput\/sokeva-matalapaineruisku-8l-sku202800\/","title":{"rendered":"Sokeva Matalapaineruisku 8l SKU202800"},"content":{"rendered":"<h1>Sokeva Matalapaineruisku 8l SKU202800<\/h1>\n<p>Matalapaineruisku 8L s\u00e4ili\u00f6ll\u00e4. Sopii kaikille BioComb- tuotteille, vesi-, \u00f6ljy- ja liuotinpohjaisille nesteille. Kirist\u00e4 letkun liittimet hyvin ennen k\u00e4ytt\u00f6\u00e4. K\u00e4ytt\u00f6ohjeet pakkauksesta.<br \/>\nK\u00e4yt\u00f6n j\u00e4lkeen tyhjenn\u00e4 s\u00e4ili\u00f6 ja huuhtele vedell\u00e4. Ruiskuta l\u00e4pi puhtaalla vedell\u00e4, jotta my\u00f6s suutin ja letku puhdistuvat.<\/p>\n<div class=\"clearfix et_pb_module et_woo_atc et_pb_woo_atc_0\">\n<form class=\"cart\" action=\"https:\/\/sokeva.fi\/kauppa\/pintojen-suojaus-ja-puhdistus\/matalapaineruisku\/#tuotetiedot\" enctype=\"multipart\/form-data\" method=\"post\">\n<div class=\"quantity\"><\/div>\n<\/form>\n<\/div>\n<h2><\/h2>\n<h2><\/h2>\n","protected":false},"excerpt":{"rendered":"<p>Matalapaineruisku 8L s\u00e4ili\u00f6ll\u00e4. Sopii kaikille BioComb- tuotteille, vesi-, \u00f6ljy- ja liuotinpohjaisille nesteille. Kirist\u00e4 letkun liittimet hyvin ennen k\u00e4ytt\u00f6\u00e4. K\u00e4ytt\u00f6ohjeet pakkauksesta.<br \/>\nK\u00e4yt\u00f6n j\u00e4lkeen tyhjenn\u00e4 s\u00e4ili\u00f6 ja huuhtele vedell\u00e4. Ruiskuta l\u00e4pi puhtaalla vedell\u00e4, jotta my\u00f6s suutin ja letku puhdistuvat.<\/p>\n","protected":false},"featured_media":15833,"comment_status":"open","ping_status":"closed","template":"","meta":{"_acf_changed":false},"product_cat":[1567,2155],"product_tag":[846,848,851,849,192,1219,850,1143,847,1144,1220,852,845,853,1142],"class_list":{"0":"post-9365","1":"product","2":"type-product","3":"status-publish","4":"has-post-thumbnail","6":"product_brand-sokeva","7":"product_cat-puukot-ruiskut-pumput-kaapimet","8":"product_cat-sokeva-ruiskut-ja-pumput","9":"product_tag-biocomb","10":"product_tag-home","11":"product_tag-jakala","12":"product_tag-leva","13":"product_tag-levitys","14":"product_tag-matalapaineruisku","15":"product_tag-mikrobi","16":"product_tag-pesu","17":"product_tag-puhdas-katto","18":"product_tag-rasva","19":"product_tag-ruisku","20":"product_tag-sieni","21":"product_tag-sokeva","22":"product_tag-suoja-aine","23":"product_tag-voimapesu","25":"first","26":"instock","27":"taxable","28":"shipping-taxable","29":"purchasable","30":"product-type-simple"},"acf":[],"yoast_head":"<!-- This site is optimized with the Yoast SEO plugin v27.3 - https:\/\/yoast.com\/product\/yoast-seo-wordpress\/ -->\n<title>Sokeva Matalapaineruisku 8l SKU202800 - Saumaustarvike.fi<\/title>\n<meta name=\"robots\" content=\"index, follow, max-snippet:-1, max-image-preview:large, max-video-preview:-1\" \/>\n<link rel=\"canonical\" href=\"https:\/\/saumaustarvike.fi\/verkkokauppa\/kauppa\/tuotemerkit\/sokeva-tuotemerkit\/sokeva-ruiskut-ja-pumput\/sokeva-matalapaineruisku-8l-sku202800\/\" \/>\n<meta property=\"og:locale\" content=\"fi_FI\" \/>\n<meta property=\"og:type\" content=\"article\" \/>\n<meta property=\"og:title\" content=\"Sokeva Matalapaineruisku 8l SKU202800 - Saumaustarvike.fi\" \/>\n<meta property=\"og:description\" content=\"Matalapaineruisku 8L s\u00e4ili\u00f6ll\u00e4. Sopii kaikille BioComb- tuotteille, vesi-, \u00f6ljy- ja liuotinpohjaisille nesteille. Kirist\u00e4 letkun liittimet hyvin ennen k\u00e4ytt\u00f6\u00e4. K\u00e4ytt\u00f6ohjeet pakkauksesta. K\u00e4yt\u00f6n j\u00e4lkeen tyhjenn\u00e4 s\u00e4ili\u00f6 ja huuhtele vedell\u00e4. Ruiskuta l\u00e4pi puhtaalla vedell\u00e4, jotta my\u00f6s suutin ja letku puhdistuvat.\" \/>\n<meta property=\"og:url\" content=\"https:\/\/saumaustarvike.fi\/verkkokauppa\/kauppa\/tuotemerkit\/sokeva-tuotemerkit\/sokeva-ruiskut-ja-pumput\/sokeva-matalapaineruisku-8l-sku202800\/\" \/>\n<meta property=\"og:site_name\" content=\"Saumaustarvike.fi\" \/>\n<meta property=\"article:publisher\" content=\"https:\/\/www.facebook.com\/Saumalaakso\" \/>\n<meta property=\"article:modified_time\" content=\"2024-09-12T17:19:20+00:00\" \/>\n<meta property=\"og:image\" content=\"https:\/\/saumaustarvike.fi\/verkkokauppa\/content\/uploads\/2016\/08\/202800-1.jpg\" \/>\n\t<meta property=\"og:image:width\" content=\"350\" \/>\n\t<meta property=\"og:image:height\" content=\"350\" \/>\n\t<meta property=\"og:image:type\" content=\"image\/jpeg\" \/>\n<script type=\"application\/ld+json\" class=\"yoast-schema-graph\">{\"@context\":\"https:\\\/\\\/schema.org\",\"@graph\":[{\"@type\":\"WebPage\",\"@id\":\"https:\\\/\\\/saumaustarvike.fi\\\/verkkokauppa\\\/kauppa\\\/tuotemerkit\\\/sokeva-tuotemerkit\\\/sokeva-ruiskut-ja-pumput\\\/sokeva-matalapaineruisku-8l-sku202800\\\/\",\"url\":\"https:\\\/\\\/saumaustarvike.fi\\\/verkkokauppa\\\/kauppa\\\/tuotemerkit\\\/sokeva-tuotemerkit\\\/sokeva-ruiskut-ja-pumput\\\/sokeva-matalapaineruisku-8l-sku202800\\\/\",\"name\":\"Sokeva Matalapaineruisku 8l SKU202800 - Saumaustarvike.fi\",\"isPartOf\":{\"@id\":\"https:\\\/\\\/saumaustarvike.fi\\\/verkkokauppa\\\/#website\"},\"primaryImageOfPage\":{\"@id\":\"https:\\\/\\\/saumaustarvike.fi\\\/verkkokauppa\\\/kauppa\\\/tuotemerkit\\\/sokeva-tuotemerkit\\\/sokeva-ruiskut-ja-pumput\\\/sokeva-matalapaineruisku-8l-sku202800\\\/#primaryimage\"},\"image\":{\"@id\":\"https:\\\/\\\/saumaustarvike.fi\\\/verkkokauppa\\\/kauppa\\\/tuotemerkit\\\/sokeva-tuotemerkit\\\/sokeva-ruiskut-ja-pumput\\\/sokeva-matalapaineruisku-8l-sku202800\\\/#primaryimage\"},\"thumbnailUrl\":\"https:\\\/\\\/saumaustarvike.fi\\\/verkkokauppa\\\/wp-content\\\/uploads\\\/2016\\\/08\\\/202800-1.jpg\",\"datePublished\":\"2016-08-31T16:05:48+00:00\",\"dateModified\":\"2024-09-12T17:19:20+00:00\",\"breadcrumb\":{\"@id\":\"https:\\\/\\\/saumaustarvike.fi\\\/verkkokauppa\\\/kauppa\\\/tuotemerkit\\\/sokeva-tuotemerkit\\\/sokeva-ruiskut-ja-pumput\\\/sokeva-matalapaineruisku-8l-sku202800\\\/#breadcrumb\"},\"inLanguage\":\"fi\",\"potentialAction\":[{\"@type\":\"ReadAction\",\"target\":[\"https:\\\/\\\/saumaustarvike.fi\\\/verkkokauppa\\\/kauppa\\\/tuotemerkit\\\/sokeva-tuotemerkit\\\/sokeva-ruiskut-ja-pumput\\\/sokeva-matalapaineruisku-8l-sku202800\\\/\"]}]},{\"@type\":\"ImageObject\",\"inLanguage\":\"fi\",\"@id\":\"https:\\\/\\\/saumaustarvike.fi\\\/verkkokauppa\\\/kauppa\\\/tuotemerkit\\\/sokeva-tuotemerkit\\\/sokeva-ruiskut-ja-pumput\\\/sokeva-matalapaineruisku-8l-sku202800\\\/#primaryimage\",\"url\":\"https:\\\/\\\/saumaustarvike.fi\\\/verkkokauppa\\\/wp-content\\\/uploads\\\/2016\\\/08\\\/202800-1.jpg\",\"contentUrl\":\"https:\\\/\\\/saumaustarvike.fi\\\/verkkokauppa\\\/wp-content\\\/uploads\\\/2016\\\/08\\\/202800-1.jpg\",\"width\":350,\"height\":350},{\"@type\":\"BreadcrumbList\",\"@id\":\"https:\\\/\\\/saumaustarvike.fi\\\/verkkokauppa\\\/kauppa\\\/tuotemerkit\\\/sokeva-tuotemerkit\\\/sokeva-ruiskut-ja-pumput\\\/sokeva-matalapaineruisku-8l-sku202800\\\/#breadcrumb\",\"itemListElement\":[{\"@type\":\"ListItem\",\"position\":1,\"name\":\"Home\",\"item\":\"https:\\\/\\\/saumaustarvike.fi\\\/verkkokauppa\\\/\"},{\"@type\":\"ListItem\",\"position\":2,\"name\":\"Saumausmassat, tarvikkeet ja ty\u00f6kalut\",\"item\":\"https:\\\/\\\/saumaustarvike.fi\\\/verkkokauppa\\\/kauppa\\\/\"},{\"@type\":\"ListItem\",\"position\":3,\"name\":\"Sokeva Matalapaineruisku 8l SKU202800\"}]},{\"@type\":\"WebSite\",\"@id\":\"https:\\\/\\\/saumaustarvike.fi\\\/verkkokauppa\\\/#website\",\"url\":\"https:\\\/\\\/saumaustarvike.fi\\\/verkkokauppa\\\/\",\"name\":\"Saumaustarvike.fi\",\"description\":\"Saumausmassat, tarvikkeet ja ty&ouml;kalut\",\"publisher\":{\"@id\":\"https:\\\/\\\/saumaustarvike.fi\\\/verkkokauppa\\\/#organization\"},\"potentialAction\":[{\"@type\":\"SearchAction\",\"target\":{\"@type\":\"EntryPoint\",\"urlTemplate\":\"https:\\\/\\\/saumaustarvike.fi\\\/verkkokauppa\\\/?s={search_term_string}\"},\"query-input\":{\"@type\":\"PropertyValueSpecification\",\"valueRequired\":true,\"valueName\":\"search_term_string\"}}],\"inLanguage\":\"fi\"},{\"@type\":\"Organization\",\"@id\":\"https:\\\/\\\/saumaustarvike.fi\\\/verkkokauppa\\\/#organization\",\"name\":\"Saumaustarvike.fi\",\"url\":\"https:\\\/\\\/saumaustarvike.fi\\\/verkkokauppa\\\/\",\"logo\":{\"@type\":\"ImageObject\",\"inLanguage\":\"fi\",\"@id\":\"https:\\\/\\\/saumaustarvike.fi\\\/verkkokauppa\\\/#\\\/schema\\\/logo\\\/image\\\/\",\"url\":\"https:\\\/\\\/saumaustarvike.fi\\\/verkkokauppa\\\/wp-content\\\/uploads\\\/2019\\\/02\\\/logo.png\",\"contentUrl\":\"https:\\\/\\\/saumaustarvike.fi\\\/verkkokauppa\\\/wp-content\\\/uploads\\\/2019\\\/02\\\/logo.png\",\"width\":806,\"height\":150,\"caption\":\"Saumaustarvike.fi\"},\"image\":{\"@id\":\"https:\\\/\\\/saumaustarvike.fi\\\/verkkokauppa\\\/#\\\/schema\\\/logo\\\/image\\\/\"},\"sameAs\":[\"https:\\\/\\\/www.facebook.com\\\/Saumalaakso\"]}]}<\/script>\n<!-- \/ Yoast SEO plugin. -->","yoast_head_json":{"title":"Sokeva Matalapaineruisku 8l SKU202800 - Saumaustarvike.fi","robots":{"index":"index","follow":"follow","max-snippet":"max-snippet:-1","max-image-preview":"max-image-preview:large","max-video-preview":"max-video-preview:-1"},"canonical":"https:\/\/saumaustarvike.fi\/verkkokauppa\/kauppa\/tuotemerkit\/sokeva-tuotemerkit\/sokeva-ruiskut-ja-pumput\/sokeva-matalapaineruisku-8l-sku202800\/","og_locale":"fi_FI","og_type":"article","og_title":"Sokeva Matalapaineruisku 8l SKU202800 - Saumaustarvike.fi","og_description":"Matalapaineruisku 8L s\u00e4ili\u00f6ll\u00e4. Sopii kaikille BioComb- tuotteille, vesi-, \u00f6ljy- ja liuotinpohjaisille nesteille. Kirist\u00e4 letkun liittimet hyvin ennen k\u00e4ytt\u00f6\u00e4. K\u00e4ytt\u00f6ohjeet pakkauksesta. K\u00e4yt\u00f6n j\u00e4lkeen tyhjenn\u00e4 s\u00e4ili\u00f6 ja huuhtele vedell\u00e4. Ruiskuta l\u00e4pi puhtaalla vedell\u00e4, jotta my\u00f6s suutin ja letku puhdistuvat.","og_url":"https:\/\/saumaustarvike.fi\/verkkokauppa\/kauppa\/tuotemerkit\/sokeva-tuotemerkit\/sokeva-ruiskut-ja-pumput\/sokeva-matalapaineruisku-8l-sku202800\/","og_site_name":"Saumaustarvike.fi","article_publisher":"https:\/\/www.facebook.com\/Saumalaakso","article_modified_time":"2024-09-12T17:19:20+00:00","og_image":[{"width":350,"height":350,"url":"https:\/\/saumaustarvike.fi\/verkkokauppa\/content\/uploads\/2016\/08\/202800-1.jpg","type":"image\/jpeg"}],"schema":{"@context":"https:\/\/schema.org","@graph":[{"@type":"WebPage","@id":"https:\/\/saumaustarvike.fi\/verkkokauppa\/kauppa\/tuotemerkit\/sokeva-tuotemerkit\/sokeva-ruiskut-ja-pumput\/sokeva-matalapaineruisku-8l-sku202800\/","url":"https:\/\/saumaustarvike.fi\/verkkokauppa\/kauppa\/tuotemerkit\/sokeva-tuotemerkit\/sokeva-ruiskut-ja-pumput\/sokeva-matalapaineruisku-8l-sku202800\/","name":"Sokeva Matalapaineruisku 8l SKU202800 - Saumaustarvike.fi","isPartOf":{"@id":"https:\/\/saumaustarvike.fi\/verkkokauppa\/#website"},"primaryImageOfPage":{"@id":"https:\/\/saumaustarvike.fi\/verkkokauppa\/kauppa\/tuotemerkit\/sokeva-tuotemerkit\/sokeva-ruiskut-ja-pumput\/sokeva-matalapaineruisku-8l-sku202800\/#primaryimage"},"image":{"@id":"https:\/\/saumaustarvike.fi\/verkkokauppa\/kauppa\/tuotemerkit\/sokeva-tuotemerkit\/sokeva-ruiskut-ja-pumput\/sokeva-matalapaineruisku-8l-sku202800\/#primaryimage"},"thumbnailUrl":"https:\/\/saumaustarvike.fi\/verkkokauppa\/wp-content\/uploads\/2016\/08\/202800-1.jpg","datePublished":"2016-08-31T16:05:48+00:00","dateModified":"2024-09-12T17:19:20+00:00","breadcrumb":{"@id":"https:\/\/saumaustarvike.fi\/verkkokauppa\/kauppa\/tuotemerkit\/sokeva-tuotemerkit\/sokeva-ruiskut-ja-pumput\/sokeva-matalapaineruisku-8l-sku202800\/#breadcrumb"},"inLanguage":"fi","potentialAction":[{"@type":"ReadAction","target":["https:\/\/saumaustarvike.fi\/verkkokauppa\/kauppa\/tuotemerkit\/sokeva-tuotemerkit\/sokeva-ruiskut-ja-pumput\/sokeva-matalapaineruisku-8l-sku202800\/"]}]},{"@type":"ImageObject","inLanguage":"fi","@id":"https:\/\/saumaustarvike.fi\/verkkokauppa\/kauppa\/tuotemerkit\/sokeva-tuotemerkit\/sokeva-ruiskut-ja-pumput\/sokeva-matalapaineruisku-8l-sku202800\/#primaryimage","url":"https:\/\/saumaustarvike.fi\/verkkokauppa\/wp-content\/uploads\/2016\/08\/202800-1.jpg","contentUrl":"https:\/\/saumaustarvike.fi\/verkkokauppa\/wp-content\/uploads\/2016\/08\/202800-1.jpg","width":350,"height":350},{"@type":"BreadcrumbList","@id":"https:\/\/saumaustarvike.fi\/verkkokauppa\/kauppa\/tuotemerkit\/sokeva-tuotemerkit\/sokeva-ruiskut-ja-pumput\/sokeva-matalapaineruisku-8l-sku202800\/#breadcrumb","itemListElement":[{"@type":"ListItem","position":1,"name":"Home","item":"https:\/\/saumaustarvike.fi\/verkkokauppa\/"},{"@type":"ListItem","position":2,"name":"Saumausmassat, tarvikkeet ja ty\u00f6kalut","item":"https:\/\/saumaustarvike.fi\/verkkokauppa\/kauppa\/"},{"@type":"ListItem","position":3,"name":"Sokeva Matalapaineruisku 8l SKU202800"}]},{"@type":"WebSite","@id":"https:\/\/saumaustarvike.fi\/verkkokauppa\/#website","url":"https:\/\/saumaustarvike.fi\/verkkokauppa\/","name":"Saumaustarvike.fi","description":"Saumausmassat, tarvikkeet ja ty&ouml;kalut","publisher":{"@id":"https:\/\/saumaustarvike.fi\/verkkokauppa\/#organization"},"potentialAction":[{"@type":"SearchAction","target":{"@type":"EntryPoint","urlTemplate":"https:\/\/saumaustarvike.fi\/verkkokauppa\/?s={search_term_string}"},"query-input":{"@type":"PropertyValueSpecification","valueRequired":true,"valueName":"search_term_string"}}],"inLanguage":"fi"},{"@type":"Organization","@id":"https:\/\/saumaustarvike.fi\/verkkokauppa\/#organization","name":"Saumaustarvike.fi","url":"https:\/\/saumaustarvike.fi\/verkkokauppa\/","logo":{"@type":"ImageObject","inLanguage":"fi","@id":"https:\/\/saumaustarvike.fi\/verkkokauppa\/#\/schema\/logo\/image\/","url":"https:\/\/saumaustarvike.fi\/verkkokauppa\/wp-content\/uploads\/2019\/02\/logo.png","contentUrl":"https:\/\/saumaustarvike.fi\/verkkokauppa\/wp-content\/uploads\/2019\/02\/logo.png","width":806,"height":150,"caption":"Saumaustarvike.fi"},"image":{"@id":"https:\/\/saumaustarvike.fi\/verkkokauppa\/#\/schema\/logo\/image\/"},"sameAs":["https:\/\/www.facebook.com\/Saumalaakso"]}]}},"jetpack_sharing_enabled":true,"_links":{"self":[{"href":"https:\/\/saumaustarvike.fi\/verkkokauppa\/wp-json\/wp\/v2\/product\/9365","targetHints":{"allow":["GET"]}}],"collection":[{"href":"https:\/\/saumaustarvike.fi\/verkkokauppa\/wp-json\/wp\/v2\/product"}],"about":[{"href":"https:\/\/saumaustarvike.fi\/verkkokauppa\/wp-json\/wp\/v2\/types\/product"}],"replies":[{"embeddable":true,"href":"https:\/\/saumaustarvike.fi\/verkkokauppa\/wp-json\/wp\/v2\/comments?post=9365"}],"wp:featuredmedia":[{"embeddable":true,"href":"https:\/\/saumaustarvike.fi\/verkkokauppa\/wp-json\/wp\/v2\/media\/15833"}],"wp:attachment":[{"href":"https:\/\/saumaustarvike.fi\/verkkokauppa\/wp-json\/wp\/v2\/media?parent=9365"}],"wp:term":[{"taxonomy":"product_cat","embeddable":true,"href":"https:\/\/saumaustarvike.fi\/verkkokauppa\/wp-json\/wp\/v2\/product_cat?post=9365"},{"taxonomy":"product_tag","embeddable":true,"href":"https:\/\/saumaustarvike.fi\/verkkokauppa\/wp-json\/wp\/v2\/product_tag?post=9365"}],"curies":[{"name":"wp","href":"https:\/\/api.w.org\/{rel}","templated":true}]}}