{"id":9566,"date":"2016-09-24T12:06:16","date_gmt":"2016-09-24T09:06:16","guid":{"rendered":"https:\/\/saumaustarvike.fi\/verkkokauppa\/kauppa\/tiivistys\/soudal-firesilicone-b1-fr-palokatkosilikoni-310ml\/"},"modified":"2024-09-13T18:11:44","modified_gmt":"2024-09-13T15:11:44","slug":"soudal-firesilicone-b1-fr-palokatkosilikoni-310ml","status":"publish","type":"product","link":"https:\/\/saumaustarvike.fi\/verkkokauppa\/kauppa\/tuotemerkit\/soudal-tuotemerkit\/soudal-palokatkotuotteet\/soudal-firesilicone-b1-fr-palokatkosilikoni-310ml\/","title":{"rendered":"Soudal Firesilicone B1 FR Palokatkosilikoni 310ml"},"content":{"rendered":"<h1>Soudal Firesilicone B1 FR Palokatkosilikoni 310ml<\/h1>\n<h3>Tuotekuvaus:<\/h3>\n<p>Eritt\u00e4in joustava paloluokiteltu neutraali silikonitiiviste, jonka paloluokitus on jopa 4 tuntia. ETA 13\/0336. EC1+ sis\u00e4ilmaluokitus.<\/p>\n<h3>Ominaisuudet:<\/h3>\n<p>Paloluokiteltu neutraali silikoni<br \/>\nEC1+<br \/>\nEst\u00e4\u00e4 savukaasujen kulkeutumisen<br \/>\nEritt\u00e4in hyv\u00e4 tarttuvuus moniin materiaaleihin<br \/>\nPysyv\u00e4sti elastinen kovettumisen j\u00e4lkeen<br \/>\nEritt\u00e4in helppo levitt\u00e4\u00e4<br \/>\nV\u00e4rinpit\u00e4v\u00e4 ja UV-kest\u00e4v\u00e4<br \/>\nEi voida p\u00e4\u00e4llemaalata<br \/>\nETA-arvioitu ja CE-merkitty<\/p>\n<h3>K\u00e4ytt\u00f6kohteet:<\/h3>\n<p>Paloluokiteltu silikonimassa elastisuutta vaativiin saumauksiin sis\u00e4- ja ulkotiloissa. Ikkuna-, oviliitokset, sek\u00e4 elementtisaumat tms.<\/p>\n<h3>K\u00e4ytt\u00f6ohjeet:<\/h3>\n<p>Levit\u00e4 k\u00e4si-, paineilma- tai akkuk\u00e4ytt\u00f6isell\u00e4 puristimella. Pintojen on oltava puhtaita, kuivia ja p\u00f6lytt\u00f6mi\u00e4. Viimeistele saippualiuoksen avulla.<\/p>\n","protected":false},"excerpt":{"rendered":"<p>Eritt\u00e4in joustava paloluokiteltu neutraali silikonitiiviste, jonka paloluokitus on jopa 4 tuntia. ETA 13\/0336. EC1+ sis\u00e4ilmaluokitus.<\/p>\n","protected":false},"featured_media":16904,"comment_status":"open","ping_status":"closed","template":"","meta":{"_acf_changed":false},"product_cat":[1556,2189,1627,1549,1553],"product_tag":[205,756,317,318,143,320,79,80],"class_list":{"0":"post-9566","1":"product","2":"type-product","3":"status-publish","4":"has-post-thumbnail","6":"product_brand-soudal","7":"product_cat-palokatkotuotteet-tuotteet","8":"product_cat-soudal-palokatkotuotteet","9":"product_cat-saumaus","10":"product_cat-silikonipohjaiset","11":"product_cat-tiivistys-tuotteet","12":"product_tag-palokatko","13":"product_tag-palokatkomassa","14":"product_tag-paloluokka","15":"product_tag-palosilikoni","16":"product_tag-sisakayttoon","17":"product_tag-soudal","18":"product_tag-tiiviste","19":"product_tag-tiivistys-2","20":"pa_vari-harmaa","21":"pa_vari-valkoinen","23":"first","24":"onbackorder","25":"taxable","26":"shipping-taxable","27":"purchasable","28":"product-type-variable"},"acf":[],"yoast_head":"<!-- This site is optimized with the Yoast SEO plugin v27.3 - https:\/\/yoast.com\/product\/yoast-seo-wordpress\/ -->\n<title>Soudal Firesilicone B1 FR Palokatkosilikoni 310ml - Saumaustarvike.fi<\/title>\n<meta name=\"description\" content=\"Nullifire FS703 Palokatkosilikoni Elastinen silikoni, paloluokiteltujen osastoivien rakenteiden saumaukseen ja tiivist\u00e4miseen. Sis\u00e4ll\u00e4 ja ulkona.\" \/>\n<meta name=\"robots\" content=\"index, follow, max-snippet:-1, max-image-preview:large, max-video-preview:-1\" \/>\n<link rel=\"canonical\" href=\"https:\/\/saumaustarvike.fi\/verkkokauppa\/kauppa\/tuotemerkit\/soudal-tuotemerkit\/soudal-palokatkotuotteet\/soudal-firesilicone-b1-fr-palokatkosilikoni-310ml\/\" \/>\n<meta property=\"og:locale\" content=\"fi_FI\" \/>\n<meta property=\"og:type\" content=\"article\" \/>\n<meta property=\"og:title\" content=\"Soudal Firesilicone B1 FR Palokatkosilikoni 310ml - Saumaustarvike.fi\" \/>\n<meta property=\"og:description\" content=\"Nullifire FS703 Palokatkosilikoni Elastinen silikoni, paloluokiteltujen osastoivien rakenteiden saumaukseen ja tiivist\u00e4miseen. Sis\u00e4ll\u00e4 ja ulkona.\" \/>\n<meta property=\"og:url\" content=\"https:\/\/saumaustarvike.fi\/verkkokauppa\/kauppa\/tuotemerkit\/soudal-tuotemerkit\/soudal-palokatkotuotteet\/soudal-firesilicone-b1-fr-palokatkosilikoni-310ml\/\" \/>\n<meta property=\"og:site_name\" content=\"Saumaustarvike.fi\" \/>\n<meta property=\"article:publisher\" content=\"https:\/\/www.facebook.com\/Saumalaakso\" \/>\n<meta property=\"article:modified_time\" content=\"2024-09-13T15:11:44+00:00\" \/>\n<meta property=\"og:image\" content=\"https:\/\/saumaustarvike.fi\/verkkokauppa\/wp-content\/uploads\/2016\/09\/firesilicone-br-1.jpg\" \/>\n\t<meta property=\"og:image:width\" content=\"700\" \/>\n\t<meta property=\"og:image:height\" content=\"525\" \/>\n\t<meta property=\"og:image:type\" content=\"image\/jpeg\" \/>\n<meta name=\"twitter:label1\" content=\"Arvioitu lukuaika\" \/>\n\t<meta name=\"twitter:data1\" content=\"1 minuutti\" \/>\n<script type=\"application\/ld+json\" class=\"yoast-schema-graph\">{\"@context\":\"https:\\\/\\\/schema.org\",\"@graph\":[{\"@type\":\"WebPage\",\"@id\":\"https:\\\/\\\/saumaustarvike.fi\\\/verkkokauppa\\\/kauppa\\\/tuotemerkit\\\/soudal-tuotemerkit\\\/soudal-palokatkotuotteet\\\/soudal-firesilicone-b1-fr-palokatkosilikoni-310ml\\\/\",\"url\":\"https:\\\/\\\/saumaustarvike.fi\\\/verkkokauppa\\\/kauppa\\\/tuotemerkit\\\/soudal-tuotemerkit\\\/soudal-palokatkotuotteet\\\/soudal-firesilicone-b1-fr-palokatkosilikoni-310ml\\\/\",\"name\":\"Soudal Firesilicone B1 FR Palokatkosilikoni 310ml - Saumaustarvike.fi\",\"isPartOf\":{\"@id\":\"https:\\\/\\\/saumaustarvike.fi\\\/verkkokauppa\\\/#website\"},\"primaryImageOfPage\":{\"@id\":\"https:\\\/\\\/saumaustarvike.fi\\\/verkkokauppa\\\/kauppa\\\/tuotemerkit\\\/soudal-tuotemerkit\\\/soudal-palokatkotuotteet\\\/soudal-firesilicone-b1-fr-palokatkosilikoni-310ml\\\/#primaryimage\"},\"image\":{\"@id\":\"https:\\\/\\\/saumaustarvike.fi\\\/verkkokauppa\\\/kauppa\\\/tuotemerkit\\\/soudal-tuotemerkit\\\/soudal-palokatkotuotteet\\\/soudal-firesilicone-b1-fr-palokatkosilikoni-310ml\\\/#primaryimage\"},\"thumbnailUrl\":\"https:\\\/\\\/saumaustarvike.fi\\\/verkkokauppa\\\/wp-content\\\/uploads\\\/2016\\\/09\\\/firesilicone-br-1.jpg\",\"datePublished\":\"2016-09-24T09:06:16+00:00\",\"dateModified\":\"2024-09-13T15:11:44+00:00\",\"description\":\"Nullifire FS703 Palokatkosilikoni Elastinen silikoni, paloluokiteltujen osastoivien rakenteiden saumaukseen ja tiivist\u00e4miseen. Sis\u00e4ll\u00e4 ja ulkona.\",\"breadcrumb\":{\"@id\":\"https:\\\/\\\/saumaustarvike.fi\\\/verkkokauppa\\\/kauppa\\\/tuotemerkit\\\/soudal-tuotemerkit\\\/soudal-palokatkotuotteet\\\/soudal-firesilicone-b1-fr-palokatkosilikoni-310ml\\\/#breadcrumb\"},\"inLanguage\":\"fi\",\"potentialAction\":[{\"@type\":\"ReadAction\",\"target\":[\"https:\\\/\\\/saumaustarvike.fi\\\/verkkokauppa\\\/kauppa\\\/tuotemerkit\\\/soudal-tuotemerkit\\\/soudal-palokatkotuotteet\\\/soudal-firesilicone-b1-fr-palokatkosilikoni-310ml\\\/\"]}]},{\"@type\":\"ImageObject\",\"inLanguage\":\"fi\",\"@id\":\"https:\\\/\\\/saumaustarvike.fi\\\/verkkokauppa\\\/kauppa\\\/tuotemerkit\\\/soudal-tuotemerkit\\\/soudal-palokatkotuotteet\\\/soudal-firesilicone-b1-fr-palokatkosilikoni-310ml\\\/#primaryimage\",\"url\":\"https:\\\/\\\/saumaustarvike.fi\\\/verkkokauppa\\\/wp-content\\\/uploads\\\/2016\\\/09\\\/firesilicone-br-1.jpg\",\"contentUrl\":\"https:\\\/\\\/saumaustarvike.fi\\\/verkkokauppa\\\/wp-content\\\/uploads\\\/2016\\\/09\\\/firesilicone-br-1.jpg\",\"width\":700,\"height\":525},{\"@type\":\"BreadcrumbList\",\"@id\":\"https:\\\/\\\/saumaustarvike.fi\\\/verkkokauppa\\\/kauppa\\\/tuotemerkit\\\/soudal-tuotemerkit\\\/soudal-palokatkotuotteet\\\/soudal-firesilicone-b1-fr-palokatkosilikoni-310ml\\\/#breadcrumb\",\"itemListElement\":[{\"@type\":\"ListItem\",\"position\":1,\"name\":\"Home\",\"item\":\"https:\\\/\\\/saumaustarvike.fi\\\/verkkokauppa\\\/\"},{\"@type\":\"ListItem\",\"position\":2,\"name\":\"Saumausmassat, tarvikkeet ja ty\u00f6kalut\",\"item\":\"https:\\\/\\\/saumaustarvike.fi\\\/verkkokauppa\\\/kauppa\\\/\"},{\"@type\":\"ListItem\",\"position\":3,\"name\":\"Soudal Firesilicone B1 FR Palokatkosilikoni 310ml\"}]},{\"@type\":\"WebSite\",\"@id\":\"https:\\\/\\\/saumaustarvike.fi\\\/verkkokauppa\\\/#website\",\"url\":\"https:\\\/\\\/saumaustarvike.fi\\\/verkkokauppa\\\/\",\"name\":\"Saumaustarvike.fi\",\"description\":\"Saumausmassat, tarvikkeet ja ty&ouml;kalut\",\"publisher\":{\"@id\":\"https:\\\/\\\/saumaustarvike.fi\\\/verkkokauppa\\\/#organization\"},\"potentialAction\":[{\"@type\":\"SearchAction\",\"target\":{\"@type\":\"EntryPoint\",\"urlTemplate\":\"https:\\\/\\\/saumaustarvike.fi\\\/verkkokauppa\\\/?s={search_term_string}\"},\"query-input\":{\"@type\":\"PropertyValueSpecification\",\"valueRequired\":true,\"valueName\":\"search_term_string\"}}],\"inLanguage\":\"fi\"},{\"@type\":\"Organization\",\"@id\":\"https:\\\/\\\/saumaustarvike.fi\\\/verkkokauppa\\\/#organization\",\"name\":\"Saumaustarvike.fi\",\"url\":\"https:\\\/\\\/saumaustarvike.fi\\\/verkkokauppa\\\/\",\"logo\":{\"@type\":\"ImageObject\",\"inLanguage\":\"fi\",\"@id\":\"https:\\\/\\\/saumaustarvike.fi\\\/verkkokauppa\\\/#\\\/schema\\\/logo\\\/image\\\/\",\"url\":\"https:\\\/\\\/saumaustarvike.fi\\\/verkkokauppa\\\/wp-content\\\/uploads\\\/2019\\\/02\\\/logo.png\",\"contentUrl\":\"https:\\\/\\\/saumaustarvike.fi\\\/verkkokauppa\\\/wp-content\\\/uploads\\\/2019\\\/02\\\/logo.png\",\"width\":806,\"height\":150,\"caption\":\"Saumaustarvike.fi\"},\"image\":{\"@id\":\"https:\\\/\\\/saumaustarvike.fi\\\/verkkokauppa\\\/#\\\/schema\\\/logo\\\/image\\\/\"},\"sameAs\":[\"https:\\\/\\\/www.facebook.com\\\/Saumalaakso\"]}]}<\/script>\n<!-- \/ Yoast SEO plugin. -->","yoast_head_json":{"title":"Soudal Firesilicone B1 FR Palokatkosilikoni 310ml - Saumaustarvike.fi","description":"Nullifire FS703 Palokatkosilikoni Elastinen silikoni, paloluokiteltujen osastoivien rakenteiden saumaukseen ja tiivist\u00e4miseen. Sis\u00e4ll\u00e4 ja ulkona.","robots":{"index":"index","follow":"follow","max-snippet":"max-snippet:-1","max-image-preview":"max-image-preview:large","max-video-preview":"max-video-preview:-1"},"canonical":"https:\/\/saumaustarvike.fi\/verkkokauppa\/kauppa\/tuotemerkit\/soudal-tuotemerkit\/soudal-palokatkotuotteet\/soudal-firesilicone-b1-fr-palokatkosilikoni-310ml\/","og_locale":"fi_FI","og_type":"article","og_title":"Soudal Firesilicone B1 FR Palokatkosilikoni 310ml - Saumaustarvike.fi","og_description":"Nullifire FS703 Palokatkosilikoni Elastinen silikoni, paloluokiteltujen osastoivien rakenteiden saumaukseen ja tiivist\u00e4miseen. Sis\u00e4ll\u00e4 ja ulkona.","og_url":"https:\/\/saumaustarvike.fi\/verkkokauppa\/kauppa\/tuotemerkit\/soudal-tuotemerkit\/soudal-palokatkotuotteet\/soudal-firesilicone-b1-fr-palokatkosilikoni-310ml\/","og_site_name":"Saumaustarvike.fi","article_publisher":"https:\/\/www.facebook.com\/Saumalaakso","article_modified_time":"2024-09-13T15:11:44+00:00","og_image":[{"width":700,"height":525,"url":"https:\/\/saumaustarvike.fi\/verkkokauppa\/wp-content\/uploads\/2016\/09\/firesilicone-br-1.jpg","type":"image\/jpeg"}],"twitter_misc":{"Arvioitu lukuaika":"1 minuutti"},"schema":{"@context":"https:\/\/schema.org","@graph":[{"@type":"WebPage","@id":"https:\/\/saumaustarvike.fi\/verkkokauppa\/kauppa\/tuotemerkit\/soudal-tuotemerkit\/soudal-palokatkotuotteet\/soudal-firesilicone-b1-fr-palokatkosilikoni-310ml\/","url":"https:\/\/saumaustarvike.fi\/verkkokauppa\/kauppa\/tuotemerkit\/soudal-tuotemerkit\/soudal-palokatkotuotteet\/soudal-firesilicone-b1-fr-palokatkosilikoni-310ml\/","name":"Soudal Firesilicone B1 FR Palokatkosilikoni 310ml - Saumaustarvike.fi","isPartOf":{"@id":"https:\/\/saumaustarvike.fi\/verkkokauppa\/#website"},"primaryImageOfPage":{"@id":"https:\/\/saumaustarvike.fi\/verkkokauppa\/kauppa\/tuotemerkit\/soudal-tuotemerkit\/soudal-palokatkotuotteet\/soudal-firesilicone-b1-fr-palokatkosilikoni-310ml\/#primaryimage"},"image":{"@id":"https:\/\/saumaustarvike.fi\/verkkokauppa\/kauppa\/tuotemerkit\/soudal-tuotemerkit\/soudal-palokatkotuotteet\/soudal-firesilicone-b1-fr-palokatkosilikoni-310ml\/#primaryimage"},"thumbnailUrl":"https:\/\/saumaustarvike.fi\/verkkokauppa\/wp-content\/uploads\/2016\/09\/firesilicone-br-1.jpg","datePublished":"2016-09-24T09:06:16+00:00","dateModified":"2024-09-13T15:11:44+00:00","description":"Nullifire FS703 Palokatkosilikoni Elastinen silikoni, paloluokiteltujen osastoivien rakenteiden saumaukseen ja tiivist\u00e4miseen. Sis\u00e4ll\u00e4 ja ulkona.","breadcrumb":{"@id":"https:\/\/saumaustarvike.fi\/verkkokauppa\/kauppa\/tuotemerkit\/soudal-tuotemerkit\/soudal-palokatkotuotteet\/soudal-firesilicone-b1-fr-palokatkosilikoni-310ml\/#breadcrumb"},"inLanguage":"fi","potentialAction":[{"@type":"ReadAction","target":["https:\/\/saumaustarvike.fi\/verkkokauppa\/kauppa\/tuotemerkit\/soudal-tuotemerkit\/soudal-palokatkotuotteet\/soudal-firesilicone-b1-fr-palokatkosilikoni-310ml\/"]}]},{"@type":"ImageObject","inLanguage":"fi","@id":"https:\/\/saumaustarvike.fi\/verkkokauppa\/kauppa\/tuotemerkit\/soudal-tuotemerkit\/soudal-palokatkotuotteet\/soudal-firesilicone-b1-fr-palokatkosilikoni-310ml\/#primaryimage","url":"https:\/\/saumaustarvike.fi\/verkkokauppa\/wp-content\/uploads\/2016\/09\/firesilicone-br-1.jpg","contentUrl":"https:\/\/saumaustarvike.fi\/verkkokauppa\/wp-content\/uploads\/2016\/09\/firesilicone-br-1.jpg","width":700,"height":525},{"@type":"BreadcrumbList","@id":"https:\/\/saumaustarvike.fi\/verkkokauppa\/kauppa\/tuotemerkit\/soudal-tuotemerkit\/soudal-palokatkotuotteet\/soudal-firesilicone-b1-fr-palokatkosilikoni-310ml\/#breadcrumb","itemListElement":[{"@type":"ListItem","position":1,"name":"Home","item":"https:\/\/saumaustarvike.fi\/verkkokauppa\/"},{"@type":"ListItem","position":2,"name":"Saumausmassat, tarvikkeet ja ty\u00f6kalut","item":"https:\/\/saumaustarvike.fi\/verkkokauppa\/kauppa\/"},{"@type":"ListItem","position":3,"name":"Soudal Firesilicone B1 FR Palokatkosilikoni 310ml"}]},{"@type":"WebSite","@id":"https:\/\/saumaustarvike.fi\/verkkokauppa\/#website","url":"https:\/\/saumaustarvike.fi\/verkkokauppa\/","name":"Saumaustarvike.fi","description":"Saumausmassat, tarvikkeet ja ty&ouml;kalut","publisher":{"@id":"https:\/\/saumaustarvike.fi\/verkkokauppa\/#organization"},"potentialAction":[{"@type":"SearchAction","target":{"@type":"EntryPoint","urlTemplate":"https:\/\/saumaustarvike.fi\/verkkokauppa\/?s={search_term_string}"},"query-input":{"@type":"PropertyValueSpecification","valueRequired":true,"valueName":"search_term_string"}}],"inLanguage":"fi"},{"@type":"Organization","@id":"https:\/\/saumaustarvike.fi\/verkkokauppa\/#organization","name":"Saumaustarvike.fi","url":"https:\/\/saumaustarvike.fi\/verkkokauppa\/","logo":{"@type":"ImageObject","inLanguage":"fi","@id":"https:\/\/saumaustarvike.fi\/verkkokauppa\/#\/schema\/logo\/image\/","url":"https:\/\/saumaustarvike.fi\/verkkokauppa\/wp-content\/uploads\/2019\/02\/logo.png","contentUrl":"https:\/\/saumaustarvike.fi\/verkkokauppa\/wp-content\/uploads\/2019\/02\/logo.png","width":806,"height":150,"caption":"Saumaustarvike.fi"},"image":{"@id":"https:\/\/saumaustarvike.fi\/verkkokauppa\/#\/schema\/logo\/image\/"},"sameAs":["https:\/\/www.facebook.com\/Saumalaakso"]}]}},"jetpack_sharing_enabled":true,"_links":{"self":[{"href":"https:\/\/saumaustarvike.fi\/verkkokauppa\/wp-json\/wp\/v2\/product\/9566","targetHints":{"allow":["GET"]}}],"collection":[{"href":"https:\/\/saumaustarvike.fi\/verkkokauppa\/wp-json\/wp\/v2\/product"}],"about":[{"href":"https:\/\/saumaustarvike.fi\/verkkokauppa\/wp-json\/wp\/v2\/types\/product"}],"replies":[{"embeddable":true,"href":"https:\/\/saumaustarvike.fi\/verkkokauppa\/wp-json\/wp\/v2\/comments?post=9566"}],"wp:featuredmedia":[{"embeddable":true,"href":"https:\/\/saumaustarvike.fi\/verkkokauppa\/wp-json\/wp\/v2\/media\/16904"}],"wp:attachment":[{"href":"https:\/\/saumaustarvike.fi\/verkkokauppa\/wp-json\/wp\/v2\/media?parent=9566"}],"wp:term":[{"taxonomy":"product_cat","embeddable":true,"href":"https:\/\/saumaustarvike.fi\/verkkokauppa\/wp-json\/wp\/v2\/product_cat?post=9566"},{"taxonomy":"product_tag","embeddable":true,"href":"https:\/\/saumaustarvike.fi\/verkkokauppa\/wp-json\/wp\/v2\/product_tag?post=9566"}],"curies":[{"name":"wp","href":"https:\/\/api.w.org\/{rel}","templated":true}]}}