{"id":9574,"date":"2016-09-24T14:17:54","date_gmt":"2016-09-24T11:17:54","guid":{"rendered":"https:\/\/saumaustarvike.fi\/verkkokauppa\/kauppa\/cleanerit-primerit\/sokeva-biocomb-pintasuojamineral-block\/"},"modified":"2025-07-07T07:57:16","modified_gmt":"2025-07-07T04:57:16","slug":"sokeva-biocomb-pintasuojamineral-block","status":"publish","type":"product","link":"https:\/\/saumaustarvike.fi\/verkkokauppa\/kauppa\/tuotemerkit\/sokeva-tuotemerkit\/sokeva-biocomb-ja-benac\/sokeva-biocomb-pintasuojamineral-block\/","title":{"rendered":"Sokeva BioComb Pintasuoja\/Mineral Block"},"content":{"rendered":"<h1>Sokeva BioComb Pintasuoja\/Mineral Block<\/h1>\n<p>Kyll\u00e4st\u00e4\u00e4 tehokkaasti kivi-, betoni-, muuratut ja rapatut pinnat. Soveltuu my\u00f6s puupinnoille. Erinomainen julkisivujen k\u00e4sittelyyn.\u00a0Muodostaa likaa ja vett\u00e4 hylkiv\u00e4n, UV-s\u00e4teilyn kest\u00e4v\u00e4n ja hengitt\u00e4v\u00e4n pinnan. Ehk\u00e4isee my\u00f6s pakkasrapautumista ja mikrobikasvustojen muodostumista.<\/p>\n<h2>Yleist\u00e4<\/h2>\n<p>Pintasuoja on kirkas, syv\u00e4vaikutteinen suojak\u00e4sittely mineraalipinnoille. Se tekee pinnasta vett\u00e4- ja likaahylkiv\u00e4n ja est\u00e4\u00e4 vesiliukoisten aineiden tunkeutumisen rakenteeseen. Pintasuoja on k\u00e4ytt\u00f6valmis nanopohjainen v\u00e4rit\u00f6n, uv-suojan sis\u00e4lt\u00e4v\u00e4 vesiliukoinen pinnoite. Pintasuoja ei muodosta kalvoa rakenteen p\u00e4\u00e4lle, vaan suoja muodostuu rakenteiden pintaosiin.<\/p>\n<h2>K\u00e4ytt\u00f6kohteet<\/h2>\n<p>Pintasuoja sopii k\u00e4ytett\u00e4v\u00e4ksi tiili- ja mineriittikatoilla, muuratuilla tai rapatuilla sein\u00e4pinnoilla, betonirakenteiden suojauksessa; pesu- ja muut betonielementit, siltarakenteet, betonimuurit ja vallit, kiveykset, pihalaatat, huokoiset laatoitukset kuten v\u00e4litilalaatoitukset, koristesein\u00e4t, takat, laattasaumat. Pintasuojaa voidaan k\u00e4ytt\u00e4\u00e4 my\u00f6s puupinnoilla (havuvaneri, terassit) likaantumisen ehk\u00e4isemiseksi ja k\u00e4ytt\u00f6asteen lis\u00e4\u00e4miseksi.<\/p>\n<h2>Edut<\/h2>\n<p>Pintasuoja lis\u00e4\u00e4 kest\u00e4vyytt\u00e4 &#8211; Antaa eritt\u00e4in hyv\u00e4n suojan betonille (tunkeutuu syv\u00e4lle rakenteeseen ja tekee siit\u00e4 vett\u00e4hylkiv\u00e4n) ja v\u00e4hent\u00e4\u00e4 n\u00e4in veden, suolojen, happamien sateiden ja pakkasen vahingoittavaa vaikutusta betoni, tiili ja mineriittipinnoilta. &#8211; Parantaa k\u00e4sitellyn pinnan siisteytt\u00e4 ja ulkon\u00e4k\u00f6\u00e4 &#8211; v\u00e4hent\u00e4\u00e4 kiteytymien syntymist\u00e4 betonin pinnalle &#8211; est\u00e4\u00e4 home- lev\u00e4-, sammal- ja j\u00e4k\u00e4l\u00e4kasvuston syntymist\u00e4 betonin pinnalle sek\u00e4 edesauttaa julkisivujen puhdistamista t\u00f6herryksist\u00e4. Pintasuoja on ymp\u00e4rist\u00f6yst\u00e4v\u00e4llinen, turvallinen ja vesiliukoinen, ei sis\u00e4ll\u00e4 haihtuvia liuottimia, turvallinen levitt\u00e4\u00e4 ja k\u00e4sitell\u00e4. Pintasuojaa on helppo ty\u00f6st\u00e4\u00e4, levitys matalapaineruiskulla. Yksi levityskerta yleens\u00e4 riitt\u00e4\u00e4.<\/p>\n<h2>Pakkaus<\/h2>\n<p>5L<br \/>\n25L<\/p>\n<h2>Menekki<\/h2>\n<p>Menekki on riippuvainen alustan karkeudesta ja huokoisuudesta. Normaalisti litralla voidaan k\u00e4sitell\u00e4\u00e4n noin 8m2.<\/p>\n<p><iframe loading=\"lazy\" title=\"BioComb Mineral Block\" width=\"980\" height=\"551\" src=\"https:\/\/www.youtube.com\/embed\/fK84DaepOP0?feature=oembed\" frameborder=\"0\" allow=\"accelerometer; autoplay; clipboard-write; encrypted-media; gyroscope; picture-in-picture; web-share\" referrerpolicy=\"strict-origin-when-cross-origin\" allowfullscreen><\/iframe><\/p>\n","protected":false},"excerpt":{"rendered":"<p>Kyll\u00e4st\u00e4\u00e4 tehokkaasti kivi-, betoni-, muuratut ja rapatut pinnat. Soveltuu my\u00f6s puupinnoille. Erinomainen julkisivujen k\u00e4sittelyyn.\u00a0Muodostaa likaa ja vett\u00e4 hylkiv\u00e4n, UV-s\u00e4teilyn kest\u00e4v\u00e4n ja hengitt\u00e4v\u00e4n pinnan. Ehk\u00e4isee my\u00f6s pakkasrapautumista ja mikrobikasvustojen muodostumista.<\/p>\n","protected":false},"featured_media":11812,"comment_status":"open","ping_status":"closed","template":"","meta":{"_acf_changed":false},"product_cat":[2154,1546,1559,1560],"product_tag":[1140,1136,1139,848,851,1141,849,850,1137,847,852,1138,845,853],"class_list":{"0":"post-9574","1":"product","2":"type-product","3":"status-publish","4":"has-post-thumbnail","6":"product_brand-sokeva","7":"product_cat-sokeva-biocomb-ja-benac","8":"product_cat-cleanerit-primerit-puhdistusaineet-viimeistelyaineet","9":"product_cat-julkisivu-ja-seinien-huolto-puhdistus-ja-kunnostus","10":"product_cat-kattotuotteet","11":"product_tag-bakteeri","12":"product_tag-benac","13":"product_tag-benac-50","14":"product_tag-home","15":"product_tag-jakala","16":"product_tag-kyllastys","17":"product_tag-leva","18":"product_tag-mikrobi","19":"product_tag-mustuma","20":"product_tag-puhdas-katto","21":"product_tag-sieni","22":"product_tag-sinistyma","23":"product_tag-sokeva","24":"product_tag-suoja-aine","25":"pa_maara-25l","26":"pa_maara-5l","28":"first","29":"onbackorder","30":"taxable","31":"shipping-taxable","32":"purchasable","33":"product-type-variable"},"acf":[],"yoast_head":"<!-- This site is optimized with the Yoast SEO plugin v27.3 - https:\/\/yoast.com\/product\/yoast-seo-wordpress\/ -->\n<title>Sokeva BioComb Pintasuoja\/Mineral Block - Saumaustarvike.fi<\/title>\n<meta name=\"robots\" content=\"index, follow, max-snippet:-1, max-image-preview:large, max-video-preview:-1\" \/>\n<link rel=\"canonical\" href=\"https:\/\/saumaustarvike.fi\/verkkokauppa\/kauppa\/tuotemerkit\/sokeva-tuotemerkit\/sokeva-biocomb-ja-benac\/sokeva-biocomb-pintasuojamineral-block\/\" \/>\n<meta property=\"og:locale\" content=\"fi_FI\" \/>\n<meta property=\"og:type\" content=\"article\" \/>\n<meta property=\"og:title\" content=\"Sokeva BioComb Pintasuoja\/Mineral Block - Saumaustarvike.fi\" \/>\n<meta property=\"og:description\" content=\"Kyll\u00e4st\u00e4\u00e4 tehokkaasti kivi-, betoni-, muuratut ja rapatut pinnat. Soveltuu my\u00f6s puupinnoille. Erinomainen julkisivujen k\u00e4sittelyyn.\u00a0Muodostaa likaa ja vett\u00e4 hylkiv\u00e4n, UV-s\u00e4teilyn kest\u00e4v\u00e4n ja hengitt\u00e4v\u00e4n pinnan. Ehk\u00e4isee my\u00f6s pakkasrapautumista ja mikrobikasvustojen muodostumista.\" \/>\n<meta property=\"og:url\" content=\"https:\/\/saumaustarvike.fi\/verkkokauppa\/kauppa\/tuotemerkit\/sokeva-tuotemerkit\/sokeva-biocomb-ja-benac\/sokeva-biocomb-pintasuojamineral-block\/\" \/>\n<meta property=\"og:site_name\" content=\"Saumaustarvike.fi\" \/>\n<meta property=\"article:publisher\" content=\"https:\/\/www.facebook.com\/Saumalaakso\" \/>\n<meta property=\"article:modified_time\" content=\"2025-07-07T04:57:16+00:00\" \/>\n<meta property=\"og:image\" content=\"https:\/\/saumaustarvike.fi\/verkkokauppa\/content\/uploads\/2016\/09\/sokeva-biocomb-pintasuoja-bc-mineralblock-1000x1000.jpg\" \/>\n\t<meta property=\"og:image:width\" content=\"1000\" \/>\n\t<meta property=\"og:image:height\" content=\"1000\" \/>\n\t<meta property=\"og:image:type\" content=\"image\/jpeg\" \/>\n<meta name=\"twitter:label1\" content=\"Arvioitu lukuaika\" \/>\n\t<meta name=\"twitter:data1\" content=\"2 minuuttia\" \/>\n<script type=\"application\/ld+json\" class=\"yoast-schema-graph\">{\"@context\":\"https:\\\/\\\/schema.org\",\"@graph\":[{\"@type\":\"WebPage\",\"@id\":\"https:\\\/\\\/saumaustarvike.fi\\\/verkkokauppa\\\/kauppa\\\/tuotemerkit\\\/sokeva-tuotemerkit\\\/sokeva-biocomb-ja-benac\\\/sokeva-biocomb-pintasuojamineral-block\\\/\",\"url\":\"https:\\\/\\\/saumaustarvike.fi\\\/verkkokauppa\\\/kauppa\\\/tuotemerkit\\\/sokeva-tuotemerkit\\\/sokeva-biocomb-ja-benac\\\/sokeva-biocomb-pintasuojamineral-block\\\/\",\"name\":\"Sokeva BioComb Pintasuoja\\\/Mineral Block - Saumaustarvike.fi\",\"isPartOf\":{\"@id\":\"https:\\\/\\\/saumaustarvike.fi\\\/verkkokauppa\\\/#website\"},\"primaryImageOfPage\":{\"@id\":\"https:\\\/\\\/saumaustarvike.fi\\\/verkkokauppa\\\/kauppa\\\/tuotemerkit\\\/sokeva-tuotemerkit\\\/sokeva-biocomb-ja-benac\\\/sokeva-biocomb-pintasuojamineral-block\\\/#primaryimage\"},\"image\":{\"@id\":\"https:\\\/\\\/saumaustarvike.fi\\\/verkkokauppa\\\/kauppa\\\/tuotemerkit\\\/sokeva-tuotemerkit\\\/sokeva-biocomb-ja-benac\\\/sokeva-biocomb-pintasuojamineral-block\\\/#primaryimage\"},\"thumbnailUrl\":\"https:\\\/\\\/saumaustarvike.fi\\\/verkkokauppa\\\/wp-content\\\/uploads\\\/2016\\\/09\\\/sokeva-biocomb-pintasuoja-bc-mineralblock-1000x1000.jpg\",\"datePublished\":\"2016-09-24T11:17:54+00:00\",\"dateModified\":\"2025-07-07T04:57:16+00:00\",\"breadcrumb\":{\"@id\":\"https:\\\/\\\/saumaustarvike.fi\\\/verkkokauppa\\\/kauppa\\\/tuotemerkit\\\/sokeva-tuotemerkit\\\/sokeva-biocomb-ja-benac\\\/sokeva-biocomb-pintasuojamineral-block\\\/#breadcrumb\"},\"inLanguage\":\"fi\",\"potentialAction\":[{\"@type\":\"ReadAction\",\"target\":[\"https:\\\/\\\/saumaustarvike.fi\\\/verkkokauppa\\\/kauppa\\\/tuotemerkit\\\/sokeva-tuotemerkit\\\/sokeva-biocomb-ja-benac\\\/sokeva-biocomb-pintasuojamineral-block\\\/\"]}]},{\"@type\":\"ImageObject\",\"inLanguage\":\"fi\",\"@id\":\"https:\\\/\\\/saumaustarvike.fi\\\/verkkokauppa\\\/kauppa\\\/tuotemerkit\\\/sokeva-tuotemerkit\\\/sokeva-biocomb-ja-benac\\\/sokeva-biocomb-pintasuojamineral-block\\\/#primaryimage\",\"url\":\"https:\\\/\\\/saumaustarvike.fi\\\/verkkokauppa\\\/wp-content\\\/uploads\\\/2016\\\/09\\\/sokeva-biocomb-pintasuoja-bc-mineralblock-1000x1000.jpg\",\"contentUrl\":\"https:\\\/\\\/saumaustarvike.fi\\\/verkkokauppa\\\/wp-content\\\/uploads\\\/2016\\\/09\\\/sokeva-biocomb-pintasuoja-bc-mineralblock-1000x1000.jpg\",\"width\":1000,\"height\":1000},{\"@type\":\"BreadcrumbList\",\"@id\":\"https:\\\/\\\/saumaustarvike.fi\\\/verkkokauppa\\\/kauppa\\\/tuotemerkit\\\/sokeva-tuotemerkit\\\/sokeva-biocomb-ja-benac\\\/sokeva-biocomb-pintasuojamineral-block\\\/#breadcrumb\",\"itemListElement\":[{\"@type\":\"ListItem\",\"position\":1,\"name\":\"Home\",\"item\":\"https:\\\/\\\/saumaustarvike.fi\\\/verkkokauppa\\\/\"},{\"@type\":\"ListItem\",\"position\":2,\"name\":\"Saumausmassat, tarvikkeet ja ty\u00f6kalut\",\"item\":\"https:\\\/\\\/saumaustarvike.fi\\\/verkkokauppa\\\/kauppa\\\/\"},{\"@type\":\"ListItem\",\"position\":3,\"name\":\"Sokeva BioComb Pintasuoja\\\/Mineral Block\"}]},{\"@type\":\"WebSite\",\"@id\":\"https:\\\/\\\/saumaustarvike.fi\\\/verkkokauppa\\\/#website\",\"url\":\"https:\\\/\\\/saumaustarvike.fi\\\/verkkokauppa\\\/\",\"name\":\"Saumaustarvike.fi\",\"description\":\"Saumausmassat, tarvikkeet ja ty&ouml;kalut\",\"publisher\":{\"@id\":\"https:\\\/\\\/saumaustarvike.fi\\\/verkkokauppa\\\/#organization\"},\"potentialAction\":[{\"@type\":\"SearchAction\",\"target\":{\"@type\":\"EntryPoint\",\"urlTemplate\":\"https:\\\/\\\/saumaustarvike.fi\\\/verkkokauppa\\\/?s={search_term_string}\"},\"query-input\":{\"@type\":\"PropertyValueSpecification\",\"valueRequired\":true,\"valueName\":\"search_term_string\"}}],\"inLanguage\":\"fi\"},{\"@type\":\"Organization\",\"@id\":\"https:\\\/\\\/saumaustarvike.fi\\\/verkkokauppa\\\/#organization\",\"name\":\"Saumaustarvike.fi\",\"url\":\"https:\\\/\\\/saumaustarvike.fi\\\/verkkokauppa\\\/\",\"logo\":{\"@type\":\"ImageObject\",\"inLanguage\":\"fi\",\"@id\":\"https:\\\/\\\/saumaustarvike.fi\\\/verkkokauppa\\\/#\\\/schema\\\/logo\\\/image\\\/\",\"url\":\"https:\\\/\\\/saumaustarvike.fi\\\/verkkokauppa\\\/wp-content\\\/uploads\\\/2019\\\/02\\\/logo.png\",\"contentUrl\":\"https:\\\/\\\/saumaustarvike.fi\\\/verkkokauppa\\\/wp-content\\\/uploads\\\/2019\\\/02\\\/logo.png\",\"width\":806,\"height\":150,\"caption\":\"Saumaustarvike.fi\"},\"image\":{\"@id\":\"https:\\\/\\\/saumaustarvike.fi\\\/verkkokauppa\\\/#\\\/schema\\\/logo\\\/image\\\/\"},\"sameAs\":[\"https:\\\/\\\/www.facebook.com\\\/Saumalaakso\"]}]}<\/script>\n<!-- \/ Yoast SEO plugin. -->","yoast_head_json":{"title":"Sokeva BioComb Pintasuoja\/Mineral Block - Saumaustarvike.fi","robots":{"index":"index","follow":"follow","max-snippet":"max-snippet:-1","max-image-preview":"max-image-preview:large","max-video-preview":"max-video-preview:-1"},"canonical":"https:\/\/saumaustarvike.fi\/verkkokauppa\/kauppa\/tuotemerkit\/sokeva-tuotemerkit\/sokeva-biocomb-ja-benac\/sokeva-biocomb-pintasuojamineral-block\/","og_locale":"fi_FI","og_type":"article","og_title":"Sokeva BioComb Pintasuoja\/Mineral Block - Saumaustarvike.fi","og_description":"Kyll\u00e4st\u00e4\u00e4 tehokkaasti kivi-, betoni-, muuratut ja rapatut pinnat. Soveltuu my\u00f6s puupinnoille. Erinomainen julkisivujen k\u00e4sittelyyn.\u00a0Muodostaa likaa ja vett\u00e4 hylkiv\u00e4n, UV-s\u00e4teilyn kest\u00e4v\u00e4n ja hengitt\u00e4v\u00e4n pinnan. Ehk\u00e4isee my\u00f6s pakkasrapautumista ja mikrobikasvustojen muodostumista.","og_url":"https:\/\/saumaustarvike.fi\/verkkokauppa\/kauppa\/tuotemerkit\/sokeva-tuotemerkit\/sokeva-biocomb-ja-benac\/sokeva-biocomb-pintasuojamineral-block\/","og_site_name":"Saumaustarvike.fi","article_publisher":"https:\/\/www.facebook.com\/Saumalaakso","article_modified_time":"2025-07-07T04:57:16+00:00","og_image":[{"width":1000,"height":1000,"url":"https:\/\/saumaustarvike.fi\/verkkokauppa\/content\/uploads\/2016\/09\/sokeva-biocomb-pintasuoja-bc-mineralblock-1000x1000.jpg","type":"image\/jpeg"}],"twitter_misc":{"Arvioitu lukuaika":"2 minuuttia"},"schema":{"@context":"https:\/\/schema.org","@graph":[{"@type":"WebPage","@id":"https:\/\/saumaustarvike.fi\/verkkokauppa\/kauppa\/tuotemerkit\/sokeva-tuotemerkit\/sokeva-biocomb-ja-benac\/sokeva-biocomb-pintasuojamineral-block\/","url":"https:\/\/saumaustarvike.fi\/verkkokauppa\/kauppa\/tuotemerkit\/sokeva-tuotemerkit\/sokeva-biocomb-ja-benac\/sokeva-biocomb-pintasuojamineral-block\/","name":"Sokeva BioComb Pintasuoja\/Mineral Block - Saumaustarvike.fi","isPartOf":{"@id":"https:\/\/saumaustarvike.fi\/verkkokauppa\/#website"},"primaryImageOfPage":{"@id":"https:\/\/saumaustarvike.fi\/verkkokauppa\/kauppa\/tuotemerkit\/sokeva-tuotemerkit\/sokeva-biocomb-ja-benac\/sokeva-biocomb-pintasuojamineral-block\/#primaryimage"},"image":{"@id":"https:\/\/saumaustarvike.fi\/verkkokauppa\/kauppa\/tuotemerkit\/sokeva-tuotemerkit\/sokeva-biocomb-ja-benac\/sokeva-biocomb-pintasuojamineral-block\/#primaryimage"},"thumbnailUrl":"https:\/\/saumaustarvike.fi\/verkkokauppa\/wp-content\/uploads\/2016\/09\/sokeva-biocomb-pintasuoja-bc-mineralblock-1000x1000.jpg","datePublished":"2016-09-24T11:17:54+00:00","dateModified":"2025-07-07T04:57:16+00:00","breadcrumb":{"@id":"https:\/\/saumaustarvike.fi\/verkkokauppa\/kauppa\/tuotemerkit\/sokeva-tuotemerkit\/sokeva-biocomb-ja-benac\/sokeva-biocomb-pintasuojamineral-block\/#breadcrumb"},"inLanguage":"fi","potentialAction":[{"@type":"ReadAction","target":["https:\/\/saumaustarvike.fi\/verkkokauppa\/kauppa\/tuotemerkit\/sokeva-tuotemerkit\/sokeva-biocomb-ja-benac\/sokeva-biocomb-pintasuojamineral-block\/"]}]},{"@type":"ImageObject","inLanguage":"fi","@id":"https:\/\/saumaustarvike.fi\/verkkokauppa\/kauppa\/tuotemerkit\/sokeva-tuotemerkit\/sokeva-biocomb-ja-benac\/sokeva-biocomb-pintasuojamineral-block\/#primaryimage","url":"https:\/\/saumaustarvike.fi\/verkkokauppa\/wp-content\/uploads\/2016\/09\/sokeva-biocomb-pintasuoja-bc-mineralblock-1000x1000.jpg","contentUrl":"https:\/\/saumaustarvike.fi\/verkkokauppa\/wp-content\/uploads\/2016\/09\/sokeva-biocomb-pintasuoja-bc-mineralblock-1000x1000.jpg","width":1000,"height":1000},{"@type":"BreadcrumbList","@id":"https:\/\/saumaustarvike.fi\/verkkokauppa\/kauppa\/tuotemerkit\/sokeva-tuotemerkit\/sokeva-biocomb-ja-benac\/sokeva-biocomb-pintasuojamineral-block\/#breadcrumb","itemListElement":[{"@type":"ListItem","position":1,"name":"Home","item":"https:\/\/saumaustarvike.fi\/verkkokauppa\/"},{"@type":"ListItem","position":2,"name":"Saumausmassat, tarvikkeet ja ty\u00f6kalut","item":"https:\/\/saumaustarvike.fi\/verkkokauppa\/kauppa\/"},{"@type":"ListItem","position":3,"name":"Sokeva BioComb Pintasuoja\/Mineral Block"}]},{"@type":"WebSite","@id":"https:\/\/saumaustarvike.fi\/verkkokauppa\/#website","url":"https:\/\/saumaustarvike.fi\/verkkokauppa\/","name":"Saumaustarvike.fi","description":"Saumausmassat, tarvikkeet ja ty&ouml;kalut","publisher":{"@id":"https:\/\/saumaustarvike.fi\/verkkokauppa\/#organization"},"potentialAction":[{"@type":"SearchAction","target":{"@type":"EntryPoint","urlTemplate":"https:\/\/saumaustarvike.fi\/verkkokauppa\/?s={search_term_string}"},"query-input":{"@type":"PropertyValueSpecification","valueRequired":true,"valueName":"search_term_string"}}],"inLanguage":"fi"},{"@type":"Organization","@id":"https:\/\/saumaustarvike.fi\/verkkokauppa\/#organization","name":"Saumaustarvike.fi","url":"https:\/\/saumaustarvike.fi\/verkkokauppa\/","logo":{"@type":"ImageObject","inLanguage":"fi","@id":"https:\/\/saumaustarvike.fi\/verkkokauppa\/#\/schema\/logo\/image\/","url":"https:\/\/saumaustarvike.fi\/verkkokauppa\/wp-content\/uploads\/2019\/02\/logo.png","contentUrl":"https:\/\/saumaustarvike.fi\/verkkokauppa\/wp-content\/uploads\/2019\/02\/logo.png","width":806,"height":150,"caption":"Saumaustarvike.fi"},"image":{"@id":"https:\/\/saumaustarvike.fi\/verkkokauppa\/#\/schema\/logo\/image\/"},"sameAs":["https:\/\/www.facebook.com\/Saumalaakso"]}]}},"jetpack_sharing_enabled":true,"_links":{"self":[{"href":"https:\/\/saumaustarvike.fi\/verkkokauppa\/wp-json\/wp\/v2\/product\/9574","targetHints":{"allow":["GET"]}}],"collection":[{"href":"https:\/\/saumaustarvike.fi\/verkkokauppa\/wp-json\/wp\/v2\/product"}],"about":[{"href":"https:\/\/saumaustarvike.fi\/verkkokauppa\/wp-json\/wp\/v2\/types\/product"}],"replies":[{"embeddable":true,"href":"https:\/\/saumaustarvike.fi\/verkkokauppa\/wp-json\/wp\/v2\/comments?post=9574"}],"wp:featuredmedia":[{"embeddable":true,"href":"https:\/\/saumaustarvike.fi\/verkkokauppa\/wp-json\/wp\/v2\/media\/11812"}],"wp:attachment":[{"href":"https:\/\/saumaustarvike.fi\/verkkokauppa\/wp-json\/wp\/v2\/media?parent=9574"}],"wp:term":[{"taxonomy":"product_cat","embeddable":true,"href":"https:\/\/saumaustarvike.fi\/verkkokauppa\/wp-json\/wp\/v2\/product_cat?post=9574"},{"taxonomy":"product_tag","embeddable":true,"href":"https:\/\/saumaustarvike.fi\/verkkokauppa\/wp-json\/wp\/v2\/product_tag?post=9574"}],"curies":[{"name":"wp","href":"https:\/\/api.w.org\/{rel}","templated":true}]}}