{"id":9680,"date":"2016-10-11T09:48:54","date_gmt":"2016-10-11T06:48:54","guid":{"rendered":"https:\/\/saumaustarvike.fi\/verkkokauppa\/kauppa\/liimamassa-liimaus\/soudal-fix-all-turbo-liima-tiivistemassa-290ml\/"},"modified":"2024-09-13T18:17:16","modified_gmt":"2024-09-13T15:17:16","slug":"soudal-fix-all-turbo-liima-tiivistemassa-290ml","status":"publish","type":"product","link":"https:\/\/saumaustarvike.fi\/verkkokauppa\/kauppa\/tuotemerkit\/soudal-tuotemerkit\/soudal-asennusliimat-liimaus-ja-saumausmassat\/soudal-fix-all-turbo-liima-tiivistemassa-290ml\/","title":{"rendered":"Soudal Fix All Turbo liima- ja tiivistemassa 290ml"},"content":{"rendered":"<h1>Soudal Fix All Turbo liima- ja tiivistemassa 290ml<\/h1>\n<p>Liima- ja tiivistemassa \u2013 monik\u00e4ytt\u00f6 \u2013 nopea k\u00e4sittely- ja loppulujuus<\/p>\n<h2>Tuotekuvaus:<\/h2>\n<p>Fix All Turbo on 1-komponenttinen, korkealaatuinen liima- ja tiivistemassa, jolla on nopea k\u00e4sittely- ja loppulujuus. MS-polymeeripohjainen\u00ae, kemiallisesti neutraali ja t\u00e4ysin elastinen. Yleiseen teollisuusk\u00e4ytt\u00f6\u00f6n, autoteollisuuteen, laivan- ja veneenrakennukseen ja lentokoneteollisuuteen. Fix All \u2013 tuoteperheess\u00e4 Fix All Turbo tarjoaa paremman kuin liimauslujuuden kuin Fix All Classic, Fix All High Tackin ollessa paras lujuudeltaan. Fix All Turbo on nopea kuivumaan eritoten ohuissa (0,5mm) kerroksissa<\/p>\n<h2>Ominaisuudet:<\/h2>\n<p>&#8211; Nopea k\u00e4sittely- ja loppulujuus.<br \/>\n&#8211; Vahva loppulujuus.<br \/>\n&#8211; Hyv\u00e4 ty\u00f6stett\u00e4vyys.<br \/>\n&#8211; Soveltuu useimmille rakennusmateriaaleille, my\u00f6s kosteille pinnoille.<br \/>\n&#8211; Pysyv\u00e4sti elastinen.<br \/>\n&#8211; Voidaan p\u00e4\u00e4llemaalata useimmilla vesipohjaisilla maaleilla (katso kohta huomioitavaa).<br \/>\n&#8211; Ekologiset ja ty\u00f6turvallisuusedut \u2013 ei sis\u00e4ll\u00e4 isosyanaattia, liuotinaineita, halogeenej\u00e4 tai sy\u00f6vytt\u00e4vi\u00e4 aineita. Hajuton.<br \/>\n&#8211; Homesuojattu<br \/>\n&#8211; Helppo pursotettavuus ja viimeistelt\u00e4vyys my\u00f6s alhaisissa l\u00e4mp\u00f6tiloissa.<br \/>\n&#8211; Pit\u00e4\u00e4 v\u00e4rins\u00e4 \u2013 uv-s\u00e4teilynkest\u00e4v\u00e4.<br \/>\n&#8211; Ei v\u00e4rj\u00e4\u00e4 huokoisia pintoja kuten luonnonkive\u00e4, marmoria ja graniittia.<\/p>\n<h2>K\u00e4ytt\u00f6kohteet:<\/h2>\n<p>&#8211; Tiivistys ja liimaus rakennusteollisuudessa.<br \/>\n&#8211; Tiivistys ja liimaus metalliteollisuudessa.<br \/>\n&#8211; Lattiasaumaukset.<br \/>\n&#8211; Peilien ja luonnonkivimateriaalien liimaus.<br \/>\n&#8211; Rakennuslevyjen ja \u2013paneelien, eristyslevyjen, listojen ja muiden rakennusmateriaalien liimaus.<\/p>\n<h3>V\u00e4rit:<\/h3>\n<p>valkoinen<\/p>\n<h3>Pakkauskoko:<\/h3>\n<p>290 ml patruuna<\/p>\n<h3>Tekniset ominaisuudet<\/h3>\n<table border=\"0\" cellspacing=\"0\">\n<colgroup width=\"221\"><\/colgroup>\n<colgroup width=\"195\"><\/colgroup>\n<tbody>\n<tr>\n<td align=\"left\" height=\"20\"><span style=\"color: #000000;font-family: Arial, Arial\"> Perusaine <\/span><\/td>\n<td align=\"left\"><span style=\"color: #000000;font-family: Arial, Arial\">ms-polymeeri\u00ae <\/span><\/td>\n<\/tr>\n<tr>\n<td align=\"left\" height=\"17\"><span style=\"color: #000000;font-family: Arial, Arial\">Olomuoto <\/span><\/td>\n<td align=\"left\"><span style=\"color: #000000;font-family: Arial, Arial\">tahna <\/span><\/td>\n<\/tr>\n<tr>\n<td align=\"left\" height=\"17\"><span style=\"color: #000000;font-family: Arial, Arial\">Kuivumistapa <\/span><\/td>\n<td align=\"left\"><span style=\"color: #000000;font-family: Arial, Arial\">ilmankosteuden vaikutuksesta <\/span><\/td>\n<\/tr>\n<tr>\n<td align=\"left\" height=\"17\"><span style=\"color: #000000;font-family: Arial, Arial\">* Nahkoittuminen (20\u00b0C\/65% RH) <\/span><\/td>\n<td align=\"left\"><span style=\"color: #000000;font-family: Arial, Arial\">noin 5 minuuttia <\/span><\/td>\n<\/tr>\n<tr>\n<td align=\"left\" height=\"17\"><span style=\"color: #000000;font-family: Arial, Arial\">* Liimatun kappaleen liikuteltavuus <\/span><\/td>\n<td align=\"left\"><span style=\"color: #000000;font-family: Arial, Arial\">noin 5 minuuttia <\/span><\/td>\n<\/tr>\n<tr>\n<td align=\"left\" height=\"17\"><span style=\"color: #000000;font-family: Arial, Arial\">* K\u00e4sittelylujuus <\/span><\/td>\n<td align=\"left\"><span style=\"color: #000000;font-family: Arial, Arial\">noin 20 minuuttia (vahva liitos) <\/span><\/td>\n<\/tr>\n<tr>\n<td align=\"left\" height=\"17\"><span style=\"color: #000000;font-family: Arial, Arial\">Kovuus (DIN 53505) <\/span><\/td>\n<td align=\"left\"><span style=\"color: #000000;font-family: Arial, Arial\">65 \u00b1 5 Shore A <\/span><\/td>\n<\/tr>\n<tr>\n<td align=\"left\" height=\"17\"><span style=\"color: #000000;font-family: Arial, Arial\">Ominaispaino (DIN 53479) <\/span><\/td>\n<td align=\"left\"><span style=\"color: #000000;font-family: Arial, Arial\">1,52 g\/mL <\/span><\/td>\n<\/tr>\n<tr>\n<td align=\"left\" height=\"17\"><span style=\"color: #000000;font-family: Arial, Arial\">Elastinen palautuma (ISO 7389) <\/span><\/td>\n<td align=\"left\"><span style=\"color: #000000;font-family: Arial, Arial\">&gt; 75 % <\/span><\/td>\n<\/tr>\n<tr>\n<td align=\"left\" height=\"17\"><span style=\"color: #000000;font-family: Arial, Arial\">Elastisuus <\/span><\/td>\n<td align=\"left\"><span style=\"color: #000000;font-family: Arial, Arial\">\u00b1 20 % <\/span><\/td>\n<\/tr>\n<tr>\n<td align=\"left\" height=\"17\"><span style=\"color: #000000;font-family: Arial, Arial\">L\u00e4mp\u00f6tilankesto kuivuttuaan <\/span><\/td>\n<td align=\"left\"><span style=\"color: #000000;font-family: Arial, Arial\">-40\u00b0C\u2026+90\u00b0C <\/span><\/td>\n<\/tr>\n<tr>\n<td align=\"left\" height=\"17\"><span style=\"color: #000000;font-family: Arial, Arial\">E-Modulus 100 % (DIN 53504) <\/span><\/td>\n<td align=\"left\"><span style=\"color: #000000;font-family: Arial, Arial\">2,4 N\/mm2 <\/span><\/td>\n<\/tr>\n<tr>\n<td align=\"left\" height=\"17\"><span style=\"color: #000000;font-family: Arial, Arial\">Rep\u00e4isylujuus (DIN 53504) <\/span><\/td>\n<td align=\"left\"><span style=\"color: #000000;font-family: Arial, Arial\">3,8 N\/mm2 <\/span><\/td>\n<\/tr>\n<tr>\n<td align=\"left\" height=\"17\"><span style=\"color: #000000;font-family: Arial, Arial\">Murtovenym\u00e4 (DIN 53504) <\/span><\/td>\n<td align=\"left\"><span style=\"color: #000000;font-family: Arial, Arial\">200,00 %<\/span><\/td>\n<\/tr>\n<\/tbody>\n<\/table>\n<p>&nbsp;<\/p>\n","protected":false},"excerpt":{"rendered":"<p>Fix All Turbo on 1-komponenttinen, korkealaatuinen liima- ja tiivistemassa, jolla on nopea k\u00e4sittely- ja loppulujuus. MS-polymeeripohjainen\u00ae, kemiallisesti neutraali ja t\u00e4ysin elastinen.<\/p>\n","protected":false},"featured_media":16871,"comment_status":"open","ping_status":"closed","template":"","meta":{"_acf_changed":false},"product_cat":[2187,1547,1554,1553],"product_tag":[824,169,146,147,121,58,110,90,156,151,75,76,31,143,320,79,80],"class_list":{"0":"post-9680","1":"product","2":"type-product","3":"status-publish","4":"has-post-thumbnail","6":"product_brand-soudal","7":"product_cat-soudal-asennusliimat-liimaus-ja-saumausmassat","8":"product_cat-hybridi-smp-ja-ms-polymeerit","9":"product_cat-liimaus","10":"product_cat-tiivistys-tuotteet","11":"product_tag-high-tack","12":"product_tag-homesuojattu","13":"product_tag-hybridimassa","14":"product_tag-hybridipolymeeri","15":"product_tag-liima","16":"product_tag-liima-aine","17":"product_tag-liimamassa-2","18":"product_tag-liimaus","19":"product_tag-liimausmassa","20":"product_tag-ms-polymeeri","21":"product_tag-saumamassa","22":"product_tag-saumaus","23":"product_tag-saumausmassat","24":"product_tag-sisakayttoon","25":"product_tag-soudal","26":"product_tag-tiiviste","27":"product_tag-tiivistys-2","29":"first","30":"instock","31":"taxable","32":"shipping-taxable","33":"purchasable","34":"product-type-simple"},"acf":[],"yoast_head":"<!-- This site is optimized with the Yoast SEO plugin v27.5 - https:\/\/yoast.com\/product\/yoast-seo-wordpress\/ -->\n<title>Soudal Fix All Turbo liima- ja tiivistemassa 290ml - Saumaustarvike.fi<\/title>\n<meta name=\"robots\" content=\"index, follow, max-snippet:-1, max-image-preview:large, max-video-preview:-1\" \/>\n<link rel=\"canonical\" href=\"https:\/\/saumaustarvike.fi\/verkkokauppa\/kauppa\/tuotemerkit\/soudal-tuotemerkit\/soudal-asennusliimat-liimaus-ja-saumausmassat\/soudal-fix-all-turbo-liima-tiivistemassa-290ml\/\" \/>\n<meta property=\"og:locale\" content=\"fi_FI\" \/>\n<meta property=\"og:type\" content=\"article\" \/>\n<meta property=\"og:title\" content=\"Soudal Fix All Turbo liima- ja tiivistemassa 290ml - Saumaustarvike.fi\" \/>\n<meta property=\"og:description\" content=\"Fix All Turbo on 1-komponenttinen, korkealaatuinen liima- ja tiivistemassa, jolla on nopea k\u00e4sittely- ja loppulujuus. MS-polymeeripohjainen\u00ae, kemiallisesti neutraali ja t\u00e4ysin elastinen.\" \/>\n<meta property=\"og:url\" content=\"https:\/\/saumaustarvike.fi\/verkkokauppa\/kauppa\/tuotemerkit\/soudal-tuotemerkit\/soudal-asennusliimat-liimaus-ja-saumausmassat\/soudal-fix-all-turbo-liima-tiivistemassa-290ml\/\" \/>\n<meta property=\"og:site_name\" content=\"Saumaustarvike.fi\" \/>\n<meta property=\"article:publisher\" content=\"https:\/\/www.facebook.com\/Saumalaakso\" \/>\n<meta property=\"article:modified_time\" content=\"2024-09-13T15:17:16+00:00\" \/>\n<meta property=\"og:image\" content=\"https:\/\/saumaustarvike.fi\/verkkokauppa\/content\/uploads\/2016\/10\/Fix-ALL-Turbo.jpg\" \/>\n\t<meta property=\"og:image:width\" content=\"700\" \/>\n\t<meta property=\"og:image:height\" content=\"525\" \/>\n\t<meta property=\"og:image:type\" content=\"image\/jpeg\" \/>\n<meta name=\"twitter:label1\" content=\"Arvioitu lukuaika\" \/>\n\t<meta name=\"twitter:data1\" content=\"2 minuuttia\" \/>\n<script type=\"application\/ld+json\" class=\"yoast-schema-graph\">{\"@context\":\"https:\\\/\\\/schema.org\",\"@graph\":[{\"@type\":\"WebPage\",\"@id\":\"https:\\\/\\\/saumaustarvike.fi\\\/verkkokauppa\\\/kauppa\\\/tuotemerkit\\\/soudal-tuotemerkit\\\/soudal-asennusliimat-liimaus-ja-saumausmassat\\\/soudal-fix-all-turbo-liima-tiivistemassa-290ml\\\/\",\"url\":\"https:\\\/\\\/saumaustarvike.fi\\\/verkkokauppa\\\/kauppa\\\/tuotemerkit\\\/soudal-tuotemerkit\\\/soudal-asennusliimat-liimaus-ja-saumausmassat\\\/soudal-fix-all-turbo-liima-tiivistemassa-290ml\\\/\",\"name\":\"Soudal Fix All Turbo liima- ja tiivistemassa 290ml - Saumaustarvike.fi\",\"isPartOf\":{\"@id\":\"https:\\\/\\\/saumaustarvike.fi\\\/verkkokauppa\\\/#website\"},\"primaryImageOfPage\":{\"@id\":\"https:\\\/\\\/saumaustarvike.fi\\\/verkkokauppa\\\/kauppa\\\/tuotemerkit\\\/soudal-tuotemerkit\\\/soudal-asennusliimat-liimaus-ja-saumausmassat\\\/soudal-fix-all-turbo-liima-tiivistemassa-290ml\\\/#primaryimage\"},\"image\":{\"@id\":\"https:\\\/\\\/saumaustarvike.fi\\\/verkkokauppa\\\/kauppa\\\/tuotemerkit\\\/soudal-tuotemerkit\\\/soudal-asennusliimat-liimaus-ja-saumausmassat\\\/soudal-fix-all-turbo-liima-tiivistemassa-290ml\\\/#primaryimage\"},\"thumbnailUrl\":\"https:\\\/\\\/saumaustarvike.fi\\\/verkkokauppa\\\/wp-content\\\/uploads\\\/2016\\\/10\\\/Fix-ALL-Turbo.jpg\",\"datePublished\":\"2016-10-11T06:48:54+00:00\",\"dateModified\":\"2024-09-13T15:17:16+00:00\",\"breadcrumb\":{\"@id\":\"https:\\\/\\\/saumaustarvike.fi\\\/verkkokauppa\\\/kauppa\\\/tuotemerkit\\\/soudal-tuotemerkit\\\/soudal-asennusliimat-liimaus-ja-saumausmassat\\\/soudal-fix-all-turbo-liima-tiivistemassa-290ml\\\/#breadcrumb\"},\"inLanguage\":\"fi\",\"potentialAction\":[{\"@type\":\"ReadAction\",\"target\":[\"https:\\\/\\\/saumaustarvike.fi\\\/verkkokauppa\\\/kauppa\\\/tuotemerkit\\\/soudal-tuotemerkit\\\/soudal-asennusliimat-liimaus-ja-saumausmassat\\\/soudal-fix-all-turbo-liima-tiivistemassa-290ml\\\/\"]}]},{\"@type\":\"ImageObject\",\"inLanguage\":\"fi\",\"@id\":\"https:\\\/\\\/saumaustarvike.fi\\\/verkkokauppa\\\/kauppa\\\/tuotemerkit\\\/soudal-tuotemerkit\\\/soudal-asennusliimat-liimaus-ja-saumausmassat\\\/soudal-fix-all-turbo-liima-tiivistemassa-290ml\\\/#primaryimage\",\"url\":\"https:\\\/\\\/saumaustarvike.fi\\\/verkkokauppa\\\/wp-content\\\/uploads\\\/2016\\\/10\\\/Fix-ALL-Turbo.jpg\",\"contentUrl\":\"https:\\\/\\\/saumaustarvike.fi\\\/verkkokauppa\\\/wp-content\\\/uploads\\\/2016\\\/10\\\/Fix-ALL-Turbo.jpg\",\"width\":700,\"height\":525},{\"@type\":\"BreadcrumbList\",\"@id\":\"https:\\\/\\\/saumaustarvike.fi\\\/verkkokauppa\\\/kauppa\\\/tuotemerkit\\\/soudal-tuotemerkit\\\/soudal-asennusliimat-liimaus-ja-saumausmassat\\\/soudal-fix-all-turbo-liima-tiivistemassa-290ml\\\/#breadcrumb\",\"itemListElement\":[{\"@type\":\"ListItem\",\"position\":1,\"name\":\"Home\",\"item\":\"https:\\\/\\\/saumaustarvike.fi\\\/verkkokauppa\\\/\"},{\"@type\":\"ListItem\",\"position\":2,\"name\":\"Saumausmassat, tarvikkeet ja ty\u00f6kalut\",\"item\":\"https:\\\/\\\/saumaustarvike.fi\\\/verkkokauppa\\\/kauppa\\\/\"},{\"@type\":\"ListItem\",\"position\":3,\"name\":\"Soudal Fix All Turbo liima- ja tiivistemassa 290ml\"}]},{\"@type\":\"WebSite\",\"@id\":\"https:\\\/\\\/saumaustarvike.fi\\\/verkkokauppa\\\/#website\",\"url\":\"https:\\\/\\\/saumaustarvike.fi\\\/verkkokauppa\\\/\",\"name\":\"Saumaustarvike.fi\",\"description\":\"Saumausmassat, tarvikkeet ja ty&ouml;kalut\",\"publisher\":{\"@id\":\"https:\\\/\\\/saumaustarvike.fi\\\/verkkokauppa\\\/#organization\"},\"potentialAction\":[{\"@type\":\"SearchAction\",\"target\":{\"@type\":\"EntryPoint\",\"urlTemplate\":\"https:\\\/\\\/saumaustarvike.fi\\\/verkkokauppa\\\/?s={search_term_string}\"},\"query-input\":{\"@type\":\"PropertyValueSpecification\",\"valueRequired\":true,\"valueName\":\"search_term_string\"}}],\"inLanguage\":\"fi\"},{\"@type\":\"Organization\",\"@id\":\"https:\\\/\\\/saumaustarvike.fi\\\/verkkokauppa\\\/#organization\",\"name\":\"Saumaustarvike.fi\",\"url\":\"https:\\\/\\\/saumaustarvike.fi\\\/verkkokauppa\\\/\",\"logo\":{\"@type\":\"ImageObject\",\"inLanguage\":\"fi\",\"@id\":\"https:\\\/\\\/saumaustarvike.fi\\\/verkkokauppa\\\/#\\\/schema\\\/logo\\\/image\\\/\",\"url\":\"https:\\\/\\\/saumaustarvike.fi\\\/verkkokauppa\\\/wp-content\\\/uploads\\\/2019\\\/02\\\/logo.png\",\"contentUrl\":\"https:\\\/\\\/saumaustarvike.fi\\\/verkkokauppa\\\/wp-content\\\/uploads\\\/2019\\\/02\\\/logo.png\",\"width\":806,\"height\":150,\"caption\":\"Saumaustarvike.fi\"},\"image\":{\"@id\":\"https:\\\/\\\/saumaustarvike.fi\\\/verkkokauppa\\\/#\\\/schema\\\/logo\\\/image\\\/\"},\"sameAs\":[\"https:\\\/\\\/www.facebook.com\\\/Saumalaakso\"]}]}<\/script>\n<!-- \/ Yoast SEO plugin. -->","yoast_head_json":{"title":"Soudal Fix All Turbo liima- ja tiivistemassa 290ml - Saumaustarvike.fi","robots":{"index":"index","follow":"follow","max-snippet":"max-snippet:-1","max-image-preview":"max-image-preview:large","max-video-preview":"max-video-preview:-1"},"canonical":"https:\/\/saumaustarvike.fi\/verkkokauppa\/kauppa\/tuotemerkit\/soudal-tuotemerkit\/soudal-asennusliimat-liimaus-ja-saumausmassat\/soudal-fix-all-turbo-liima-tiivistemassa-290ml\/","og_locale":"fi_FI","og_type":"article","og_title":"Soudal Fix All Turbo liima- ja tiivistemassa 290ml - Saumaustarvike.fi","og_description":"Fix All Turbo on 1-komponenttinen, korkealaatuinen liima- ja tiivistemassa, jolla on nopea k\u00e4sittely- ja loppulujuus. MS-polymeeripohjainen\u00ae, kemiallisesti neutraali ja t\u00e4ysin elastinen.","og_url":"https:\/\/saumaustarvike.fi\/verkkokauppa\/kauppa\/tuotemerkit\/soudal-tuotemerkit\/soudal-asennusliimat-liimaus-ja-saumausmassat\/soudal-fix-all-turbo-liima-tiivistemassa-290ml\/","og_site_name":"Saumaustarvike.fi","article_publisher":"https:\/\/www.facebook.com\/Saumalaakso","article_modified_time":"2024-09-13T15:17:16+00:00","og_image":[{"width":700,"height":525,"url":"https:\/\/saumaustarvike.fi\/verkkokauppa\/content\/uploads\/2016\/10\/Fix-ALL-Turbo.jpg","type":"image\/jpeg"}],"twitter_misc":{"Arvioitu lukuaika":"2 minuuttia"},"schema":{"@context":"https:\/\/schema.org","@graph":[{"@type":"WebPage","@id":"https:\/\/saumaustarvike.fi\/verkkokauppa\/kauppa\/tuotemerkit\/soudal-tuotemerkit\/soudal-asennusliimat-liimaus-ja-saumausmassat\/soudal-fix-all-turbo-liima-tiivistemassa-290ml\/","url":"https:\/\/saumaustarvike.fi\/verkkokauppa\/kauppa\/tuotemerkit\/soudal-tuotemerkit\/soudal-asennusliimat-liimaus-ja-saumausmassat\/soudal-fix-all-turbo-liima-tiivistemassa-290ml\/","name":"Soudal Fix All Turbo liima- ja tiivistemassa 290ml - Saumaustarvike.fi","isPartOf":{"@id":"https:\/\/saumaustarvike.fi\/verkkokauppa\/#website"},"primaryImageOfPage":{"@id":"https:\/\/saumaustarvike.fi\/verkkokauppa\/kauppa\/tuotemerkit\/soudal-tuotemerkit\/soudal-asennusliimat-liimaus-ja-saumausmassat\/soudal-fix-all-turbo-liima-tiivistemassa-290ml\/#primaryimage"},"image":{"@id":"https:\/\/saumaustarvike.fi\/verkkokauppa\/kauppa\/tuotemerkit\/soudal-tuotemerkit\/soudal-asennusliimat-liimaus-ja-saumausmassat\/soudal-fix-all-turbo-liima-tiivistemassa-290ml\/#primaryimage"},"thumbnailUrl":"https:\/\/saumaustarvike.fi\/verkkokauppa\/wp-content\/uploads\/2016\/10\/Fix-ALL-Turbo.jpg","datePublished":"2016-10-11T06:48:54+00:00","dateModified":"2024-09-13T15:17:16+00:00","breadcrumb":{"@id":"https:\/\/saumaustarvike.fi\/verkkokauppa\/kauppa\/tuotemerkit\/soudal-tuotemerkit\/soudal-asennusliimat-liimaus-ja-saumausmassat\/soudal-fix-all-turbo-liima-tiivistemassa-290ml\/#breadcrumb"},"inLanguage":"fi","potentialAction":[{"@type":"ReadAction","target":["https:\/\/saumaustarvike.fi\/verkkokauppa\/kauppa\/tuotemerkit\/soudal-tuotemerkit\/soudal-asennusliimat-liimaus-ja-saumausmassat\/soudal-fix-all-turbo-liima-tiivistemassa-290ml\/"]}]},{"@type":"ImageObject","inLanguage":"fi","@id":"https:\/\/saumaustarvike.fi\/verkkokauppa\/kauppa\/tuotemerkit\/soudal-tuotemerkit\/soudal-asennusliimat-liimaus-ja-saumausmassat\/soudal-fix-all-turbo-liima-tiivistemassa-290ml\/#primaryimage","url":"https:\/\/saumaustarvike.fi\/verkkokauppa\/wp-content\/uploads\/2016\/10\/Fix-ALL-Turbo.jpg","contentUrl":"https:\/\/saumaustarvike.fi\/verkkokauppa\/wp-content\/uploads\/2016\/10\/Fix-ALL-Turbo.jpg","width":700,"height":525},{"@type":"BreadcrumbList","@id":"https:\/\/saumaustarvike.fi\/verkkokauppa\/kauppa\/tuotemerkit\/soudal-tuotemerkit\/soudal-asennusliimat-liimaus-ja-saumausmassat\/soudal-fix-all-turbo-liima-tiivistemassa-290ml\/#breadcrumb","itemListElement":[{"@type":"ListItem","position":1,"name":"Home","item":"https:\/\/saumaustarvike.fi\/verkkokauppa\/"},{"@type":"ListItem","position":2,"name":"Saumausmassat, tarvikkeet ja ty\u00f6kalut","item":"https:\/\/saumaustarvike.fi\/verkkokauppa\/kauppa\/"},{"@type":"ListItem","position":3,"name":"Soudal Fix All Turbo liima- ja tiivistemassa 290ml"}]},{"@type":"WebSite","@id":"https:\/\/saumaustarvike.fi\/verkkokauppa\/#website","url":"https:\/\/saumaustarvike.fi\/verkkokauppa\/","name":"Saumaustarvike.fi","description":"Saumausmassat, tarvikkeet ja ty&ouml;kalut","publisher":{"@id":"https:\/\/saumaustarvike.fi\/verkkokauppa\/#organization"},"potentialAction":[{"@type":"SearchAction","target":{"@type":"EntryPoint","urlTemplate":"https:\/\/saumaustarvike.fi\/verkkokauppa\/?s={search_term_string}"},"query-input":{"@type":"PropertyValueSpecification","valueRequired":true,"valueName":"search_term_string"}}],"inLanguage":"fi"},{"@type":"Organization","@id":"https:\/\/saumaustarvike.fi\/verkkokauppa\/#organization","name":"Saumaustarvike.fi","url":"https:\/\/saumaustarvike.fi\/verkkokauppa\/","logo":{"@type":"ImageObject","inLanguage":"fi","@id":"https:\/\/saumaustarvike.fi\/verkkokauppa\/#\/schema\/logo\/image\/","url":"https:\/\/saumaustarvike.fi\/verkkokauppa\/wp-content\/uploads\/2019\/02\/logo.png","contentUrl":"https:\/\/saumaustarvike.fi\/verkkokauppa\/wp-content\/uploads\/2019\/02\/logo.png","width":806,"height":150,"caption":"Saumaustarvike.fi"},"image":{"@id":"https:\/\/saumaustarvike.fi\/verkkokauppa\/#\/schema\/logo\/image\/"},"sameAs":["https:\/\/www.facebook.com\/Saumalaakso"]}]}},"jetpack_sharing_enabled":true,"_links":{"self":[{"href":"https:\/\/saumaustarvike.fi\/verkkokauppa\/wp-json\/wp\/v2\/product\/9680","targetHints":{"allow":["GET"]}}],"collection":[{"href":"https:\/\/saumaustarvike.fi\/verkkokauppa\/wp-json\/wp\/v2\/product"}],"about":[{"href":"https:\/\/saumaustarvike.fi\/verkkokauppa\/wp-json\/wp\/v2\/types\/product"}],"replies":[{"embeddable":true,"href":"https:\/\/saumaustarvike.fi\/verkkokauppa\/wp-json\/wp\/v2\/comments?post=9680"}],"wp:featuredmedia":[{"embeddable":true,"href":"https:\/\/saumaustarvike.fi\/verkkokauppa\/wp-json\/wp\/v2\/media\/16871"}],"wp:attachment":[{"href":"https:\/\/saumaustarvike.fi\/verkkokauppa\/wp-json\/wp\/v2\/media?parent=9680"}],"wp:term":[{"taxonomy":"product_cat","embeddable":true,"href":"https:\/\/saumaustarvike.fi\/verkkokauppa\/wp-json\/wp\/v2\/product_cat?post=9680"},{"taxonomy":"product_tag","embeddable":true,"href":"https:\/\/saumaustarvike.fi\/verkkokauppa\/wp-json\/wp\/v2\/product_tag?post=9680"}],"curies":[{"name":"wp","href":"https:\/\/api.w.org\/{rel}","templated":true}]}}