{"id":9719,"date":"2016-10-19T13:25:49","date_gmt":"2016-10-19T10:25:49","guid":{"rendered":"https:\/\/saumaustarvike.fi\/verkkokauppa\/kauppa\/tarvikkeet\/st-tool-polykarbonaattilinssi-suojalasit-st16-huurtumaton\/"},"modified":"2024-09-12T20:42:11","modified_gmt":"2024-09-12T17:42:11","slug":"worksafe-suojalasit-jaguar-kirkas-ja-huurtumaton","status":"publish","type":"product","link":"https:\/\/saumaustarvike.fi\/verkkokauppa\/kauppa\/tuotemerkit\/st-tool-tuotemerkit\/st-tool-suojaimet\/worksafe-suojalasit-jaguar-kirkas-ja-huurtumaton\/","title":{"rendered":"Worksafe Suojalasit Jaguar, kirkas ja huurtumaton"},"content":{"rendered":"<h1>Worksafe Suojalasit Jaguar, kirkas ja huurtumaton<\/h1>\n<p>Suojalasit, joissa pehme\u00e4 nen\u00e4silta ja sankojen p\u00e4iss\u00e4 mukavuutta parantava pinnoite. Eritt\u00e4in kevyt malli, vain 21 g<br \/>\nEurooppalaisen standardin CE EN166 mukaiset. Mekaaninen suojaluokka FT. Optinen luokka 1.<\/p>\n<h3>K\u00e4ytt\u00f6<\/h3>\n<p>K\u00e4yt\u00e4 suojalaseja koko ty\u00f6najan mahdollisten vahinkojen est\u00e4miseksi.<\/p>\n<p>EN166 1 F<\/p>\n<p class=\"article-no\">Tuotenumero\u00a040330179<\/p>\n","protected":false},"excerpt":{"rendered":"<p>Suojalasit, joissa pehme\u00e4 nen\u00e4silta ja sankojen p\u00e4iss\u00e4 mukavuutta parantava pinnoite. Eritt\u00e4in kevyt malli, vain 21 g.\u00a0 Eurooppalaisen standardin CE EN166 mukaiset. Mekaaninen suojaluokka FT. Optinen luokka 1.<\/p>\n","protected":false},"featured_media":16412,"comment_status":"open","ping_status":"closed","template":"","meta":{"_acf_changed":false},"product_cat":[1574,2186],"product_tag":[1322,1323,467,470,468],"class_list":{"0":"post-9719","1":"product","2":"type-product","3":"status-publish","4":"has-post-thumbnail","6":"product_brand-worksafe","7":"product_cat-kuulo-hengitys-silma-ym-suojaimet-ja-kyparat","8":"product_cat-st-tool-suojaimet","9":"product_tag-huurtumaton","10":"product_tag-nylon","11":"product_tag-suojalasit","12":"product_tag-ultravioletti","13":"product_tag-uv-suoja","15":"first","16":"instock","17":"taxable","18":"shipping-taxable","19":"purchasable","20":"product-type-simple"},"acf":[],"yoast_head":"<!-- This site is optimized with the Yoast SEO plugin v27.3 - https:\/\/yoast.com\/product\/yoast-seo-wordpress\/ -->\n<title>Worksafe Suojalasit Jaguar, kirkas ja huurtumaton - Saumaustarvike.fi<\/title>\n<meta name=\"robots\" content=\"index, follow, max-snippet:-1, max-image-preview:large, max-video-preview:-1\" \/>\n<link rel=\"canonical\" href=\"https:\/\/saumaustarvike.fi\/verkkokauppa\/kauppa\/tuotemerkit\/st-tool-tuotemerkit\/st-tool-suojaimet\/worksafe-suojalasit-jaguar-kirkas-ja-huurtumaton\/\" \/>\n<meta property=\"og:locale\" content=\"fi_FI\" \/>\n<meta property=\"og:type\" content=\"article\" \/>\n<meta property=\"og:title\" content=\"Worksafe Suojalasit Jaguar, kirkas ja huurtumaton - Saumaustarvike.fi\" \/>\n<meta property=\"og:description\" content=\"Suojalasit, joissa pehme\u00e4 nen\u00e4silta ja sankojen p\u00e4iss\u00e4 mukavuutta parantava pinnoite. Eritt\u00e4in kevyt malli, vain 21 g.\u00a0 Eurooppalaisen standardin CE EN166 mukaiset. Mekaaninen suojaluokka FT. Optinen luokka 1.\" \/>\n<meta property=\"og:url\" content=\"https:\/\/saumaustarvike.fi\/verkkokauppa\/kauppa\/tuotemerkit\/st-tool-tuotemerkit\/st-tool-suojaimet\/worksafe-suojalasit-jaguar-kirkas-ja-huurtumaton\/\" \/>\n<meta property=\"og:site_name\" content=\"Saumaustarvike.fi\" \/>\n<meta property=\"article:publisher\" content=\"https:\/\/www.facebook.com\/Saumalaakso\" \/>\n<meta property=\"article:modified_time\" content=\"2024-09-12T17:42:11+00:00\" \/>\n<meta property=\"og:image\" content=\"https:\/\/saumaustarvike.fi\/verkkokauppa\/content\/uploads\/2016\/10\/saumaustarvike-Worksafe-Suojalasit-Jaguar.jpg\" \/>\n\t<meta property=\"og:image:width\" content=\"1000\" \/>\n\t<meta property=\"og:image:height\" content=\"1000\" \/>\n\t<meta property=\"og:image:type\" content=\"image\/jpeg\" \/>\n<meta name=\"twitter:label1\" content=\"Arvioitu lukuaika\" \/>\n\t<meta name=\"twitter:data1\" content=\"1 minuutti\" \/>\n<script type=\"application\/ld+json\" class=\"yoast-schema-graph\">{\"@context\":\"https:\\\/\\\/schema.org\",\"@graph\":[{\"@type\":\"WebPage\",\"@id\":\"https:\\\/\\\/saumaustarvike.fi\\\/verkkokauppa\\\/kauppa\\\/tuotemerkit\\\/st-tool-tuotemerkit\\\/st-tool-suojaimet\\\/worksafe-suojalasit-jaguar-kirkas-ja-huurtumaton\\\/\",\"url\":\"https:\\\/\\\/saumaustarvike.fi\\\/verkkokauppa\\\/kauppa\\\/tuotemerkit\\\/st-tool-tuotemerkit\\\/st-tool-suojaimet\\\/worksafe-suojalasit-jaguar-kirkas-ja-huurtumaton\\\/\",\"name\":\"Worksafe Suojalasit Jaguar, kirkas ja huurtumaton - Saumaustarvike.fi\",\"isPartOf\":{\"@id\":\"https:\\\/\\\/saumaustarvike.fi\\\/verkkokauppa\\\/#website\"},\"primaryImageOfPage\":{\"@id\":\"https:\\\/\\\/saumaustarvike.fi\\\/verkkokauppa\\\/kauppa\\\/tuotemerkit\\\/st-tool-tuotemerkit\\\/st-tool-suojaimet\\\/worksafe-suojalasit-jaguar-kirkas-ja-huurtumaton\\\/#primaryimage\"},\"image\":{\"@id\":\"https:\\\/\\\/saumaustarvike.fi\\\/verkkokauppa\\\/kauppa\\\/tuotemerkit\\\/st-tool-tuotemerkit\\\/st-tool-suojaimet\\\/worksafe-suojalasit-jaguar-kirkas-ja-huurtumaton\\\/#primaryimage\"},\"thumbnailUrl\":\"https:\\\/\\\/saumaustarvike.fi\\\/verkkokauppa\\\/wp-content\\\/uploads\\\/2016\\\/10\\\/saumaustarvike-Worksafe-Suojalasit-Jaguar.jpg\",\"datePublished\":\"2016-10-19T10:25:49+00:00\",\"dateModified\":\"2024-09-12T17:42:11+00:00\",\"breadcrumb\":{\"@id\":\"https:\\\/\\\/saumaustarvike.fi\\\/verkkokauppa\\\/kauppa\\\/tuotemerkit\\\/st-tool-tuotemerkit\\\/st-tool-suojaimet\\\/worksafe-suojalasit-jaguar-kirkas-ja-huurtumaton\\\/#breadcrumb\"},\"inLanguage\":\"fi\",\"potentialAction\":[{\"@type\":\"ReadAction\",\"target\":[\"https:\\\/\\\/saumaustarvike.fi\\\/verkkokauppa\\\/kauppa\\\/tuotemerkit\\\/st-tool-tuotemerkit\\\/st-tool-suojaimet\\\/worksafe-suojalasit-jaguar-kirkas-ja-huurtumaton\\\/\"]}]},{\"@type\":\"ImageObject\",\"inLanguage\":\"fi\",\"@id\":\"https:\\\/\\\/saumaustarvike.fi\\\/verkkokauppa\\\/kauppa\\\/tuotemerkit\\\/st-tool-tuotemerkit\\\/st-tool-suojaimet\\\/worksafe-suojalasit-jaguar-kirkas-ja-huurtumaton\\\/#primaryimage\",\"url\":\"https:\\\/\\\/saumaustarvike.fi\\\/verkkokauppa\\\/wp-content\\\/uploads\\\/2016\\\/10\\\/saumaustarvike-Worksafe-Suojalasit-Jaguar.jpg\",\"contentUrl\":\"https:\\\/\\\/saumaustarvike.fi\\\/verkkokauppa\\\/wp-content\\\/uploads\\\/2016\\\/10\\\/saumaustarvike-Worksafe-Suojalasit-Jaguar.jpg\",\"width\":1000,\"height\":1000},{\"@type\":\"BreadcrumbList\",\"@id\":\"https:\\\/\\\/saumaustarvike.fi\\\/verkkokauppa\\\/kauppa\\\/tuotemerkit\\\/st-tool-tuotemerkit\\\/st-tool-suojaimet\\\/worksafe-suojalasit-jaguar-kirkas-ja-huurtumaton\\\/#breadcrumb\",\"itemListElement\":[{\"@type\":\"ListItem\",\"position\":1,\"name\":\"Home\",\"item\":\"https:\\\/\\\/saumaustarvike.fi\\\/verkkokauppa\\\/\"},{\"@type\":\"ListItem\",\"position\":2,\"name\":\"Saumausmassat, tarvikkeet ja ty\u00f6kalut\",\"item\":\"https:\\\/\\\/saumaustarvike.fi\\\/verkkokauppa\\\/kauppa\\\/\"},{\"@type\":\"ListItem\",\"position\":3,\"name\":\"Worksafe Suojalasit Jaguar, kirkas ja huurtumaton\"}]},{\"@type\":\"WebSite\",\"@id\":\"https:\\\/\\\/saumaustarvike.fi\\\/verkkokauppa\\\/#website\",\"url\":\"https:\\\/\\\/saumaustarvike.fi\\\/verkkokauppa\\\/\",\"name\":\"Saumaustarvike.fi\",\"description\":\"Saumausmassat, tarvikkeet ja ty&ouml;kalut\",\"publisher\":{\"@id\":\"https:\\\/\\\/saumaustarvike.fi\\\/verkkokauppa\\\/#organization\"},\"potentialAction\":[{\"@type\":\"SearchAction\",\"target\":{\"@type\":\"EntryPoint\",\"urlTemplate\":\"https:\\\/\\\/saumaustarvike.fi\\\/verkkokauppa\\\/?s={search_term_string}\"},\"query-input\":{\"@type\":\"PropertyValueSpecification\",\"valueRequired\":true,\"valueName\":\"search_term_string\"}}],\"inLanguage\":\"fi\"},{\"@type\":\"Organization\",\"@id\":\"https:\\\/\\\/saumaustarvike.fi\\\/verkkokauppa\\\/#organization\",\"name\":\"Saumaustarvike.fi\",\"url\":\"https:\\\/\\\/saumaustarvike.fi\\\/verkkokauppa\\\/\",\"logo\":{\"@type\":\"ImageObject\",\"inLanguage\":\"fi\",\"@id\":\"https:\\\/\\\/saumaustarvike.fi\\\/verkkokauppa\\\/#\\\/schema\\\/logo\\\/image\\\/\",\"url\":\"https:\\\/\\\/saumaustarvike.fi\\\/verkkokauppa\\\/wp-content\\\/uploads\\\/2019\\\/02\\\/logo.png\",\"contentUrl\":\"https:\\\/\\\/saumaustarvike.fi\\\/verkkokauppa\\\/wp-content\\\/uploads\\\/2019\\\/02\\\/logo.png\",\"width\":806,\"height\":150,\"caption\":\"Saumaustarvike.fi\"},\"image\":{\"@id\":\"https:\\\/\\\/saumaustarvike.fi\\\/verkkokauppa\\\/#\\\/schema\\\/logo\\\/image\\\/\"},\"sameAs\":[\"https:\\\/\\\/www.facebook.com\\\/Saumalaakso\"]}]}<\/script>\n<!-- \/ Yoast SEO plugin. -->","yoast_head_json":{"title":"Worksafe Suojalasit Jaguar, kirkas ja huurtumaton - Saumaustarvike.fi","robots":{"index":"index","follow":"follow","max-snippet":"max-snippet:-1","max-image-preview":"max-image-preview:large","max-video-preview":"max-video-preview:-1"},"canonical":"https:\/\/saumaustarvike.fi\/verkkokauppa\/kauppa\/tuotemerkit\/st-tool-tuotemerkit\/st-tool-suojaimet\/worksafe-suojalasit-jaguar-kirkas-ja-huurtumaton\/","og_locale":"fi_FI","og_type":"article","og_title":"Worksafe Suojalasit Jaguar, kirkas ja huurtumaton - Saumaustarvike.fi","og_description":"Suojalasit, joissa pehme\u00e4 nen\u00e4silta ja sankojen p\u00e4iss\u00e4 mukavuutta parantava pinnoite. Eritt\u00e4in kevyt malli, vain 21 g.\u00a0 Eurooppalaisen standardin CE EN166 mukaiset. Mekaaninen suojaluokka FT. Optinen luokka 1.","og_url":"https:\/\/saumaustarvike.fi\/verkkokauppa\/kauppa\/tuotemerkit\/st-tool-tuotemerkit\/st-tool-suojaimet\/worksafe-suojalasit-jaguar-kirkas-ja-huurtumaton\/","og_site_name":"Saumaustarvike.fi","article_publisher":"https:\/\/www.facebook.com\/Saumalaakso","article_modified_time":"2024-09-12T17:42:11+00:00","og_image":[{"width":1000,"height":1000,"url":"https:\/\/saumaustarvike.fi\/verkkokauppa\/content\/uploads\/2016\/10\/saumaustarvike-Worksafe-Suojalasit-Jaguar.jpg","type":"image\/jpeg"}],"twitter_misc":{"Arvioitu lukuaika":"1 minuutti"},"schema":{"@context":"https:\/\/schema.org","@graph":[{"@type":"WebPage","@id":"https:\/\/saumaustarvike.fi\/verkkokauppa\/kauppa\/tuotemerkit\/st-tool-tuotemerkit\/st-tool-suojaimet\/worksafe-suojalasit-jaguar-kirkas-ja-huurtumaton\/","url":"https:\/\/saumaustarvike.fi\/verkkokauppa\/kauppa\/tuotemerkit\/st-tool-tuotemerkit\/st-tool-suojaimet\/worksafe-suojalasit-jaguar-kirkas-ja-huurtumaton\/","name":"Worksafe Suojalasit Jaguar, kirkas ja huurtumaton - Saumaustarvike.fi","isPartOf":{"@id":"https:\/\/saumaustarvike.fi\/verkkokauppa\/#website"},"primaryImageOfPage":{"@id":"https:\/\/saumaustarvike.fi\/verkkokauppa\/kauppa\/tuotemerkit\/st-tool-tuotemerkit\/st-tool-suojaimet\/worksafe-suojalasit-jaguar-kirkas-ja-huurtumaton\/#primaryimage"},"image":{"@id":"https:\/\/saumaustarvike.fi\/verkkokauppa\/kauppa\/tuotemerkit\/st-tool-tuotemerkit\/st-tool-suojaimet\/worksafe-suojalasit-jaguar-kirkas-ja-huurtumaton\/#primaryimage"},"thumbnailUrl":"https:\/\/saumaustarvike.fi\/verkkokauppa\/wp-content\/uploads\/2016\/10\/saumaustarvike-Worksafe-Suojalasit-Jaguar.jpg","datePublished":"2016-10-19T10:25:49+00:00","dateModified":"2024-09-12T17:42:11+00:00","breadcrumb":{"@id":"https:\/\/saumaustarvike.fi\/verkkokauppa\/kauppa\/tuotemerkit\/st-tool-tuotemerkit\/st-tool-suojaimet\/worksafe-suojalasit-jaguar-kirkas-ja-huurtumaton\/#breadcrumb"},"inLanguage":"fi","potentialAction":[{"@type":"ReadAction","target":["https:\/\/saumaustarvike.fi\/verkkokauppa\/kauppa\/tuotemerkit\/st-tool-tuotemerkit\/st-tool-suojaimet\/worksafe-suojalasit-jaguar-kirkas-ja-huurtumaton\/"]}]},{"@type":"ImageObject","inLanguage":"fi","@id":"https:\/\/saumaustarvike.fi\/verkkokauppa\/kauppa\/tuotemerkit\/st-tool-tuotemerkit\/st-tool-suojaimet\/worksafe-suojalasit-jaguar-kirkas-ja-huurtumaton\/#primaryimage","url":"https:\/\/saumaustarvike.fi\/verkkokauppa\/wp-content\/uploads\/2016\/10\/saumaustarvike-Worksafe-Suojalasit-Jaguar.jpg","contentUrl":"https:\/\/saumaustarvike.fi\/verkkokauppa\/wp-content\/uploads\/2016\/10\/saumaustarvike-Worksafe-Suojalasit-Jaguar.jpg","width":1000,"height":1000},{"@type":"BreadcrumbList","@id":"https:\/\/saumaustarvike.fi\/verkkokauppa\/kauppa\/tuotemerkit\/st-tool-tuotemerkit\/st-tool-suojaimet\/worksafe-suojalasit-jaguar-kirkas-ja-huurtumaton\/#breadcrumb","itemListElement":[{"@type":"ListItem","position":1,"name":"Home","item":"https:\/\/saumaustarvike.fi\/verkkokauppa\/"},{"@type":"ListItem","position":2,"name":"Saumausmassat, tarvikkeet ja ty\u00f6kalut","item":"https:\/\/saumaustarvike.fi\/verkkokauppa\/kauppa\/"},{"@type":"ListItem","position":3,"name":"Worksafe Suojalasit Jaguar, kirkas ja huurtumaton"}]},{"@type":"WebSite","@id":"https:\/\/saumaustarvike.fi\/verkkokauppa\/#website","url":"https:\/\/saumaustarvike.fi\/verkkokauppa\/","name":"Saumaustarvike.fi","description":"Saumausmassat, tarvikkeet ja ty&ouml;kalut","publisher":{"@id":"https:\/\/saumaustarvike.fi\/verkkokauppa\/#organization"},"potentialAction":[{"@type":"SearchAction","target":{"@type":"EntryPoint","urlTemplate":"https:\/\/saumaustarvike.fi\/verkkokauppa\/?s={search_term_string}"},"query-input":{"@type":"PropertyValueSpecification","valueRequired":true,"valueName":"search_term_string"}}],"inLanguage":"fi"},{"@type":"Organization","@id":"https:\/\/saumaustarvike.fi\/verkkokauppa\/#organization","name":"Saumaustarvike.fi","url":"https:\/\/saumaustarvike.fi\/verkkokauppa\/","logo":{"@type":"ImageObject","inLanguage":"fi","@id":"https:\/\/saumaustarvike.fi\/verkkokauppa\/#\/schema\/logo\/image\/","url":"https:\/\/saumaustarvike.fi\/verkkokauppa\/wp-content\/uploads\/2019\/02\/logo.png","contentUrl":"https:\/\/saumaustarvike.fi\/verkkokauppa\/wp-content\/uploads\/2019\/02\/logo.png","width":806,"height":150,"caption":"Saumaustarvike.fi"},"image":{"@id":"https:\/\/saumaustarvike.fi\/verkkokauppa\/#\/schema\/logo\/image\/"},"sameAs":["https:\/\/www.facebook.com\/Saumalaakso"]}]}},"jetpack_sharing_enabled":true,"_links":{"self":[{"href":"https:\/\/saumaustarvike.fi\/verkkokauppa\/wp-json\/wp\/v2\/product\/9719","targetHints":{"allow":["GET"]}}],"collection":[{"href":"https:\/\/saumaustarvike.fi\/verkkokauppa\/wp-json\/wp\/v2\/product"}],"about":[{"href":"https:\/\/saumaustarvike.fi\/verkkokauppa\/wp-json\/wp\/v2\/types\/product"}],"replies":[{"embeddable":true,"href":"https:\/\/saumaustarvike.fi\/verkkokauppa\/wp-json\/wp\/v2\/comments?post=9719"}],"wp:featuredmedia":[{"embeddable":true,"href":"https:\/\/saumaustarvike.fi\/verkkokauppa\/wp-json\/wp\/v2\/media\/16412"}],"wp:attachment":[{"href":"https:\/\/saumaustarvike.fi\/verkkokauppa\/wp-json\/wp\/v2\/media?parent=9719"}],"wp:term":[{"taxonomy":"product_cat","embeddable":true,"href":"https:\/\/saumaustarvike.fi\/verkkokauppa\/wp-json\/wp\/v2\/product_cat?post=9719"},{"taxonomy":"product_tag","embeddable":true,"href":"https:\/\/saumaustarvike.fi\/verkkokauppa\/wp-json\/wp\/v2\/product_tag?post=9719"}],"curies":[{"name":"wp","href":"https:\/\/api.w.org\/{rel}","templated":true}]}}