{"id":9924,"date":"2016-12-04T10:30:05","date_gmt":"2016-12-04T08:30:05","guid":{"rendered":"https:\/\/saumaustarvike.fi\/verkkokauppa\/kauppa\/tarvikkeet\/worksafe-viiltosuojakasine-cut-3-harmaa\/"},"modified":"2024-09-12T20:44:29","modified_gmt":"2024-09-12T17:44:29","slug":"worksafe-viiltosuojakasine-cut-5-108","status":"publish","type":"product","link":"https:\/\/saumaustarvike.fi\/verkkokauppa\/kauppa\/tuotemerkit\/worksafe-tuotemerkit\/worksafe-suojakasine-vuoreton-kesa\/worksafe-viiltosuojakasine-cut-5-108\/","title":{"rendered":"Worksafe Viiltosuojak\u00e4sine Cut 5-108 Harmaa"},"content":{"rendered":"<h1 style=\"text-align: left;\">Worksafe Viiltosuojak\u00e4sine Cut 5-108 Harmaa<\/h1>\n<h2>Tuote<\/h2>\n<p>Mukava PU-kastettu Worksafe Cut 5-108 viiltosuojak\u00e4sine sopii hyvin viiltoriskej\u00e4 sis\u00e4lt\u00e4viin t\u00f6ihin. Hengitt\u00e4v\u00e4n k\u00e4densel\u00e4n ja saumattoman neulevuoren ansiosta k\u00e4sine on mukava my\u00f6s pitk\u00e4\u00e4n k\u00e4ytettyn\u00e4.<\/p>\n<h2>K\u00e4ytt\u00f6alueet:<\/h2>\n<p>asennusty\u00f6t, autoteollisuus, metallin k\u00e4sittely, tarkastukset sek\u00e4 pakkaaminen.<\/p>\n<h2><span style=\"font-size: 16px;\">\u00a0<\/span><\/h2>\n<table class=\"specifications striped\">\n<tbody>\n<tr class=\"even\">\n<td>V\u00e4ri<\/td>\n<td>Harmaa<\/td>\n<\/tr>\n<tr class=\"even\">\n<td>Materiaali<\/td>\n<td>HPPE<\/td>\n<\/tr>\n<\/tbody>\n<\/table>\n<h2>Edut<\/h2>\n<ul>\n<li>Viiltosuoja: luokka C &#8211; EN388:2016, luokka 5 &#8211; EN388:2003<\/li>\n<li>Hyv\u00e4 kest\u00e4vyys ja pito<\/li>\n<li>PU-pinnoite<\/li>\n<li>Ei vuorta<\/li>\n<li>Hyv\u00e4 sormituntuma<\/li>\n<\/ul>\n<p>CE<br \/>\nCat II<br \/>\nEN388 :2003 4542<br \/>\nEN388 :2016 4X42C<\/p>\n<h3>Koko<\/h3>\n<p>7<br \/>\n8<br \/>\n9<br \/>\n10<br \/>\n11<\/p>\n<h3>Pakkaus<\/h3>\n<p>1 pari (12 kpl nippu)<\/p>\n","protected":false},"excerpt":{"rendered":"<p>Mukava k\u00e4sine, jota k\u00e4ytet\u00e4\u00e4n ty\u00f6skennelt\u00e4ess\u00e4 ter\u00e4vien tuotteiden kanssa. Suojaa metallilevyjen ter\u00e4vilt\u00e4 reunoilta, pahvilta ja vastaavilta ter\u00e4vilt\u00e4 reunoilta. Neulottu rakenne ei sis\u00e4ll\u00e4 ik\u00e4vi\u00e4, painavia saumoja. K\u00e4sineet my\u00f6s hengitt\u00e4v\u00e4t hyvin ja niit\u00e4 on mukava k\u00e4ytt\u00e4\u00e4 koko pitk\u00e4n ty\u00f6vuoron.<\/p>\n","protected":false},"featured_media":16508,"comment_status":"open","ping_status":"closed","template":"","meta":{"_acf_changed":false},"product_cat":[1573,2222],"product_tag":[158,113,112,1369,69,71,654,1323,704,94,1363,72,111,70,1226,1340],"class_list":{"0":"post-9924","1":"product","2":"type-product","3":"status-publish","4":"has-post-thumbnail","6":"product_brand-worksafe","7":"product_cat-kasineet-hanskat","8":"product_cat-worksafe-suojakasine-vuoreton-kesa","9":"product_tag-akryyli","10":"product_tag-asentajan-hanska","11":"product_tag-asentajan-kasine","12":"product_tag-autoteollisuus","13":"product_tag-hanska","14":"product_tag-kasine","15":"product_tag-nahka","16":"product_tag-nylon","17":"product_tag-polyeteeni","18":"product_tag-polyuretaani","19":"product_tag-saumaton","20":"product_tag-suojakasine","21":"product_tag-tyohanska","22":"product_tag-tyokasine","23":"product_tag-viiltosuoja","24":"product_tag-worksafe","25":"pa_koko-286","26":"pa_koko-729","27":"pa_koko-1339","28":"pa_koko-288","29":"pa_koko-287","31":"first","32":"onbackorder","33":"taxable","34":"shipping-taxable","35":"purchasable","36":"product-type-variable"},"acf":[],"yoast_head":"<!-- This site is optimized with the Yoast SEO plugin v27.3 - https:\/\/yoast.com\/product\/yoast-seo-wordpress\/ -->\n<title>Worksafe Viiltosuojak\u00e4sine Cut 5-108 Harmaa - Saumaustarvike.fi<\/title>\n<meta name=\"description\" content=\"Mukava PU-kastettu Worksafe Cut 5-108 viiltosuojak\u00e4sine sopii hyvin viiltoriskej\u00e4 sis\u00e4lt\u00e4viin t\u00f6ihin.\" \/>\n<meta name=\"robots\" content=\"index, follow, max-snippet:-1, max-image-preview:large, max-video-preview:-1\" \/>\n<link rel=\"canonical\" href=\"https:\/\/saumaustarvike.fi\/verkkokauppa\/kauppa\/tuotemerkit\/worksafe-tuotemerkit\/worksafe-suojakasine-vuoreton-kesa\/worksafe-viiltosuojakasine-cut-5-108\/\" \/>\n<meta property=\"og:locale\" content=\"fi_FI\" \/>\n<meta property=\"og:type\" content=\"article\" \/>\n<meta property=\"og:title\" content=\"Worksafe Viiltosuojak\u00e4sine Cut 5-108 Harmaa - Saumaustarvike.fi\" \/>\n<meta property=\"og:description\" content=\"Mukava PU-kastettu Worksafe Cut 5-108 viiltosuojak\u00e4sine sopii hyvin viiltoriskej\u00e4 sis\u00e4lt\u00e4viin t\u00f6ihin.\" \/>\n<meta property=\"og:url\" content=\"https:\/\/saumaustarvike.fi\/verkkokauppa\/kauppa\/tuotemerkit\/worksafe-tuotemerkit\/worksafe-suojakasine-vuoreton-kesa\/worksafe-viiltosuojakasine-cut-5-108\/\" \/>\n<meta property=\"og:site_name\" content=\"Saumaustarvike.fi\" \/>\n<meta property=\"article:publisher\" content=\"https:\/\/www.facebook.com\/Saumalaakso\" \/>\n<meta property=\"article:modified_time\" content=\"2024-09-12T17:44:29+00:00\" \/>\n<meta property=\"og:image\" content=\"https:\/\/saumaustarvike.fi\/verkkokauppa\/content\/uploads\/2016\/12\/Worksafe-Viiltosuojaka\u0308sine-Cut-3-Harmaa-.jpg\" \/>\n\t<meta property=\"og:image:width\" content=\"1000\" \/>\n\t<meta property=\"og:image:height\" content=\"1000\" \/>\n\t<meta property=\"og:image:type\" content=\"image\/jpeg\" \/>\n<meta name=\"twitter:label1\" content=\"Arvioitu lukuaika\" \/>\n\t<meta name=\"twitter:data1\" content=\"1 minuutti\" \/>\n<script type=\"application\/ld+json\" class=\"yoast-schema-graph\">{\"@context\":\"https:\\\/\\\/schema.org\",\"@graph\":[{\"@type\":\"WebPage\",\"@id\":\"https:\\\/\\\/saumaustarvike.fi\\\/verkkokauppa\\\/kauppa\\\/tuotemerkit\\\/worksafe-tuotemerkit\\\/worksafe-suojakasine-vuoreton-kesa\\\/worksafe-viiltosuojakasine-cut-5-108\\\/\",\"url\":\"https:\\\/\\\/saumaustarvike.fi\\\/verkkokauppa\\\/kauppa\\\/tuotemerkit\\\/worksafe-tuotemerkit\\\/worksafe-suojakasine-vuoreton-kesa\\\/worksafe-viiltosuojakasine-cut-5-108\\\/\",\"name\":\"Worksafe Viiltosuojak\u00e4sine Cut 5-108 Harmaa - Saumaustarvike.fi\",\"isPartOf\":{\"@id\":\"https:\\\/\\\/saumaustarvike.fi\\\/verkkokauppa\\\/#website\"},\"primaryImageOfPage\":{\"@id\":\"https:\\\/\\\/saumaustarvike.fi\\\/verkkokauppa\\\/kauppa\\\/tuotemerkit\\\/worksafe-tuotemerkit\\\/worksafe-suojakasine-vuoreton-kesa\\\/worksafe-viiltosuojakasine-cut-5-108\\\/#primaryimage\"},\"image\":{\"@id\":\"https:\\\/\\\/saumaustarvike.fi\\\/verkkokauppa\\\/kauppa\\\/tuotemerkit\\\/worksafe-tuotemerkit\\\/worksafe-suojakasine-vuoreton-kesa\\\/worksafe-viiltosuojakasine-cut-5-108\\\/#primaryimage\"},\"thumbnailUrl\":\"https:\\\/\\\/saumaustarvike.fi\\\/verkkokauppa\\\/wp-content\\\/uploads\\\/2016\\\/12\\\/Worksafe-Viiltosuojaka\u0308sine-Cut-3-Harmaa-.jpg\",\"datePublished\":\"2016-12-04T08:30:05+00:00\",\"dateModified\":\"2024-09-12T17:44:29+00:00\",\"description\":\"Mukava PU-kastettu Worksafe Cut 5-108 viiltosuojak\u00e4sine sopii hyvin viiltoriskej\u00e4 sis\u00e4lt\u00e4viin t\u00f6ihin.\",\"breadcrumb\":{\"@id\":\"https:\\\/\\\/saumaustarvike.fi\\\/verkkokauppa\\\/kauppa\\\/tuotemerkit\\\/worksafe-tuotemerkit\\\/worksafe-suojakasine-vuoreton-kesa\\\/worksafe-viiltosuojakasine-cut-5-108\\\/#breadcrumb\"},\"inLanguage\":\"fi\",\"potentialAction\":[{\"@type\":\"ReadAction\",\"target\":[\"https:\\\/\\\/saumaustarvike.fi\\\/verkkokauppa\\\/kauppa\\\/tuotemerkit\\\/worksafe-tuotemerkit\\\/worksafe-suojakasine-vuoreton-kesa\\\/worksafe-viiltosuojakasine-cut-5-108\\\/\"]}]},{\"@type\":\"ImageObject\",\"inLanguage\":\"fi\",\"@id\":\"https:\\\/\\\/saumaustarvike.fi\\\/verkkokauppa\\\/kauppa\\\/tuotemerkit\\\/worksafe-tuotemerkit\\\/worksafe-suojakasine-vuoreton-kesa\\\/worksafe-viiltosuojakasine-cut-5-108\\\/#primaryimage\",\"url\":\"https:\\\/\\\/saumaustarvike.fi\\\/verkkokauppa\\\/wp-content\\\/uploads\\\/2016\\\/12\\\/Worksafe-Viiltosuojaka\u0308sine-Cut-3-Harmaa-.jpg\",\"contentUrl\":\"https:\\\/\\\/saumaustarvike.fi\\\/verkkokauppa\\\/wp-content\\\/uploads\\\/2016\\\/12\\\/Worksafe-Viiltosuojaka\u0308sine-Cut-3-Harmaa-.jpg\",\"width\":1000,\"height\":1000},{\"@type\":\"BreadcrumbList\",\"@id\":\"https:\\\/\\\/saumaustarvike.fi\\\/verkkokauppa\\\/kauppa\\\/tuotemerkit\\\/worksafe-tuotemerkit\\\/worksafe-suojakasine-vuoreton-kesa\\\/worksafe-viiltosuojakasine-cut-5-108\\\/#breadcrumb\",\"itemListElement\":[{\"@type\":\"ListItem\",\"position\":1,\"name\":\"Home\",\"item\":\"https:\\\/\\\/saumaustarvike.fi\\\/verkkokauppa\\\/\"},{\"@type\":\"ListItem\",\"position\":2,\"name\":\"Saumausmassat, tarvikkeet ja ty\u00f6kalut\",\"item\":\"https:\\\/\\\/saumaustarvike.fi\\\/verkkokauppa\\\/kauppa\\\/\"},{\"@type\":\"ListItem\",\"position\":3,\"name\":\"Worksafe Viiltosuojak\u00e4sine Cut 5-108 Harmaa\"}]},{\"@type\":\"WebSite\",\"@id\":\"https:\\\/\\\/saumaustarvike.fi\\\/verkkokauppa\\\/#website\",\"url\":\"https:\\\/\\\/saumaustarvike.fi\\\/verkkokauppa\\\/\",\"name\":\"Saumaustarvike.fi\",\"description\":\"Saumausmassat, tarvikkeet ja ty&ouml;kalut\",\"publisher\":{\"@id\":\"https:\\\/\\\/saumaustarvike.fi\\\/verkkokauppa\\\/#organization\"},\"potentialAction\":[{\"@type\":\"SearchAction\",\"target\":{\"@type\":\"EntryPoint\",\"urlTemplate\":\"https:\\\/\\\/saumaustarvike.fi\\\/verkkokauppa\\\/?s={search_term_string}\"},\"query-input\":{\"@type\":\"PropertyValueSpecification\",\"valueRequired\":true,\"valueName\":\"search_term_string\"}}],\"inLanguage\":\"fi\"},{\"@type\":\"Organization\",\"@id\":\"https:\\\/\\\/saumaustarvike.fi\\\/verkkokauppa\\\/#organization\",\"name\":\"Saumaustarvike.fi\",\"url\":\"https:\\\/\\\/saumaustarvike.fi\\\/verkkokauppa\\\/\",\"logo\":{\"@type\":\"ImageObject\",\"inLanguage\":\"fi\",\"@id\":\"https:\\\/\\\/saumaustarvike.fi\\\/verkkokauppa\\\/#\\\/schema\\\/logo\\\/image\\\/\",\"url\":\"https:\\\/\\\/saumaustarvike.fi\\\/verkkokauppa\\\/wp-content\\\/uploads\\\/2019\\\/02\\\/logo.png\",\"contentUrl\":\"https:\\\/\\\/saumaustarvike.fi\\\/verkkokauppa\\\/wp-content\\\/uploads\\\/2019\\\/02\\\/logo.png\",\"width\":806,\"height\":150,\"caption\":\"Saumaustarvike.fi\"},\"image\":{\"@id\":\"https:\\\/\\\/saumaustarvike.fi\\\/verkkokauppa\\\/#\\\/schema\\\/logo\\\/image\\\/\"},\"sameAs\":[\"https:\\\/\\\/www.facebook.com\\\/Saumalaakso\"]}]}<\/script>\n<!-- \/ Yoast SEO plugin. -->","yoast_head_json":{"title":"Worksafe Viiltosuojak\u00e4sine Cut 5-108 Harmaa - Saumaustarvike.fi","description":"Mukava PU-kastettu Worksafe Cut 5-108 viiltosuojak\u00e4sine sopii hyvin viiltoriskej\u00e4 sis\u00e4lt\u00e4viin t\u00f6ihin.","robots":{"index":"index","follow":"follow","max-snippet":"max-snippet:-1","max-image-preview":"max-image-preview:large","max-video-preview":"max-video-preview:-1"},"canonical":"https:\/\/saumaustarvike.fi\/verkkokauppa\/kauppa\/tuotemerkit\/worksafe-tuotemerkit\/worksafe-suojakasine-vuoreton-kesa\/worksafe-viiltosuojakasine-cut-5-108\/","og_locale":"fi_FI","og_type":"article","og_title":"Worksafe Viiltosuojak\u00e4sine Cut 5-108 Harmaa - Saumaustarvike.fi","og_description":"Mukava PU-kastettu Worksafe Cut 5-108 viiltosuojak\u00e4sine sopii hyvin viiltoriskej\u00e4 sis\u00e4lt\u00e4viin t\u00f6ihin.","og_url":"https:\/\/saumaustarvike.fi\/verkkokauppa\/kauppa\/tuotemerkit\/worksafe-tuotemerkit\/worksafe-suojakasine-vuoreton-kesa\/worksafe-viiltosuojakasine-cut-5-108\/","og_site_name":"Saumaustarvike.fi","article_publisher":"https:\/\/www.facebook.com\/Saumalaakso","article_modified_time":"2024-09-12T17:44:29+00:00","og_image":[{"width":1000,"height":1000,"url":"https:\/\/saumaustarvike.fi\/verkkokauppa\/content\/uploads\/2016\/12\/Worksafe-Viiltosuojaka\u0308sine-Cut-3-Harmaa-.jpg","type":"image\/jpeg"}],"twitter_misc":{"Arvioitu lukuaika":"1 minuutti"},"schema":{"@context":"https:\/\/schema.org","@graph":[{"@type":"WebPage","@id":"https:\/\/saumaustarvike.fi\/verkkokauppa\/kauppa\/tuotemerkit\/worksafe-tuotemerkit\/worksafe-suojakasine-vuoreton-kesa\/worksafe-viiltosuojakasine-cut-5-108\/","url":"https:\/\/saumaustarvike.fi\/verkkokauppa\/kauppa\/tuotemerkit\/worksafe-tuotemerkit\/worksafe-suojakasine-vuoreton-kesa\/worksafe-viiltosuojakasine-cut-5-108\/","name":"Worksafe Viiltosuojak\u00e4sine Cut 5-108 Harmaa - Saumaustarvike.fi","isPartOf":{"@id":"https:\/\/saumaustarvike.fi\/verkkokauppa\/#website"},"primaryImageOfPage":{"@id":"https:\/\/saumaustarvike.fi\/verkkokauppa\/kauppa\/tuotemerkit\/worksafe-tuotemerkit\/worksafe-suojakasine-vuoreton-kesa\/worksafe-viiltosuojakasine-cut-5-108\/#primaryimage"},"image":{"@id":"https:\/\/saumaustarvike.fi\/verkkokauppa\/kauppa\/tuotemerkit\/worksafe-tuotemerkit\/worksafe-suojakasine-vuoreton-kesa\/worksafe-viiltosuojakasine-cut-5-108\/#primaryimage"},"thumbnailUrl":"https:\/\/saumaustarvike.fi\/verkkokauppa\/wp-content\/uploads\/2016\/12\/Worksafe-Viiltosuojaka\u0308sine-Cut-3-Harmaa-.jpg","datePublished":"2016-12-04T08:30:05+00:00","dateModified":"2024-09-12T17:44:29+00:00","description":"Mukava PU-kastettu Worksafe Cut 5-108 viiltosuojak\u00e4sine sopii hyvin viiltoriskej\u00e4 sis\u00e4lt\u00e4viin t\u00f6ihin.","breadcrumb":{"@id":"https:\/\/saumaustarvike.fi\/verkkokauppa\/kauppa\/tuotemerkit\/worksafe-tuotemerkit\/worksafe-suojakasine-vuoreton-kesa\/worksafe-viiltosuojakasine-cut-5-108\/#breadcrumb"},"inLanguage":"fi","potentialAction":[{"@type":"ReadAction","target":["https:\/\/saumaustarvike.fi\/verkkokauppa\/kauppa\/tuotemerkit\/worksafe-tuotemerkit\/worksafe-suojakasine-vuoreton-kesa\/worksafe-viiltosuojakasine-cut-5-108\/"]}]},{"@type":"ImageObject","inLanguage":"fi","@id":"https:\/\/saumaustarvike.fi\/verkkokauppa\/kauppa\/tuotemerkit\/worksafe-tuotemerkit\/worksafe-suojakasine-vuoreton-kesa\/worksafe-viiltosuojakasine-cut-5-108\/#primaryimage","url":"https:\/\/saumaustarvike.fi\/verkkokauppa\/wp-content\/uploads\/2016\/12\/Worksafe-Viiltosuojaka\u0308sine-Cut-3-Harmaa-.jpg","contentUrl":"https:\/\/saumaustarvike.fi\/verkkokauppa\/wp-content\/uploads\/2016\/12\/Worksafe-Viiltosuojaka\u0308sine-Cut-3-Harmaa-.jpg","width":1000,"height":1000},{"@type":"BreadcrumbList","@id":"https:\/\/saumaustarvike.fi\/verkkokauppa\/kauppa\/tuotemerkit\/worksafe-tuotemerkit\/worksafe-suojakasine-vuoreton-kesa\/worksafe-viiltosuojakasine-cut-5-108\/#breadcrumb","itemListElement":[{"@type":"ListItem","position":1,"name":"Home","item":"https:\/\/saumaustarvike.fi\/verkkokauppa\/"},{"@type":"ListItem","position":2,"name":"Saumausmassat, tarvikkeet ja ty\u00f6kalut","item":"https:\/\/saumaustarvike.fi\/verkkokauppa\/kauppa\/"},{"@type":"ListItem","position":3,"name":"Worksafe Viiltosuojak\u00e4sine Cut 5-108 Harmaa"}]},{"@type":"WebSite","@id":"https:\/\/saumaustarvike.fi\/verkkokauppa\/#website","url":"https:\/\/saumaustarvike.fi\/verkkokauppa\/","name":"Saumaustarvike.fi","description":"Saumausmassat, tarvikkeet ja ty&ouml;kalut","publisher":{"@id":"https:\/\/saumaustarvike.fi\/verkkokauppa\/#organization"},"potentialAction":[{"@type":"SearchAction","target":{"@type":"EntryPoint","urlTemplate":"https:\/\/saumaustarvike.fi\/verkkokauppa\/?s={search_term_string}"},"query-input":{"@type":"PropertyValueSpecification","valueRequired":true,"valueName":"search_term_string"}}],"inLanguage":"fi"},{"@type":"Organization","@id":"https:\/\/saumaustarvike.fi\/verkkokauppa\/#organization","name":"Saumaustarvike.fi","url":"https:\/\/saumaustarvike.fi\/verkkokauppa\/","logo":{"@type":"ImageObject","inLanguage":"fi","@id":"https:\/\/saumaustarvike.fi\/verkkokauppa\/#\/schema\/logo\/image\/","url":"https:\/\/saumaustarvike.fi\/verkkokauppa\/wp-content\/uploads\/2019\/02\/logo.png","contentUrl":"https:\/\/saumaustarvike.fi\/verkkokauppa\/wp-content\/uploads\/2019\/02\/logo.png","width":806,"height":150,"caption":"Saumaustarvike.fi"},"image":{"@id":"https:\/\/saumaustarvike.fi\/verkkokauppa\/#\/schema\/logo\/image\/"},"sameAs":["https:\/\/www.facebook.com\/Saumalaakso"]}]}},"jetpack_sharing_enabled":true,"_links":{"self":[{"href":"https:\/\/saumaustarvike.fi\/verkkokauppa\/wp-json\/wp\/v2\/product\/9924","targetHints":{"allow":["GET"]}}],"collection":[{"href":"https:\/\/saumaustarvike.fi\/verkkokauppa\/wp-json\/wp\/v2\/product"}],"about":[{"href":"https:\/\/saumaustarvike.fi\/verkkokauppa\/wp-json\/wp\/v2\/types\/product"}],"replies":[{"embeddable":true,"href":"https:\/\/saumaustarvike.fi\/verkkokauppa\/wp-json\/wp\/v2\/comments?post=9924"}],"wp:featuredmedia":[{"embeddable":true,"href":"https:\/\/saumaustarvike.fi\/verkkokauppa\/wp-json\/wp\/v2\/media\/16508"}],"wp:attachment":[{"href":"https:\/\/saumaustarvike.fi\/verkkokauppa\/wp-json\/wp\/v2\/media?parent=9924"}],"wp:term":[{"taxonomy":"product_cat","embeddable":true,"href":"https:\/\/saumaustarvike.fi\/verkkokauppa\/wp-json\/wp\/v2\/product_cat?post=9924"},{"taxonomy":"product_tag","embeddable":true,"href":"https:\/\/saumaustarvike.fi\/verkkokauppa\/wp-json\/wp\/v2\/product_tag?post=9924"}],"curies":[{"name":"wp","href":"https:\/\/api.w.org\/{rel}","templated":true}]}}