{"id":9963,"date":"2016-12-04T20:58:43","date_gmt":"2016-12-04T18:58:43","guid":{"rendered":"https:\/\/saumaustarvike.fi\/verkkokauppa\/kauppa\/tarvikkeet\/worksafe-korvatulppa-ecodamp-200pr-keltainen\/"},"modified":"2024-09-12T20:40:38","modified_gmt":"2024-09-12T17:40:38","slug":"worksafe-korvatulppa-ecodamp-200pr-keltainen","status":"publish","type":"product","link":"https:\/\/saumaustarvike.fi\/verkkokauppa\/kauppa\/tuotemerkit\/worksafe-tuotemerkit\/worksafe-kuulonsuojaus\/worksafe-korvatulppa-ecodamp-200pr-keltainen\/","title":{"rendered":"Worksafe Korvatulppa EcoDamp (200pr) Keltainen"},"content":{"rendered":"<h1>Worksafe Korvatulppa EcoDamp (200pr) Keltainen<\/h1>\n<h2>Tuotekuvaus<\/h2>\n<p>Hyvin ja tasaisesti vaimentava kertak\u00e4ytt\u00f6inen korvatulppa. Materiaalina polyuretaani-vaahtomuovi. Pitk\u00e4n laajentumisajan vuoksi n\u00e4m\u00e4 pehme\u00e4t ja mukavat korvatulpat on helppo asettaa paikalleen ja ottaa pois.<\/p>\n<h2>Edut<\/h2>\n<ul>\n<li>K\u00e4tev\u00e4 annostelupakkaus, joka sis\u00e4lt\u00e4\u00e4 200 yksitt\u00e4in pakattua paria<\/li>\n<\/ul>\n<p>CE<br \/>\nCat II<br \/>\nInfo<br \/>\nEN352-2 SNR:37 H:36 M:34 L:34<\/p>\n<p>Eco<br \/>\nCO\u00b2 Neutral<\/p>\n","protected":false},"excerpt":{"rendered":"<p>Hyvin ja tasaisesti vaimentava kertak\u00e4ytt\u00f6inen korvatulppa. Materiaalina polyuretaani-vaahtomuovi. Pitk\u00e4n laajentumisajan vuoksi n\u00e4m\u00e4 pehme\u00e4t ja mukavat korvatulpat on helppo asettaa paikalleen ja ottaa pois.<\/p>\n","protected":false},"featured_media":16511,"comment_status":"open","ping_status":"closed","template":"","meta":{"_acf_changed":false},"product_cat":[1574,2223],"product_tag":[505,508,1340],"class_list":{"0":"post-9963","1":"product","2":"type-product","3":"status-publish","4":"has-post-thumbnail","6":"product_brand-worksafe","7":"product_cat-kuulo-hengitys-silma-ym-suojaimet-ja-kyparat","8":"product_cat-worksafe-kuulonsuojaus","9":"product_tag-korvatulppa","10":"product_tag-kuulosuojain","11":"product_tag-worksafe","13":"first","14":"instock","15":"taxable","16":"shipping-taxable","17":"purchasable","18":"product-type-simple"},"acf":[],"yoast_head":"<!-- This site is optimized with the Yoast SEO plugin v27.3 - https:\/\/yoast.com\/product\/yoast-seo-wordpress\/ -->\n<title>Worksafe Korvatulppa EcoDamp (200pr) Keltainen - Saumaustarvike.fi<\/title>\n<meta name=\"description\" content=\"Valmistettu pehme\u00e4st\u00e4, energiaa absorboivasta polymeerivaahtomuovista, jonka kuulonsuojauskyky ja k\u00e4ytt\u00f6mukavuus s\u00e4ilyv\u00e4t erinomaisina koko p\u00e4iv\u00e4n.\" \/>\n<meta name=\"robots\" content=\"index, follow, max-snippet:-1, max-image-preview:large, max-video-preview:-1\" \/>\n<link rel=\"canonical\" href=\"https:\/\/saumaustarvike.fi\/verkkokauppa\/kauppa\/tuotemerkit\/worksafe-tuotemerkit\/worksafe-kuulonsuojaus\/worksafe-korvatulppa-ecodamp-200pr-keltainen\/\" \/>\n<meta property=\"og:locale\" content=\"fi_FI\" \/>\n<meta property=\"og:type\" content=\"article\" \/>\n<meta property=\"og:title\" content=\"Worksafe Korvatulppa EcoDamp (200pr) Keltainen - Saumaustarvike.fi\" \/>\n<meta property=\"og:description\" content=\"Valmistettu pehme\u00e4st\u00e4, energiaa absorboivasta polymeerivaahtomuovista, jonka kuulonsuojauskyky ja k\u00e4ytt\u00f6mukavuus s\u00e4ilyv\u00e4t erinomaisina koko p\u00e4iv\u00e4n.\" \/>\n<meta property=\"og:url\" content=\"https:\/\/saumaustarvike.fi\/verkkokauppa\/kauppa\/tuotemerkit\/worksafe-tuotemerkit\/worksafe-kuulonsuojaus\/worksafe-korvatulppa-ecodamp-200pr-keltainen\/\" \/>\n<meta property=\"og:site_name\" content=\"Saumaustarvike.fi\" \/>\n<meta property=\"article:publisher\" content=\"https:\/\/www.facebook.com\/Saumalaakso\" \/>\n<meta property=\"article:modified_time\" content=\"2024-09-12T17:40:38+00:00\" \/>\n<meta property=\"og:image\" content=\"https:\/\/saumaustarvike.fi\/verkkokauppa\/content\/uploads\/2016\/12\/Worksafe-Korvatulppa-EcoDamp-200pr-Keltainen-.jpg\" \/>\n\t<meta property=\"og:image:width\" content=\"1000\" \/>\n\t<meta property=\"og:image:height\" content=\"1000\" \/>\n\t<meta property=\"og:image:type\" content=\"image\/jpeg\" \/>\n<script type=\"application\/ld+json\" class=\"yoast-schema-graph\">{\"@context\":\"https:\\\/\\\/schema.org\",\"@graph\":[{\"@type\":\"WebPage\",\"@id\":\"https:\\\/\\\/saumaustarvike.fi\\\/verkkokauppa\\\/kauppa\\\/tuotemerkit\\\/worksafe-tuotemerkit\\\/worksafe-kuulonsuojaus\\\/worksafe-korvatulppa-ecodamp-200pr-keltainen\\\/\",\"url\":\"https:\\\/\\\/saumaustarvike.fi\\\/verkkokauppa\\\/kauppa\\\/tuotemerkit\\\/worksafe-tuotemerkit\\\/worksafe-kuulonsuojaus\\\/worksafe-korvatulppa-ecodamp-200pr-keltainen\\\/\",\"name\":\"Worksafe Korvatulppa EcoDamp (200pr) Keltainen - Saumaustarvike.fi\",\"isPartOf\":{\"@id\":\"https:\\\/\\\/saumaustarvike.fi\\\/verkkokauppa\\\/#website\"},\"primaryImageOfPage\":{\"@id\":\"https:\\\/\\\/saumaustarvike.fi\\\/verkkokauppa\\\/kauppa\\\/tuotemerkit\\\/worksafe-tuotemerkit\\\/worksafe-kuulonsuojaus\\\/worksafe-korvatulppa-ecodamp-200pr-keltainen\\\/#primaryimage\"},\"image\":{\"@id\":\"https:\\\/\\\/saumaustarvike.fi\\\/verkkokauppa\\\/kauppa\\\/tuotemerkit\\\/worksafe-tuotemerkit\\\/worksafe-kuulonsuojaus\\\/worksafe-korvatulppa-ecodamp-200pr-keltainen\\\/#primaryimage\"},\"thumbnailUrl\":\"https:\\\/\\\/saumaustarvike.fi\\\/verkkokauppa\\\/wp-content\\\/uploads\\\/2016\\\/12\\\/Worksafe-Korvatulppa-EcoDamp-200pr-Keltainen-.jpg\",\"datePublished\":\"2016-12-04T18:58:43+00:00\",\"dateModified\":\"2024-09-12T17:40:38+00:00\",\"description\":\"Valmistettu pehme\u00e4st\u00e4, energiaa absorboivasta polymeerivaahtomuovista, jonka kuulonsuojauskyky ja k\u00e4ytt\u00f6mukavuus s\u00e4ilyv\u00e4t erinomaisina koko p\u00e4iv\u00e4n.\",\"breadcrumb\":{\"@id\":\"https:\\\/\\\/saumaustarvike.fi\\\/verkkokauppa\\\/kauppa\\\/tuotemerkit\\\/worksafe-tuotemerkit\\\/worksafe-kuulonsuojaus\\\/worksafe-korvatulppa-ecodamp-200pr-keltainen\\\/#breadcrumb\"},\"inLanguage\":\"fi\",\"potentialAction\":[{\"@type\":\"ReadAction\",\"target\":[\"https:\\\/\\\/saumaustarvike.fi\\\/verkkokauppa\\\/kauppa\\\/tuotemerkit\\\/worksafe-tuotemerkit\\\/worksafe-kuulonsuojaus\\\/worksafe-korvatulppa-ecodamp-200pr-keltainen\\\/\"]}]},{\"@type\":\"ImageObject\",\"inLanguage\":\"fi\",\"@id\":\"https:\\\/\\\/saumaustarvike.fi\\\/verkkokauppa\\\/kauppa\\\/tuotemerkit\\\/worksafe-tuotemerkit\\\/worksafe-kuulonsuojaus\\\/worksafe-korvatulppa-ecodamp-200pr-keltainen\\\/#primaryimage\",\"url\":\"https:\\\/\\\/saumaustarvike.fi\\\/verkkokauppa\\\/wp-content\\\/uploads\\\/2016\\\/12\\\/Worksafe-Korvatulppa-EcoDamp-200pr-Keltainen-.jpg\",\"contentUrl\":\"https:\\\/\\\/saumaustarvike.fi\\\/verkkokauppa\\\/wp-content\\\/uploads\\\/2016\\\/12\\\/Worksafe-Korvatulppa-EcoDamp-200pr-Keltainen-.jpg\",\"width\":1000,\"height\":1000},{\"@type\":\"BreadcrumbList\",\"@id\":\"https:\\\/\\\/saumaustarvike.fi\\\/verkkokauppa\\\/kauppa\\\/tuotemerkit\\\/worksafe-tuotemerkit\\\/worksafe-kuulonsuojaus\\\/worksafe-korvatulppa-ecodamp-200pr-keltainen\\\/#breadcrumb\",\"itemListElement\":[{\"@type\":\"ListItem\",\"position\":1,\"name\":\"Home\",\"item\":\"https:\\\/\\\/saumaustarvike.fi\\\/verkkokauppa\\\/\"},{\"@type\":\"ListItem\",\"position\":2,\"name\":\"Saumausmassat, tarvikkeet ja ty\u00f6kalut\",\"item\":\"https:\\\/\\\/saumaustarvike.fi\\\/verkkokauppa\\\/kauppa\\\/\"},{\"@type\":\"ListItem\",\"position\":3,\"name\":\"Worksafe Korvatulppa EcoDamp (200pr) Keltainen\"}]},{\"@type\":\"WebSite\",\"@id\":\"https:\\\/\\\/saumaustarvike.fi\\\/verkkokauppa\\\/#website\",\"url\":\"https:\\\/\\\/saumaustarvike.fi\\\/verkkokauppa\\\/\",\"name\":\"Saumaustarvike.fi\",\"description\":\"Saumausmassat, tarvikkeet ja ty&ouml;kalut\",\"publisher\":{\"@id\":\"https:\\\/\\\/saumaustarvike.fi\\\/verkkokauppa\\\/#organization\"},\"potentialAction\":[{\"@type\":\"SearchAction\",\"target\":{\"@type\":\"EntryPoint\",\"urlTemplate\":\"https:\\\/\\\/saumaustarvike.fi\\\/verkkokauppa\\\/?s={search_term_string}\"},\"query-input\":{\"@type\":\"PropertyValueSpecification\",\"valueRequired\":true,\"valueName\":\"search_term_string\"}}],\"inLanguage\":\"fi\"},{\"@type\":\"Organization\",\"@id\":\"https:\\\/\\\/saumaustarvike.fi\\\/verkkokauppa\\\/#organization\",\"name\":\"Saumaustarvike.fi\",\"url\":\"https:\\\/\\\/saumaustarvike.fi\\\/verkkokauppa\\\/\",\"logo\":{\"@type\":\"ImageObject\",\"inLanguage\":\"fi\",\"@id\":\"https:\\\/\\\/saumaustarvike.fi\\\/verkkokauppa\\\/#\\\/schema\\\/logo\\\/image\\\/\",\"url\":\"https:\\\/\\\/saumaustarvike.fi\\\/verkkokauppa\\\/wp-content\\\/uploads\\\/2019\\\/02\\\/logo.png\",\"contentUrl\":\"https:\\\/\\\/saumaustarvike.fi\\\/verkkokauppa\\\/wp-content\\\/uploads\\\/2019\\\/02\\\/logo.png\",\"width\":806,\"height\":150,\"caption\":\"Saumaustarvike.fi\"},\"image\":{\"@id\":\"https:\\\/\\\/saumaustarvike.fi\\\/verkkokauppa\\\/#\\\/schema\\\/logo\\\/image\\\/\"},\"sameAs\":[\"https:\\\/\\\/www.facebook.com\\\/Saumalaakso\"]}]}<\/script>\n<!-- \/ Yoast SEO plugin. -->","yoast_head_json":{"title":"Worksafe Korvatulppa EcoDamp (200pr) Keltainen - Saumaustarvike.fi","description":"Valmistettu pehme\u00e4st\u00e4, energiaa absorboivasta polymeerivaahtomuovista, jonka kuulonsuojauskyky ja k\u00e4ytt\u00f6mukavuus s\u00e4ilyv\u00e4t erinomaisina koko p\u00e4iv\u00e4n.","robots":{"index":"index","follow":"follow","max-snippet":"max-snippet:-1","max-image-preview":"max-image-preview:large","max-video-preview":"max-video-preview:-1"},"canonical":"https:\/\/saumaustarvike.fi\/verkkokauppa\/kauppa\/tuotemerkit\/worksafe-tuotemerkit\/worksafe-kuulonsuojaus\/worksafe-korvatulppa-ecodamp-200pr-keltainen\/","og_locale":"fi_FI","og_type":"article","og_title":"Worksafe Korvatulppa EcoDamp (200pr) Keltainen - Saumaustarvike.fi","og_description":"Valmistettu pehme\u00e4st\u00e4, energiaa absorboivasta polymeerivaahtomuovista, jonka kuulonsuojauskyky ja k\u00e4ytt\u00f6mukavuus s\u00e4ilyv\u00e4t erinomaisina koko p\u00e4iv\u00e4n.","og_url":"https:\/\/saumaustarvike.fi\/verkkokauppa\/kauppa\/tuotemerkit\/worksafe-tuotemerkit\/worksafe-kuulonsuojaus\/worksafe-korvatulppa-ecodamp-200pr-keltainen\/","og_site_name":"Saumaustarvike.fi","article_publisher":"https:\/\/www.facebook.com\/Saumalaakso","article_modified_time":"2024-09-12T17:40:38+00:00","og_image":[{"width":1000,"height":1000,"url":"https:\/\/saumaustarvike.fi\/verkkokauppa\/content\/uploads\/2016\/12\/Worksafe-Korvatulppa-EcoDamp-200pr-Keltainen-.jpg","type":"image\/jpeg"}],"schema":{"@context":"https:\/\/schema.org","@graph":[{"@type":"WebPage","@id":"https:\/\/saumaustarvike.fi\/verkkokauppa\/kauppa\/tuotemerkit\/worksafe-tuotemerkit\/worksafe-kuulonsuojaus\/worksafe-korvatulppa-ecodamp-200pr-keltainen\/","url":"https:\/\/saumaustarvike.fi\/verkkokauppa\/kauppa\/tuotemerkit\/worksafe-tuotemerkit\/worksafe-kuulonsuojaus\/worksafe-korvatulppa-ecodamp-200pr-keltainen\/","name":"Worksafe Korvatulppa EcoDamp (200pr) Keltainen - Saumaustarvike.fi","isPartOf":{"@id":"https:\/\/saumaustarvike.fi\/verkkokauppa\/#website"},"primaryImageOfPage":{"@id":"https:\/\/saumaustarvike.fi\/verkkokauppa\/kauppa\/tuotemerkit\/worksafe-tuotemerkit\/worksafe-kuulonsuojaus\/worksafe-korvatulppa-ecodamp-200pr-keltainen\/#primaryimage"},"image":{"@id":"https:\/\/saumaustarvike.fi\/verkkokauppa\/kauppa\/tuotemerkit\/worksafe-tuotemerkit\/worksafe-kuulonsuojaus\/worksafe-korvatulppa-ecodamp-200pr-keltainen\/#primaryimage"},"thumbnailUrl":"https:\/\/saumaustarvike.fi\/verkkokauppa\/wp-content\/uploads\/2016\/12\/Worksafe-Korvatulppa-EcoDamp-200pr-Keltainen-.jpg","datePublished":"2016-12-04T18:58:43+00:00","dateModified":"2024-09-12T17:40:38+00:00","description":"Valmistettu pehme\u00e4st\u00e4, energiaa absorboivasta polymeerivaahtomuovista, jonka kuulonsuojauskyky ja k\u00e4ytt\u00f6mukavuus s\u00e4ilyv\u00e4t erinomaisina koko p\u00e4iv\u00e4n.","breadcrumb":{"@id":"https:\/\/saumaustarvike.fi\/verkkokauppa\/kauppa\/tuotemerkit\/worksafe-tuotemerkit\/worksafe-kuulonsuojaus\/worksafe-korvatulppa-ecodamp-200pr-keltainen\/#breadcrumb"},"inLanguage":"fi","potentialAction":[{"@type":"ReadAction","target":["https:\/\/saumaustarvike.fi\/verkkokauppa\/kauppa\/tuotemerkit\/worksafe-tuotemerkit\/worksafe-kuulonsuojaus\/worksafe-korvatulppa-ecodamp-200pr-keltainen\/"]}]},{"@type":"ImageObject","inLanguage":"fi","@id":"https:\/\/saumaustarvike.fi\/verkkokauppa\/kauppa\/tuotemerkit\/worksafe-tuotemerkit\/worksafe-kuulonsuojaus\/worksafe-korvatulppa-ecodamp-200pr-keltainen\/#primaryimage","url":"https:\/\/saumaustarvike.fi\/verkkokauppa\/wp-content\/uploads\/2016\/12\/Worksafe-Korvatulppa-EcoDamp-200pr-Keltainen-.jpg","contentUrl":"https:\/\/saumaustarvike.fi\/verkkokauppa\/wp-content\/uploads\/2016\/12\/Worksafe-Korvatulppa-EcoDamp-200pr-Keltainen-.jpg","width":1000,"height":1000},{"@type":"BreadcrumbList","@id":"https:\/\/saumaustarvike.fi\/verkkokauppa\/kauppa\/tuotemerkit\/worksafe-tuotemerkit\/worksafe-kuulonsuojaus\/worksafe-korvatulppa-ecodamp-200pr-keltainen\/#breadcrumb","itemListElement":[{"@type":"ListItem","position":1,"name":"Home","item":"https:\/\/saumaustarvike.fi\/verkkokauppa\/"},{"@type":"ListItem","position":2,"name":"Saumausmassat, tarvikkeet ja ty\u00f6kalut","item":"https:\/\/saumaustarvike.fi\/verkkokauppa\/kauppa\/"},{"@type":"ListItem","position":3,"name":"Worksafe Korvatulppa EcoDamp (200pr) Keltainen"}]},{"@type":"WebSite","@id":"https:\/\/saumaustarvike.fi\/verkkokauppa\/#website","url":"https:\/\/saumaustarvike.fi\/verkkokauppa\/","name":"Saumaustarvike.fi","description":"Saumausmassat, tarvikkeet ja ty&ouml;kalut","publisher":{"@id":"https:\/\/saumaustarvike.fi\/verkkokauppa\/#organization"},"potentialAction":[{"@type":"SearchAction","target":{"@type":"EntryPoint","urlTemplate":"https:\/\/saumaustarvike.fi\/verkkokauppa\/?s={search_term_string}"},"query-input":{"@type":"PropertyValueSpecification","valueRequired":true,"valueName":"search_term_string"}}],"inLanguage":"fi"},{"@type":"Organization","@id":"https:\/\/saumaustarvike.fi\/verkkokauppa\/#organization","name":"Saumaustarvike.fi","url":"https:\/\/saumaustarvike.fi\/verkkokauppa\/","logo":{"@type":"ImageObject","inLanguage":"fi","@id":"https:\/\/saumaustarvike.fi\/verkkokauppa\/#\/schema\/logo\/image\/","url":"https:\/\/saumaustarvike.fi\/verkkokauppa\/wp-content\/uploads\/2019\/02\/logo.png","contentUrl":"https:\/\/saumaustarvike.fi\/verkkokauppa\/wp-content\/uploads\/2019\/02\/logo.png","width":806,"height":150,"caption":"Saumaustarvike.fi"},"image":{"@id":"https:\/\/saumaustarvike.fi\/verkkokauppa\/#\/schema\/logo\/image\/"},"sameAs":["https:\/\/www.facebook.com\/Saumalaakso"]}]}},"jetpack_sharing_enabled":true,"_links":{"self":[{"href":"https:\/\/saumaustarvike.fi\/verkkokauppa\/wp-json\/wp\/v2\/product\/9963","targetHints":{"allow":["GET"]}}],"collection":[{"href":"https:\/\/saumaustarvike.fi\/verkkokauppa\/wp-json\/wp\/v2\/product"}],"about":[{"href":"https:\/\/saumaustarvike.fi\/verkkokauppa\/wp-json\/wp\/v2\/types\/product"}],"replies":[{"embeddable":true,"href":"https:\/\/saumaustarvike.fi\/verkkokauppa\/wp-json\/wp\/v2\/comments?post=9963"}],"wp:featuredmedia":[{"embeddable":true,"href":"https:\/\/saumaustarvike.fi\/verkkokauppa\/wp-json\/wp\/v2\/media\/16511"}],"wp:attachment":[{"href":"https:\/\/saumaustarvike.fi\/verkkokauppa\/wp-json\/wp\/v2\/media?parent=9963"}],"wp:term":[{"taxonomy":"product_cat","embeddable":true,"href":"https:\/\/saumaustarvike.fi\/verkkokauppa\/wp-json\/wp\/v2\/product_cat?post=9963"},{"taxonomy":"product_tag","embeddable":true,"href":"https:\/\/saumaustarvike.fi\/verkkokauppa\/wp-json\/wp\/v2\/product_tag?post=9963"}],"curies":[{"name":"wp","href":"https:\/\/api.w.org\/{rel}","templated":true}]}}