{"id":9967,"date":"2016-12-04T21:06:53","date_gmt":"2016-12-04T19:06:53","guid":{"rendered":"https:\/\/saumaustarvike.fi\/verkkokauppa\/kauppa\/tarvikkeet\/peltor-kuulonsuojain-optime-i-h510a-keltainen\/"},"modified":"2024-09-02T15:22:13","modified_gmt":"2024-09-02T12:22:13","slug":"peltor-kuulonsuojain-optime-i-h510a-keltainen","status":"publish","type":"product","link":"https:\/\/saumaustarvike.fi\/verkkokauppa\/kauppa\/tuotemerkit\/uvex-ear-peltor-tuotemerkit\/peltor-suojaimet\/peltor-kuulonsuojain-optime-i-h510a-keltainen\/","title":{"rendered":"Peltor Kuulonsuojain Optime 1 H510A Keltainen"},"content":{"rendered":"<h1>Peltor Kuulonsuojain Optime 1 H510A Keltainen<\/h1>\n<h2>Tuotekuvaus<\/h2>\n<p>3M\u2122 Peltor\u2122 Optime\u2122 1 passiivinen kuulonsuojain H510A P\u00e4\u00e4lakisankamalli. Monipuolinen ja eritt\u00e4in kevyt kuulonsuojain, jota on erinomaisen mukava k\u00e4ytt\u00e4\u00e4. Siin\u00e4 on matala profiili ja runsaasti tilaa kupujen sis\u00e4puolella, mink\u00e4 ansiosta se on helppo yhdist\u00e4\u00e4 muihin suojaimiin tinkim\u00e4tt\u00e4 korvien mukavuudesta.<\/p>\n<h2>Edut<\/h2>\n<ul>\n<li>Modernit, tyylikk\u00e4\u00e4t ja ohuet kuvut<\/li>\n<li>K\u00e4ytt\u00f6mukavuutta parantavat nestet\u00e4ytteiset tiivisterenkaat<\/li>\n<li>Ainutlaatuinen matalaprofiilinen p\u00e4\u00e4lakisanka auttaa yll\u00e4pit\u00e4m\u00e4\u00e4n tasaisen puristuksen ja<\/li>\n<li>siten varmistamaan suojan luotettavuuden.<\/li>\n<li>Sis\u00e4lt\u00e4 tilava kupu auttaa v\u00e4hent\u00e4m\u00e4\u00e4n kosteutta ja kuumuutta.<\/li>\n<li>Pehme\u00e4t, leve\u00e4t tiivisterenkaat v\u00e4hent\u00e4v\u00e4t puristusta korvien ymp\u00e4rill\u00e4 parantaen<\/li>\n<li>k\u00e4ytt\u00f6mukavuutta ja k\u00e4ytett\u00e4vyytt\u00e4.<\/li>\n<li>Helposti vaihdettavien tiivisterenkaiden ja sis\u00e4osien ansiosta suojaimet on helppo pit\u00e4\u00e4<\/li>\n<li>puhtaina.<\/li>\n<li>Vaihtohuput (S-605)<\/li>\n<li>Eritt\u00e4in kustannustehokkaat huput ymp\u00e4rist\u00f6ihin, jossa kulutus on voimakasta.<\/li>\n<li>Ulkoisesti s\u00e4\u00e4dett\u00e4v\u00e4 ilmavirta<\/li>\n<li>Kudottu pehmuste<\/li>\n<\/ul>\n<p>CE<br \/>\nCat II<br \/>\nInfo<br \/>\nEN352-1 SNR:27 H:32 M:25 L:15<\/p>\n","protected":false},"excerpt":{"rendered":"<p>3M\u2122 Peltor\u2122 Optime\u2122 1 passiivinen kuulonsuojain H510A P\u00e4\u00e4lakisankamalli. Monipuolinen ja eritt\u00e4in kevyt kuulonsuojain, jota on erinomaisen mukava k\u00e4ytt\u00e4\u00e4. Siin\u00e4 on matala profiili ja runsaasti tilaa kupujen sis\u00e4puolella, mink\u00e4 ansiosta se on helppo yhdist\u00e4\u00e4 muihin suojaimiin tinkim\u00e4tt\u00e4 korvien mukavuudesta.<\/p>\n","protected":false},"featured_media":16510,"comment_status":"open","ping_status":"closed","template":"","meta":{"_acf_changed":false},"product_cat":[1574,2227],"product_tag":[505,508,1391],"class_list":{"0":"post-9967","1":"product","2":"type-product","3":"status-publish","4":"has-post-thumbnail","6":"product_brand-peltor","7":"product_cat-kuulo-hengitys-silma-ym-suojaimet-ja-kyparat","8":"product_cat-peltor-suojaimet","9":"product_tag-korvatulppa","10":"product_tag-kuulosuojain","11":"product_tag-peltor","13":"first","14":"instock","15":"taxable","16":"shipping-taxable","17":"purchasable","18":"product-type-simple"},"acf":[],"yoast_head":"<!-- This site is optimized with the Yoast SEO plugin v27.3 - https:\/\/yoast.com\/product\/yoast-seo-wordpress\/ -->\n<title>Peltor Kuulonsuojain Optime 1 H510A Keltainen - Saumaustarvike.fi<\/title>\n<meta name=\"description\" content=\"Valmistettu pehme\u00e4st\u00e4, energiaa absorboivasta polymeerivaahtomuovista, jonka kuulonsuojauskyky ja k\u00e4ytt\u00f6mukavuus s\u00e4ilyv\u00e4t erinomaisina koko p\u00e4iv\u00e4n.\" \/>\n<meta name=\"robots\" content=\"index, follow, max-snippet:-1, max-image-preview:large, max-video-preview:-1\" \/>\n<link rel=\"canonical\" href=\"https:\/\/saumaustarvike.fi\/verkkokauppa\/kauppa\/tuotemerkit\/uvex-ear-peltor-tuotemerkit\/peltor-suojaimet\/peltor-kuulonsuojain-optime-i-h510a-keltainen\/\" \/>\n<meta property=\"og:locale\" content=\"fi_FI\" \/>\n<meta property=\"og:type\" content=\"article\" \/>\n<meta property=\"og:title\" content=\"Peltor Kuulonsuojain Optime 1 H510A Keltainen - Saumaustarvike.fi\" \/>\n<meta property=\"og:description\" content=\"Valmistettu pehme\u00e4st\u00e4, energiaa absorboivasta polymeerivaahtomuovista, jonka kuulonsuojauskyky ja k\u00e4ytt\u00f6mukavuus s\u00e4ilyv\u00e4t erinomaisina koko p\u00e4iv\u00e4n.\" \/>\n<meta property=\"og:url\" content=\"https:\/\/saumaustarvike.fi\/verkkokauppa\/kauppa\/tuotemerkit\/uvex-ear-peltor-tuotemerkit\/peltor-suojaimet\/peltor-kuulonsuojain-optime-i-h510a-keltainen\/\" \/>\n<meta property=\"og:site_name\" content=\"Saumaustarvike.fi\" \/>\n<meta property=\"article:publisher\" content=\"https:\/\/www.facebook.com\/Saumalaakso\" \/>\n<meta property=\"article:modified_time\" content=\"2024-09-02T12:22:13+00:00\" \/>\n<meta property=\"og:image\" content=\"https:\/\/saumaustarvike.fi\/verkkokauppa\/content\/uploads\/2016\/12\/Peltor-Kuulonsuojain-Optime-1-H510A-Keltainen-.jpg\" \/>\n\t<meta property=\"og:image:width\" content=\"1000\" \/>\n\t<meta property=\"og:image:height\" content=\"1000\" \/>\n\t<meta property=\"og:image:type\" content=\"image\/jpeg\" \/>\n<meta name=\"twitter:label1\" content=\"Arvioitu lukuaika\" \/>\n\t<meta name=\"twitter:data1\" content=\"1 minuutti\" \/>\n<script type=\"application\/ld+json\" class=\"yoast-schema-graph\">{\"@context\":\"https:\\\/\\\/schema.org\",\"@graph\":[{\"@type\":\"WebPage\",\"@id\":\"https:\\\/\\\/saumaustarvike.fi\\\/verkkokauppa\\\/kauppa\\\/tuotemerkit\\\/uvex-ear-peltor-tuotemerkit\\\/peltor-suojaimet\\\/peltor-kuulonsuojain-optime-i-h510a-keltainen\\\/\",\"url\":\"https:\\\/\\\/saumaustarvike.fi\\\/verkkokauppa\\\/kauppa\\\/tuotemerkit\\\/uvex-ear-peltor-tuotemerkit\\\/peltor-suojaimet\\\/peltor-kuulonsuojain-optime-i-h510a-keltainen\\\/\",\"name\":\"Peltor Kuulonsuojain Optime 1 H510A Keltainen - Saumaustarvike.fi\",\"isPartOf\":{\"@id\":\"https:\\\/\\\/saumaustarvike.fi\\\/verkkokauppa\\\/#website\"},\"primaryImageOfPage\":{\"@id\":\"https:\\\/\\\/saumaustarvike.fi\\\/verkkokauppa\\\/kauppa\\\/tuotemerkit\\\/uvex-ear-peltor-tuotemerkit\\\/peltor-suojaimet\\\/peltor-kuulonsuojain-optime-i-h510a-keltainen\\\/#primaryimage\"},\"image\":{\"@id\":\"https:\\\/\\\/saumaustarvike.fi\\\/verkkokauppa\\\/kauppa\\\/tuotemerkit\\\/uvex-ear-peltor-tuotemerkit\\\/peltor-suojaimet\\\/peltor-kuulonsuojain-optime-i-h510a-keltainen\\\/#primaryimage\"},\"thumbnailUrl\":\"https:\\\/\\\/saumaustarvike.fi\\\/verkkokauppa\\\/wp-content\\\/uploads\\\/2016\\\/12\\\/Peltor-Kuulonsuojain-Optime-1-H510A-Keltainen-.jpg\",\"datePublished\":\"2016-12-04T19:06:53+00:00\",\"dateModified\":\"2024-09-02T12:22:13+00:00\",\"description\":\"Valmistettu pehme\u00e4st\u00e4, energiaa absorboivasta polymeerivaahtomuovista, jonka kuulonsuojauskyky ja k\u00e4ytt\u00f6mukavuus s\u00e4ilyv\u00e4t erinomaisina koko p\u00e4iv\u00e4n.\",\"breadcrumb\":{\"@id\":\"https:\\\/\\\/saumaustarvike.fi\\\/verkkokauppa\\\/kauppa\\\/tuotemerkit\\\/uvex-ear-peltor-tuotemerkit\\\/peltor-suojaimet\\\/peltor-kuulonsuojain-optime-i-h510a-keltainen\\\/#breadcrumb\"},\"inLanguage\":\"fi\",\"potentialAction\":[{\"@type\":\"ReadAction\",\"target\":[\"https:\\\/\\\/saumaustarvike.fi\\\/verkkokauppa\\\/kauppa\\\/tuotemerkit\\\/uvex-ear-peltor-tuotemerkit\\\/peltor-suojaimet\\\/peltor-kuulonsuojain-optime-i-h510a-keltainen\\\/\"]}]},{\"@type\":\"ImageObject\",\"inLanguage\":\"fi\",\"@id\":\"https:\\\/\\\/saumaustarvike.fi\\\/verkkokauppa\\\/kauppa\\\/tuotemerkit\\\/uvex-ear-peltor-tuotemerkit\\\/peltor-suojaimet\\\/peltor-kuulonsuojain-optime-i-h510a-keltainen\\\/#primaryimage\",\"url\":\"https:\\\/\\\/saumaustarvike.fi\\\/verkkokauppa\\\/wp-content\\\/uploads\\\/2016\\\/12\\\/Peltor-Kuulonsuojain-Optime-1-H510A-Keltainen-.jpg\",\"contentUrl\":\"https:\\\/\\\/saumaustarvike.fi\\\/verkkokauppa\\\/wp-content\\\/uploads\\\/2016\\\/12\\\/Peltor-Kuulonsuojain-Optime-1-H510A-Keltainen-.jpg\",\"width\":1000,\"height\":1000},{\"@type\":\"BreadcrumbList\",\"@id\":\"https:\\\/\\\/saumaustarvike.fi\\\/verkkokauppa\\\/kauppa\\\/tuotemerkit\\\/uvex-ear-peltor-tuotemerkit\\\/peltor-suojaimet\\\/peltor-kuulonsuojain-optime-i-h510a-keltainen\\\/#breadcrumb\",\"itemListElement\":[{\"@type\":\"ListItem\",\"position\":1,\"name\":\"Home\",\"item\":\"https:\\\/\\\/saumaustarvike.fi\\\/verkkokauppa\\\/\"},{\"@type\":\"ListItem\",\"position\":2,\"name\":\"Saumausmassat, tarvikkeet ja ty\u00f6kalut\",\"item\":\"https:\\\/\\\/saumaustarvike.fi\\\/verkkokauppa\\\/kauppa\\\/\"},{\"@type\":\"ListItem\",\"position\":3,\"name\":\"Peltor Kuulonsuojain Optime 1 H510A Keltainen\"}]},{\"@type\":\"WebSite\",\"@id\":\"https:\\\/\\\/saumaustarvike.fi\\\/verkkokauppa\\\/#website\",\"url\":\"https:\\\/\\\/saumaustarvike.fi\\\/verkkokauppa\\\/\",\"name\":\"Saumaustarvike.fi\",\"description\":\"Saumausmassat, tarvikkeet ja ty&ouml;kalut\",\"publisher\":{\"@id\":\"https:\\\/\\\/saumaustarvike.fi\\\/verkkokauppa\\\/#organization\"},\"potentialAction\":[{\"@type\":\"SearchAction\",\"target\":{\"@type\":\"EntryPoint\",\"urlTemplate\":\"https:\\\/\\\/saumaustarvike.fi\\\/verkkokauppa\\\/?s={search_term_string}\"},\"query-input\":{\"@type\":\"PropertyValueSpecification\",\"valueRequired\":true,\"valueName\":\"search_term_string\"}}],\"inLanguage\":\"fi\"},{\"@type\":\"Organization\",\"@id\":\"https:\\\/\\\/saumaustarvike.fi\\\/verkkokauppa\\\/#organization\",\"name\":\"Saumaustarvike.fi\",\"url\":\"https:\\\/\\\/saumaustarvike.fi\\\/verkkokauppa\\\/\",\"logo\":{\"@type\":\"ImageObject\",\"inLanguage\":\"fi\",\"@id\":\"https:\\\/\\\/saumaustarvike.fi\\\/verkkokauppa\\\/#\\\/schema\\\/logo\\\/image\\\/\",\"url\":\"https:\\\/\\\/saumaustarvike.fi\\\/verkkokauppa\\\/wp-content\\\/uploads\\\/2019\\\/02\\\/logo.png\",\"contentUrl\":\"https:\\\/\\\/saumaustarvike.fi\\\/verkkokauppa\\\/wp-content\\\/uploads\\\/2019\\\/02\\\/logo.png\",\"width\":806,\"height\":150,\"caption\":\"Saumaustarvike.fi\"},\"image\":{\"@id\":\"https:\\\/\\\/saumaustarvike.fi\\\/verkkokauppa\\\/#\\\/schema\\\/logo\\\/image\\\/\"},\"sameAs\":[\"https:\\\/\\\/www.facebook.com\\\/Saumalaakso\"]}]}<\/script>\n<!-- \/ Yoast SEO plugin. -->","yoast_head_json":{"title":"Peltor Kuulonsuojain Optime 1 H510A Keltainen - Saumaustarvike.fi","description":"Valmistettu pehme\u00e4st\u00e4, energiaa absorboivasta polymeerivaahtomuovista, jonka kuulonsuojauskyky ja k\u00e4ytt\u00f6mukavuus s\u00e4ilyv\u00e4t erinomaisina koko p\u00e4iv\u00e4n.","robots":{"index":"index","follow":"follow","max-snippet":"max-snippet:-1","max-image-preview":"max-image-preview:large","max-video-preview":"max-video-preview:-1"},"canonical":"https:\/\/saumaustarvike.fi\/verkkokauppa\/kauppa\/tuotemerkit\/uvex-ear-peltor-tuotemerkit\/peltor-suojaimet\/peltor-kuulonsuojain-optime-i-h510a-keltainen\/","og_locale":"fi_FI","og_type":"article","og_title":"Peltor Kuulonsuojain Optime 1 H510A Keltainen - Saumaustarvike.fi","og_description":"Valmistettu pehme\u00e4st\u00e4, energiaa absorboivasta polymeerivaahtomuovista, jonka kuulonsuojauskyky ja k\u00e4ytt\u00f6mukavuus s\u00e4ilyv\u00e4t erinomaisina koko p\u00e4iv\u00e4n.","og_url":"https:\/\/saumaustarvike.fi\/verkkokauppa\/kauppa\/tuotemerkit\/uvex-ear-peltor-tuotemerkit\/peltor-suojaimet\/peltor-kuulonsuojain-optime-i-h510a-keltainen\/","og_site_name":"Saumaustarvike.fi","article_publisher":"https:\/\/www.facebook.com\/Saumalaakso","article_modified_time":"2024-09-02T12:22:13+00:00","og_image":[{"width":1000,"height":1000,"url":"https:\/\/saumaustarvike.fi\/verkkokauppa\/content\/uploads\/2016\/12\/Peltor-Kuulonsuojain-Optime-1-H510A-Keltainen-.jpg","type":"image\/jpeg"}],"twitter_misc":{"Arvioitu lukuaika":"1 minuutti"},"schema":{"@context":"https:\/\/schema.org","@graph":[{"@type":"WebPage","@id":"https:\/\/saumaustarvike.fi\/verkkokauppa\/kauppa\/tuotemerkit\/uvex-ear-peltor-tuotemerkit\/peltor-suojaimet\/peltor-kuulonsuojain-optime-i-h510a-keltainen\/","url":"https:\/\/saumaustarvike.fi\/verkkokauppa\/kauppa\/tuotemerkit\/uvex-ear-peltor-tuotemerkit\/peltor-suojaimet\/peltor-kuulonsuojain-optime-i-h510a-keltainen\/","name":"Peltor Kuulonsuojain Optime 1 H510A Keltainen - Saumaustarvike.fi","isPartOf":{"@id":"https:\/\/saumaustarvike.fi\/verkkokauppa\/#website"},"primaryImageOfPage":{"@id":"https:\/\/saumaustarvike.fi\/verkkokauppa\/kauppa\/tuotemerkit\/uvex-ear-peltor-tuotemerkit\/peltor-suojaimet\/peltor-kuulonsuojain-optime-i-h510a-keltainen\/#primaryimage"},"image":{"@id":"https:\/\/saumaustarvike.fi\/verkkokauppa\/kauppa\/tuotemerkit\/uvex-ear-peltor-tuotemerkit\/peltor-suojaimet\/peltor-kuulonsuojain-optime-i-h510a-keltainen\/#primaryimage"},"thumbnailUrl":"https:\/\/saumaustarvike.fi\/verkkokauppa\/wp-content\/uploads\/2016\/12\/Peltor-Kuulonsuojain-Optime-1-H510A-Keltainen-.jpg","datePublished":"2016-12-04T19:06:53+00:00","dateModified":"2024-09-02T12:22:13+00:00","description":"Valmistettu pehme\u00e4st\u00e4, energiaa absorboivasta polymeerivaahtomuovista, jonka kuulonsuojauskyky ja k\u00e4ytt\u00f6mukavuus s\u00e4ilyv\u00e4t erinomaisina koko p\u00e4iv\u00e4n.","breadcrumb":{"@id":"https:\/\/saumaustarvike.fi\/verkkokauppa\/kauppa\/tuotemerkit\/uvex-ear-peltor-tuotemerkit\/peltor-suojaimet\/peltor-kuulonsuojain-optime-i-h510a-keltainen\/#breadcrumb"},"inLanguage":"fi","potentialAction":[{"@type":"ReadAction","target":["https:\/\/saumaustarvike.fi\/verkkokauppa\/kauppa\/tuotemerkit\/uvex-ear-peltor-tuotemerkit\/peltor-suojaimet\/peltor-kuulonsuojain-optime-i-h510a-keltainen\/"]}]},{"@type":"ImageObject","inLanguage":"fi","@id":"https:\/\/saumaustarvike.fi\/verkkokauppa\/kauppa\/tuotemerkit\/uvex-ear-peltor-tuotemerkit\/peltor-suojaimet\/peltor-kuulonsuojain-optime-i-h510a-keltainen\/#primaryimage","url":"https:\/\/saumaustarvike.fi\/verkkokauppa\/wp-content\/uploads\/2016\/12\/Peltor-Kuulonsuojain-Optime-1-H510A-Keltainen-.jpg","contentUrl":"https:\/\/saumaustarvike.fi\/verkkokauppa\/wp-content\/uploads\/2016\/12\/Peltor-Kuulonsuojain-Optime-1-H510A-Keltainen-.jpg","width":1000,"height":1000},{"@type":"BreadcrumbList","@id":"https:\/\/saumaustarvike.fi\/verkkokauppa\/kauppa\/tuotemerkit\/uvex-ear-peltor-tuotemerkit\/peltor-suojaimet\/peltor-kuulonsuojain-optime-i-h510a-keltainen\/#breadcrumb","itemListElement":[{"@type":"ListItem","position":1,"name":"Home","item":"https:\/\/saumaustarvike.fi\/verkkokauppa\/"},{"@type":"ListItem","position":2,"name":"Saumausmassat, tarvikkeet ja ty\u00f6kalut","item":"https:\/\/saumaustarvike.fi\/verkkokauppa\/kauppa\/"},{"@type":"ListItem","position":3,"name":"Peltor Kuulonsuojain Optime 1 H510A Keltainen"}]},{"@type":"WebSite","@id":"https:\/\/saumaustarvike.fi\/verkkokauppa\/#website","url":"https:\/\/saumaustarvike.fi\/verkkokauppa\/","name":"Saumaustarvike.fi","description":"Saumausmassat, tarvikkeet ja ty&ouml;kalut","publisher":{"@id":"https:\/\/saumaustarvike.fi\/verkkokauppa\/#organization"},"potentialAction":[{"@type":"SearchAction","target":{"@type":"EntryPoint","urlTemplate":"https:\/\/saumaustarvike.fi\/verkkokauppa\/?s={search_term_string}"},"query-input":{"@type":"PropertyValueSpecification","valueRequired":true,"valueName":"search_term_string"}}],"inLanguage":"fi"},{"@type":"Organization","@id":"https:\/\/saumaustarvike.fi\/verkkokauppa\/#organization","name":"Saumaustarvike.fi","url":"https:\/\/saumaustarvike.fi\/verkkokauppa\/","logo":{"@type":"ImageObject","inLanguage":"fi","@id":"https:\/\/saumaustarvike.fi\/verkkokauppa\/#\/schema\/logo\/image\/","url":"https:\/\/saumaustarvike.fi\/verkkokauppa\/wp-content\/uploads\/2019\/02\/logo.png","contentUrl":"https:\/\/saumaustarvike.fi\/verkkokauppa\/wp-content\/uploads\/2019\/02\/logo.png","width":806,"height":150,"caption":"Saumaustarvike.fi"},"image":{"@id":"https:\/\/saumaustarvike.fi\/verkkokauppa\/#\/schema\/logo\/image\/"},"sameAs":["https:\/\/www.facebook.com\/Saumalaakso"]}]}},"jetpack_sharing_enabled":true,"_links":{"self":[{"href":"https:\/\/saumaustarvike.fi\/verkkokauppa\/wp-json\/wp\/v2\/product\/9967","targetHints":{"allow":["GET"]}}],"collection":[{"href":"https:\/\/saumaustarvike.fi\/verkkokauppa\/wp-json\/wp\/v2\/product"}],"about":[{"href":"https:\/\/saumaustarvike.fi\/verkkokauppa\/wp-json\/wp\/v2\/types\/product"}],"replies":[{"embeddable":true,"href":"https:\/\/saumaustarvike.fi\/verkkokauppa\/wp-json\/wp\/v2\/comments?post=9967"}],"wp:featuredmedia":[{"embeddable":true,"href":"https:\/\/saumaustarvike.fi\/verkkokauppa\/wp-json\/wp\/v2\/media\/16510"}],"wp:attachment":[{"href":"https:\/\/saumaustarvike.fi\/verkkokauppa\/wp-json\/wp\/v2\/media?parent=9967"}],"wp:term":[{"taxonomy":"product_cat","embeddable":true,"href":"https:\/\/saumaustarvike.fi\/verkkokauppa\/wp-json\/wp\/v2\/product_cat?post=9967"},{"taxonomy":"product_tag","embeddable":true,"href":"https:\/\/saumaustarvike.fi\/verkkokauppa\/wp-json\/wp\/v2\/product_tag?post=9967"}],"curies":[{"name":"wp","href":"https:\/\/api.w.org\/{rel}","templated":true}]}}